{"id":14854,"date":"2025-04-03T09:21:06","date_gmt":"2025-04-03T09:21:06","guid":{"rendered":"https:\/\/esquell.eu\/product\/marteau-pour-bijoux-tete-en-caoutchouc-et-tete-en-plastique-poignee-verte\/"},"modified":"2025-11-08T09:39:42","modified_gmt":"2025-11-08T09:39:42","slug":"marteau-pour-bijoux-tete-en-caoutchouc-et-tete-en-plastique-poignee-verte","status":"publish","type":"product","link":"https:\/\/esquell.eu\/fr\/produit\/marteau-pour-bijoux-tete-en-caoutchouc-et-tete-en-plastique-poignee-verte\/","title":{"rendered":"Marteau pour bijoux t\u00eate en caoutchouc et t\u00eate en plastique Poign\u00e9e verte"},"content":{"rendered":"<p>Marteau pour bijoux avec t\u00eate en caoutchouc souple et t\u00eate en plastique dur.<br \/>\nEmp\u00eache d&rsquo;endommager vos bijoux.<br \/>\nPour modeler des bijoux. Bijoux de bricolage et fabrication de bijoux.<br \/>\nAvec poign\u00e9e en caoutchouc pour une bonne prise en main. <\/p>\n","protected":false},"excerpt":{"rendered":"<p>Marteau pour bijoux avec t\u00eate en caoutchouc souple et t\u00eate en plastique dur<\/p>\n<p>Diam\u00e8tre de la t\u00eate 25 mm<\/p>\n<p>Longueur du marteau 26 cm<\/p>\n<p>Emp\u00eache d&rsquo;endommager vos bijoux.<br \/>\nPour modeler les bijoux.<br \/>\nAvec poign\u00e9e en caoutchouc pour une bonne prise en main.<\/p>\n<p>&nbsp;<\/p>\n","protected":false},"featured_media":4380,"comment_status":"closed","ping_status":"closed","template":"","meta":{"_acf_changed":false,"_seopress_robots_primary_cat":"none","_seopress_titles_title":"","_seopress_titles_desc":"","_seopress_robots_index":""},"more":[],"product_brand":[6398],"product_cat":[10216,7396],"product_tag":[6638,6388,6473,6404,6390,6405,9966,13236,6372,6642,6409,6738,7871,6374,6798,10110,10141,8241,6801,6369,10150,10143,13232,13245,13230,13247,13234,13246,7695,6652,6399,7405,6726,7029,10131,6805,10139,11204,6803,6408,6807],"class_list":{"0":"post-14854","1":"product","2":"type-product","3":"status-publish","4":"has-post-thumbnail","6":"product_brand-l1","7":"product_cat-metal","8":"product_cat-outils-pour-anneaux","9":"product_tag-anneaux","10":"product_tag-argile","11":"product_tag-argile-2","12":"product_tag-argile-argentee","13":"product_tag-argile-metallique-2","14":"product_tag-artclay","15":"product_tag-artisanat","16":"product_tag-artisanat-2","17":"product_tag-bijoux","18":"product_tag-bijoux-2","19":"product_tag-bricolage","20":"product_tag-cool","21":"product_tag-creatif","22":"product_tag-faire","23":"product_tag-faire-2","24":"product_tag-fait","25":"product_tag-fait-a-la-main","26":"product_tag-hobby","27":"product_tag-il","28":"product_tag-largent","29":"product_tag-les","30":"product_tag-main","31":"product_tag-marteau","32":"product_tag-marteau-2","33":"product_tag-marteau-de-travail","34":"product_tag-marteau-de-travail-2","35":"product_tag-marteau-pour-bijoux","36":"product_tag-marteau-pour-bijoux-2","37":"product_tag-modelisation-2","38":"product_tag-orfevres","39":"product_tag-outil","40":"product_tag-outil-2","41":"product_tag-outils-2","42":"product_tag-pmc","43":"product_tag-precieux","44":"product_tag-soi","45":"product_tag-unique","46":"product_tag-visiter","47":"product_tag-votre","48":"product_tag-vous","49":"product_tag-vous-2","50":"product_shipping_class-standard","52":"first","53":"instock","54":"taxable","55":"shipping-taxable","56":"purchasable","57":"product-type-simple"},"acf":[],"_links":{"self":[{"href":"https:\/\/esquell.eu\/fr\/wp-json\/wp\/v2\/product\/14854","targetHints":{"allow":["GET"]}}],"collection":[{"href":"https:\/\/esquell.eu\/fr\/wp-json\/wp\/v2\/product"}],"about":[{"href":"https:\/\/esquell.eu\/fr\/wp-json\/wp\/v2\/types\/product"}],"replies":[{"embeddable":true,"href":"https:\/\/esquell.eu\/fr\/wp-json\/wp\/v2\/comments?post=14854"}],"wp:featuredmedia":[{"embeddable":true,"href":"https:\/\/esquell.eu\/fr\/wp-json\/wp\/v2\/media\/4380"}],"wp:attachment":[{"href":"https:\/\/esquell.eu\/fr\/wp-json\/wp\/v2\/media?parent=14854"}],"wp:term":[{"taxonomy":"more","embeddable":true,"href":"https:\/\/esquell.eu\/fr\/wp-json\/wp\/v2\/more?post=14854"},{"taxonomy":"product_brand","embeddable":true,"href":"https:\/\/esquell.eu\/fr\/wp-json\/wp\/v2\/product_brand?post=14854"},{"taxonomy":"product_cat","embeddable":true,"href":"https:\/\/esquell.eu\/fr\/wp-json\/wp\/v2\/product_cat?post=14854"},{"taxonomy":"product_tag","embeddable":true,"href":"https:\/\/esquell.eu\/fr\/wp-json\/wp\/v2\/product_tag?post=14854"}],"curies":[{"name":"wp","href":"https:\/\/api.w.org\/{rel}","templated":true}]}}