{"id":14845,"date":"2025-04-03T09:21:06","date_gmt":"2025-04-03T09:21:06","guid":{"rendered":"https:\/\/esquell.eu\/product\/plan-de-travail-en-teflon-xxl-225225-cm\/"},"modified":"2025-11-08T19:55:40","modified_gmt":"2025-11-08T19:55:40","slug":"plan-de-travail-en-teflon-xxl-225225-cm","status":"publish","type":"product","link":"https:\/\/esquell.eu\/fr\/produit\/plan-de-travail-en-teflon-xxl-225225-cm\/","title":{"rendered":"Plan de travail en t\u00e9flon XXL 22,5*22,5 cm"},"content":{"rendered":"<p>Surface de travail r\u00e9sistante \u00e0 la chaleur.22.5*22.5cm<\/p>\n<p>T\u00e9flon extra \u00e9pais et robuste<\/p>\n<p>Plus besoin d&rsquo;un autre tapis de travail<\/p>\n","protected":false},"excerpt":{"rendered":"<p>Surface de travail r\u00e9sistante \u00e0 la chaleur.22.5*22.5cm<\/p>\n<p>T\u00e9flon extra \u00e9pais et robuste<\/p>\n<p>Plus besoin d&rsquo;un autre tapis de travail<\/p>\n","protected":false},"featured_media":7591,"comment_status":"closed","ping_status":"closed","template":"","meta":{"_acf_changed":false,"_seopress_robots_primary_cat":"none","_seopress_titles_title":"","_seopress_titles_desc":"","_seopress_robots_index":""},"more":[],"product_brand":[10819],"product_cat":[7504,6364,7412],"product_tag":[6388,6741,6404,6378,6658,11642,6815,13231,6816,13235,7506,13233,13122,13239,21498,13238,17079,21499,13237],"class_list":{"0":"post-14845","1":"product","2":"type-product","3":"status-publish","4":"has-post-thumbnail","6":"product_brand-div","7":"product_cat-argile","8":"product_cat-materiel-supplementaire","9":"product_cat-outils-de-base","10":"product_tag-argile","11":"product_tag-argile-3","12":"product_tag-argile-argentee","13":"product_tag-argile-metallique","14":"product_tag-bijoux-en-argile","15":"product_tag-chaleur-2","16":"product_tag-fimo","17":"product_tag-mat-2","18":"product_tag-pate-polymere","19":"product_tag-plan-de-travail","20":"product_tag-pour","21":"product_tag-resistant","22":"product_tag-resistant-a-la-chaleur","23":"product_tag-tapis-dargile","24":"product_tag-tapis-dargile-2","25":"product_tag-tapis-de-travail","26":"product_tag-tapis-de-travail-2","27":"product_tag-tapis-de-travail-3","28":"product_tag-teflon","29":"product_shipping_class-standard","31":"first","32":"instock","33":"taxable","34":"shipping-taxable","35":"purchasable","36":"product-type-simple"},"acf":[],"_links":{"self":[{"href":"https:\/\/esquell.eu\/fr\/wp-json\/wp\/v2\/product\/14845","targetHints":{"allow":["GET"]}}],"collection":[{"href":"https:\/\/esquell.eu\/fr\/wp-json\/wp\/v2\/product"}],"about":[{"href":"https:\/\/esquell.eu\/fr\/wp-json\/wp\/v2\/types\/product"}],"replies":[{"embeddable":true,"href":"https:\/\/esquell.eu\/fr\/wp-json\/wp\/v2\/comments?post=14845"}],"wp:featuredmedia":[{"embeddable":true,"href":"https:\/\/esquell.eu\/fr\/wp-json\/wp\/v2\/media\/7591"}],"wp:attachment":[{"href":"https:\/\/esquell.eu\/fr\/wp-json\/wp\/v2\/media?parent=14845"}],"wp:term":[{"taxonomy":"more","embeddable":true,"href":"https:\/\/esquell.eu\/fr\/wp-json\/wp\/v2\/more?post=14845"},{"taxonomy":"product_brand","embeddable":true,"href":"https:\/\/esquell.eu\/fr\/wp-json\/wp\/v2\/product_brand?post=14845"},{"taxonomy":"product_cat","embeddable":true,"href":"https:\/\/esquell.eu\/fr\/wp-json\/wp\/v2\/product_cat?post=14845"},{"taxonomy":"product_tag","embeddable":true,"href":"https:\/\/esquell.eu\/fr\/wp-json\/wp\/v2\/product_tag?post=14845"}],"curies":[{"name":"wp","href":"https:\/\/api.w.org\/{rel}","templated":true}]}}