{"id":14707,"date":"2025-10-29T13:27:50","date_gmt":"2025-10-29T13:27:50","guid":{"rendered":"https:\/\/esquell.eu\/product\/pate-a-braser-argentee-facile-contenu-de-la-division\/"},"modified":"2026-02-14T10:03:08","modified_gmt":"2026-02-14T10:03:08","slug":"pate-a-braser-argentee-facile-contenu-de-la-division","status":"publish","type":"product","link":"https:\/\/esquell.eu\/fr\/produit\/pate-a-braser-argentee-facile-contenu-de-la-division\/","title":{"rendered":"P\u00e2te \u00e0 braser argent\u00e9e facile. Contenu de la division"},"content":{"rendered":"<p>p\u00e2te \u00e0 braser argent\u00e9e facile<\/p>\n<p>Cette p\u00e2te \u00e0 braser atteint rapidement la temp\u00e9rature de fusion, r\u00e9duisant ainsi les dommages caus\u00e9s par la chaleur.<\/p>\n<p>Temp\u00e9rature de fusion 671, \u00e9coulement 718 degr\u00e9s celsius<\/p>\n<p>Sans plomb ni cadmium.<\/p>\n<p>&nbsp;<\/p>\n","protected":false},"excerpt":{"rendered":"<p>La combinaison de la soudure et du flux \u00e9vite d&rsquo;avoir trop ou pas assez de flux.<\/p>\n<p>Cette soudure en p\u00e2te atteint rapidement la temp\u00e9rature de fusion, r\u00e9duisant ainsi les dommages caus\u00e9s par la chaleur.<\/p>\n<p>Temp\u00e9rature de fusion 690, \u00e9coulement 738 degr\u00e9s Celsius<\/p>\n<p>Sans plomb ni cadmium.<\/p>\n<p>&nbsp;<\/p>\n","protected":false},"featured_media":14735,"comment_status":"closed","ping_status":"closed","template":"","meta":{"_acf_changed":false,"_seopress_robots_primary_cat":"none","_seopress_titles_title":"","_seopress_titles_desc":"","_seopress_robots_index":""},"more":[],"product_brand":[6736],"product_cat":[10058],"product_tag":[13161,6470,6477,6476,6645,8048,13154,6646,6397,7761,7024,6960,7016,6923,7098,6638,6931,6388,6473,6404,6571,6378,6405,6565,6393,6372,6402,6641,7814,6958,8735,6389,6796,6792,12603,6409,7770,6579,6794,6962,6649,8282,8224,8226,10661,13165,11757,6655,7038,6647,7043,8289,6374,6798,13164,6653,6933,6651,7659,7662,6801,8433,6369,6550,6472,6930,10150,7042,8363,7851,13163,11024,10122,6661,8901,7313,10082,6652,7353,6643,7405,6636,6657,8165,6391,6665,7092,7029,6471,7035,6925,6407,6805,6964,8078,6663,13158,11204,6803,6408,6807,7032],"class_list":{"0":"post-14707","1":"product","2":"type-product","3":"status-publish","4":"has-post-thumbnail","6":"product_brand-des-outils-sympas","7":"product_cat-soudure","8":"product_tag-650-degres-celsius","9":"product_tag-6470","10":"product_tag-6477","11":"product_tag-6476","12":"product_tag-a","13":"product_tag-a-vendre","14":"product_tag-a-vendre-3","15":"product_tag-acheter","16":"product_tag-allemagne","17":"product_tag-allemagne-2","18":"product_tag-almere","19":"product_tag-amende","20":"product_tag-amende-2","21":"product_tag-amsterdam","22":"product_tag-anneau","23":"product_tag-anneaux","24":"product_tag-anvers","25":"product_tag-argile","26":"product_tag-argile-2","27":"product_tag-argile-argentee","28":"product_tag-argile-argentee-2","29":"product_tag-argile-metallique","30":"product_tag-artclay","31":"product_tag-atelier","32":"product_tag-belgique","33":"product_tag-bijoux","34":"product_tag-bon-marche","35":"product_tag-boucles-doreilles","36":"product_tag-boucles-doreilles-2","37":"product_tag-boutique","38":"product_tag-boutique-2","39":"product_tag-boutique-en-ligne","40":"product_tag-boutique-en-ligne-2","41":"product_tag-bracelet","42":"product_tag-bracelet-2","43":"product_tag-bricolage","44":"product_tag-camps","45":"product_tag-certifie","46":"product_tag-chaine","47":"product_tag-collier","48":"product_tag-commande","49":"product_tag-comment","50":"product_tag-conseils","51":"product_tag-cours","52":"product_tag-degres","53":"product_tag-doit","54":"product_tag-doux","55":"product_tag-drenthe","56":"product_tag-eindhoven","57":"product_tag-en-ligne","58":"product_tag-enschede","59":"product_tag-explication","60":"product_tag-faire","61":"product_tag-faire-2","62":"product_tag-fr-artclaysilvershop","63":"product_tag-frise","64":"product_tag-gentilhomme","65":"product_tag-groningue","66":"product_tag-hollande-du-nord","67":"product_tag-hollande-du-sud","68":"product_tag-il","69":"product_tag-kits-de-demarrage","70":"product_tag-largent","71":"product_tag-largent-2","72":"product_tag-lart","73":"product_tag-leeuwarden","74":"product_tag-les","75":"product_tag-maastricht","76":"product_tag-manchette","77":"product_tag-manuel","78":"product_tag-mat","79":"product_tag-materiaux","80":"product_tag-moi","81":"product_tag-nord","82":"product_tag-oreillettes","83":"product_tag-orfevre-2","84":"product_tag-orfevre-3","85":"product_tag-orfevres","86":"product_tag-orfevres-3","87":"product_tag-ou","88":"product_tag-outil-2","89":"product_tag-outils","90":"product_tag-overijssel","91":"product_tag-pates","92":"product_tag-pays-bas","93":"product_tag-pays-bas-2","94":"product_tag-pendentif-2","95":"product_tag-pmc","96":"product_tag-recycle","97":"product_tag-recycle-2","98":"product_tag-rotterdam","99":"product_tag-silverclay-co-uk","100":"product_tag-soi","101":"product_tag-sollid","102":"product_tag-soudure","103":"product_tag-sud","104":"product_tag-supplementaire","105":"product_tag-visiter","106":"product_tag-votre","107":"product_tag-vous","108":"product_tag-vous-2","109":"product_tag-zwolle","110":"product_shipping_class-standard","111":"pa_gram-147-grammes","112":"pa_gram-7-grammes","114":"first","115":"instock","116":"taxable","117":"shipping-taxable","118":"purchasable","119":"product-type-variable"},"acf":[],"_links":{"self":[{"href":"https:\/\/esquell.eu\/fr\/wp-json\/wp\/v2\/product\/14707","targetHints":{"allow":["GET"]}}],"collection":[{"href":"https:\/\/esquell.eu\/fr\/wp-json\/wp\/v2\/product"}],"about":[{"href":"https:\/\/esquell.eu\/fr\/wp-json\/wp\/v2\/types\/product"}],"replies":[{"embeddable":true,"href":"https:\/\/esquell.eu\/fr\/wp-json\/wp\/v2\/comments?post=14707"}],"wp:featuredmedia":[{"embeddable":true,"href":"https:\/\/esquell.eu\/fr\/wp-json\/wp\/v2\/media\/14735"}],"wp:attachment":[{"href":"https:\/\/esquell.eu\/fr\/wp-json\/wp\/v2\/media?parent=14707"}],"wp:term":[{"taxonomy":"more","embeddable":true,"href":"https:\/\/esquell.eu\/fr\/wp-json\/wp\/v2\/more?post=14707"},{"taxonomy":"product_brand","embeddable":true,"href":"https:\/\/esquell.eu\/fr\/wp-json\/wp\/v2\/product_brand?post=14707"},{"taxonomy":"product_cat","embeddable":true,"href":"https:\/\/esquell.eu\/fr\/wp-json\/wp\/v2\/product_cat?post=14707"},{"taxonomy":"product_tag","embeddable":true,"href":"https:\/\/esquell.eu\/fr\/wp-json\/wp\/v2\/product_tag?post=14707"}],"curies":[{"name":"wp","href":"https:\/\/api.w.org\/{rel}","templated":true}]}}