{"id":14644,"date":"2025-04-03T09:11:05","date_gmt":"2025-04-03T09:11:05","guid":{"rendered":"https:\/\/esquell.eu\/product\/art-clay-papier-dargent-7575mm-10-grammes-za-105\/"},"modified":"2026-01-10T17:04:50","modified_gmt":"2026-01-10T17:04:50","slug":"art-clay-papier-dargent-7575mm-10-grammes-za-105","status":"publish","type":"product","link":"https:\/\/esquell.eu\/fr\/produit\/art-clay-papier-dargent-7575mm-10-grammes-za-105\/","title":{"rendered":"Art Clay papier d&rsquo;argent 75*75mm 10 grammes (ZA-105)"},"content":{"rendered":"<p>Une tr\u00e8s fine feuille d&rsquo;argile argent\u00e9e qui est \u00e9ditable comme du papier. Vous pouvez donc la plier, la couper ou la travailler avec des poin\u00e7ons. N&rsquo;ajoutez pas trop d&rsquo;humidit\u00e9 lorsque vous travaillez avec ce papier, car cela le rendrait mou et lui ferait perdre sa structure. Laissez le travail effectu\u00e9 s\u00e9cher \u00e0 l&rsquo;air libre pendant une journ\u00e9e, puis faites-le cuire \u00e0 800\u00b0C pendant 30 minutes. Le papier ACS ne peut pas \u00eatre cuit sur une gazini\u00e8re ou avec un br\u00fbleur.<br \/>\nDimensions 75 x 75mm.    <\/p>\n","protected":false},"excerpt":{"rendered":"<p>Une tr\u00e8s fine feuille d&rsquo;argile argent\u00e9e qui est \u00e9ditable comme du papier. Vous pouvez donc la plier, la couper ou la travailler avec des poin\u00e7ons. N&rsquo;ajoutez pas trop d&rsquo;humidit\u00e9 lorsque vous travaillez avec ce papier, car cela le rendrait mou et lui ferait perdre sa structure. Laissez le travail effectu\u00e9 s\u00e9cher \u00e0 l&rsquo;air libre pendant une journ\u00e9e, puis faites-le cuire \u00e0 800\u00b0C pendant 30 minutes. Le papier ACS ne peut pas \u00eatre cuit sur une gazini\u00e8re ou avec un br\u00fbleur.<br \/>\nDimensions 75 x 75mm.    <\/p>\n","protected":false},"featured_media":14646,"comment_status":"closed","ping_status":"closed","template":"","meta":{"_acf_changed":false,"_seopress_robots_primary_cat":"none","_seopress_titles_title":"","_seopress_titles_desc":"","_seopress_robots_index":""},"more":[],"product_brand":[6382],"product_cat":[6427],"product_tag":[6755,13005,13006,6473,6404,6378,6390,6405,6376,6480,6479,12390,6481,6747,6634,6472,6478,7398,6475,6474,6428,7029,6407],"class_list":{"0":"post-14644","1":"product","2":"type-product","3":"status-publish","4":"has-post-thumbnail","6":"product_brand-acs","7":"product_cat-argile-dargent-art-clay-silver","8":"product_tag-6755","9":"product_tag-10g","10":"product_tag-75mm","11":"product_tag-argile-2","12":"product_tag-argile-argentee","13":"product_tag-argile-metallique","14":"product_tag-argile-metallique-2","15":"product_tag-artclay","16":"product_tag-artclaysilver","17":"product_tag-boites-de-composition","18":"product_tag-collerettes","19":"product_tag-fil-de-reglage","20":"product_tag-galets","21":"product_tag-gramme","22":"product_tag-largent-3","23":"product_tag-lart","24":"product_tag-lunette","25":"product_tag-mettre","26":"product_tag-papier","27":"product_tag-papier-argile-argente","28":"product_tag-pierre","29":"product_tag-pmc","30":"product_tag-silverclay-co-uk","31":"product_shipping_class-standard","33":"first","34":"instock","35":"taxable","36":"shipping-taxable","37":"purchasable","38":"product-type-simple"},"acf":[],"_links":{"self":[{"href":"https:\/\/esquell.eu\/fr\/wp-json\/wp\/v2\/product\/14644","targetHints":{"allow":["GET"]}}],"collection":[{"href":"https:\/\/esquell.eu\/fr\/wp-json\/wp\/v2\/product"}],"about":[{"href":"https:\/\/esquell.eu\/fr\/wp-json\/wp\/v2\/types\/product"}],"replies":[{"embeddable":true,"href":"https:\/\/esquell.eu\/fr\/wp-json\/wp\/v2\/comments?post=14644"}],"wp:featuredmedia":[{"embeddable":true,"href":"https:\/\/esquell.eu\/fr\/wp-json\/wp\/v2\/media\/14646"}],"wp:attachment":[{"href":"https:\/\/esquell.eu\/fr\/wp-json\/wp\/v2\/media?parent=14644"}],"wp:term":[{"taxonomy":"more","embeddable":true,"href":"https:\/\/esquell.eu\/fr\/wp-json\/wp\/v2\/more?post=14644"},{"taxonomy":"product_brand","embeddable":true,"href":"https:\/\/esquell.eu\/fr\/wp-json\/wp\/v2\/product_brand?post=14644"},{"taxonomy":"product_cat","embeddable":true,"href":"https:\/\/esquell.eu\/fr\/wp-json\/wp\/v2\/product_cat?post=14644"},{"taxonomy":"product_tag","embeddable":true,"href":"https:\/\/esquell.eu\/fr\/wp-json\/wp\/v2\/product_tag?post=14644"}],"curies":[{"name":"wp","href":"https:\/\/api.w.org\/{rel}","templated":true}]}}