{"id":14606,"date":"2025-04-03T09:11:34","date_gmt":"2025-04-03T09:11:34","guid":{"rendered":"https:\/\/esquell.eu\/product\/charbon-actif-charbon-actif-1-kg-acs\/"},"modified":"2026-02-14T10:37:25","modified_gmt":"2026-02-14T10:37:25","slug":"charbon-actif-charbon-actif-1-kg-acs","status":"publish","type":"product","link":"https:\/\/esquell.eu\/fr\/produit\/charbon-actif-charbon-actif-1-kg-acs\/","title":{"rendered":"Charbon actif, charbon actif 1 kg ACS"},"content":{"rendered":"<p>Le charbon actif est fabriqu\u00e9 \u00e0 partir de coquilles de noix de coco. Le charbon r\u00e9duit l&rsquo;oxyg\u00e8ne pendant le processus de cuisson et contrecarre ainsi la d\u00e9coloration du cuivre et du bronze. Comme tr\u00e8s peu d&rsquo;oxyg\u00e8ne atteint les bijoux, ceux-ci ne s&rsquo;oxydent pas.  <\/p>\n<p>Utilisez le charbon actif dans un r\u00e9cipient en acier inoxydable muni d&rsquo;un couvercle. Vous trouverez diff\u00e9rentes tailles dans le magasin. <\/p>\n<p>&nbsp;<\/p>\n<p>Pour les professionnels 7 :<\/p>\n<p><a href=\"https:\/\/esquell.eu\/fr\/produit\/recipient-en-acier-inoxydable-avec-couvercle-de-grande-taille-pour-les-fours-prometheus-pro-7\/\">R\u00e9cipient en acier inoxydable avec couvercle. De grande taille. Pour les fours Prometheus\u00ae Pro-7.   &#8211; Esquell.eu<\/a><\/p>\n<p>Pour Pro 1 et Pro 7<\/p>\n<p>Bo\u00eete ronde :<\/p>\n<p><a href=\"https:\/\/esquell.eu\/fr\/produit\/petite-boite-en-acier-avec-couvercle-pour-four-a-argile-9cm-6cm-d-0033\/\">Petite bo\u00eete en acier avec couvercle pour four \u00e0 argile. 9cm,* 6cm. (D-0033) &#8211; Esquell.eu<\/a><\/p>\n<p>Bo\u00eete rectangulaire :<\/p>\n<p><a href=\"https:\/\/esquell.eu\/fr\/produit\/boite-en-acier-rectangle-convient-au-four-prometheus-pro-1-8645-cm-d-0032\/\">Bo\u00eete en acier rectangle Convient au four Prometheus Pro 1. 8*6*4,5 cm (D-0032) &#8211; Esquell.eu <\/a><\/p>\n","protected":false},"excerpt":{"rendered":"<p>Le charbon actif est fabriqu\u00e9 \u00e0 partir de coquilles de noix de coco. Le charbon r\u00e9duit l&rsquo;oxyg\u00e8ne pendant le processus de cuisson et contrecarre ainsi la d\u00e9coloration du cuivre et du bronze. Comme tr\u00e8s peu d&rsquo;oxyg\u00e8ne atteint les bijoux, ceux-ci ne s&rsquo;oxydent pas.  <\/p>\n<p>Utilisez le charbon actif dans un r\u00e9cipient en acier inoxydable muni d&rsquo;un couvercle. Dans la <a href=\"?ObjectPath=\/Shops\/83636376\/Categories\/%22UITLEG%20EN%20VOORBEELDEN%20ARTCLAY%22\">base de connaissances<\/a>, vous trouverez des explications d\u00e9taill\u00e9es sur les diff\u00e9rentes m\u00e9thodes de cuisson de l&rsquo;argile \u00e0 cuivre et \u00e0 bronze. <\/p>\n<h2><\/h2>\n","protected":false},"featured_media":14610,"comment_status":"closed","ping_status":"closed","template":"","meta":{"_acf_changed":false,"_seopress_robots_primary_cat":"none","_seopress_titles_title":"","_seopress_titles_desc":"","_seopress_robots_index":""},"more":[],"product_brand":[6521],"product_cat":[9823,6364],"product_tag":[6645,7760,6939,6646,6847,12841,7024,12947,6923,6638,6931,6420,7028,6947,6393,12949,6372,6642,12856,12858,12945,21472,6641,6389,6796,7116,6716,6412,6528,7544,11406,6935,7770,12845,12848,12843,12868,12854,7778,9056,12852,8641,6650,7114,12850,8616,8803,12860,11150,7776,8503,12882,12878,8509,6647,11149,6724,12866,6374,8644,11385,6933,11152,6712,6651,9069,12870,7121,7026,12876,12862,9063,6640,9049,12874,7040,12881,7034,7051,6643,11151,6391,6774,6710,7094,12948,12864,6925,6943,6407,12884,11984,8647,10872,12880,7764,6787,10308,12883,11148,12872,8813,7032],"class_list":{"0":"post-14606","1":"product","2":"type-product","3":"status-publish","4":"has-post-thumbnail","6":"product_brand-promethee","7":"product_cat-bake-off","8":"product_cat-materiel-supplementaire","9":"product_tag-a","10":"product_tag-achats-2","11":"product_tag-acheter-2","12":"product_tag-acheter","13":"product_tag-acier-inoxydable","14":"product_tag-actif","15":"product_tag-almere","16":"product_tag-alphen-aan-den-rijn","17":"product_tag-amsterdam","18":"product_tag-anneaux","19":"product_tag-anvers","20":"product_tag-argile-bronze","21":"product_tag-argile-cuivreuse","22":"product_tag-arnhem","23":"product_tag-belgique","24":"product_tag-beverwijk","25":"product_tag-bijoux","26":"product_tag-bijoux-2","27":"product_tag-bijoux-en-argent-5","28":"product_tag-bijoux-en-bronze-2","29":"product_tag-bijoux-en-bronze-3","30":"product_tag-bijoux-en-bronze-5","31":"product_tag-boucles-doreilles","32":"product_tag-boutique-en-ligne","33":"product_tag-boutique-en-ligne-2","34":"product_tag-breloques-2","35":"product_tag-breloques","36":"product_tag-bronze","37":"product_tag-bronze-2","38":"product_tag-bronze-malleable","39":"product_tag-bruleur-a-gaz","40":"product_tag-bruxelles","41":"product_tag-camps","42":"product_tag-carbone","43":"product_tag-charbon-de-bois-2","44":"product_tag-chou-actif","45":"product_tag-collant-2","46":"product_tag-commander-faire-des-achats","47":"product_tag-corne","48":"product_tag-courtrai","49":"product_tag-couvercle","50":"product_tag-cuisson","51":"product_tag-cuivre","52":"product_tag-cuivre-malleable","53":"product_tag-cuvette","54":"product_tag-deventer","55":"product_tag-doetinchem","56":"product_tag-dokkum","57":"product_tag-dombourg","58":"product_tag-drachten","59":"product_tag-dronten","60":"product_tag-dunkerque","61":"product_tag-eeklo","62":"product_tag-emmeloord","63":"product_tag-en-ligne","64":"product_tag-enkhuizen","65":"product_tag-envoyer","66":"product_tag-epe","67":"product_tag-faire","68":"product_tag-four","69":"product_tag-four-2","70":"product_tag-gentilhomme","71":"product_tag-gouda","72":"product_tag-gratuit","73":"product_tag-groningue","74":"product_tag-haarlem","75":"product_tag-kalkar","76":"product_tag-la-haye","77":"product_tag-lelystad","78":"product_tag-leuven","79":"product_tag-leuwrden","80":"product_tag-lokeren","81":"product_tag-maison","82":"product_tag-malines","83":"product_tag-marque-2","84":"product_tag-middelburg","85":"product_tag-middelkerke","86":"product_tag-nijmegen","87":"product_tag-oss","88":"product_tag-ou","89":"product_tag-ouddorp","90":"product_tag-pays-bas","91":"product_tag-pendentif","92":"product_tag-pendentifs","93":"product_tag-pont","94":"product_tag-purmerend","95":"product_tag-roden","96":"product_tag-rotterdam","97":"product_tag-scheveningen","98":"product_tag-silverclay-co-uk","99":"product_tag-spijkernisse","100":"product_tag-terneuzen","101":"product_tag-torche","102":"product_tag-torche-a-main","103":"product_tag-torhout","104":"product_tag-urk","105":"product_tag-utrecht","106":"product_tag-va","107":"product_tag-veere","108":"product_tag-veghel","109":"product_tag-vollenhoven","110":"product_tag-wageningen","111":"product_tag-zwolle","112":"product_shipping_class-standard","114":"first","115":"instock","116":"taxable","117":"shipping-taxable","118":"purchasable","119":"product-type-simple"},"acf":[],"_links":{"self":[{"href":"https:\/\/esquell.eu\/fr\/wp-json\/wp\/v2\/product\/14606","targetHints":{"allow":["GET"]}}],"collection":[{"href":"https:\/\/esquell.eu\/fr\/wp-json\/wp\/v2\/product"}],"about":[{"href":"https:\/\/esquell.eu\/fr\/wp-json\/wp\/v2\/types\/product"}],"replies":[{"embeddable":true,"href":"https:\/\/esquell.eu\/fr\/wp-json\/wp\/v2\/comments?post=14606"}],"wp:featuredmedia":[{"embeddable":true,"href":"https:\/\/esquell.eu\/fr\/wp-json\/wp\/v2\/media\/14610"}],"wp:attachment":[{"href":"https:\/\/esquell.eu\/fr\/wp-json\/wp\/v2\/media?parent=14606"}],"wp:term":[{"taxonomy":"more","embeddable":true,"href":"https:\/\/esquell.eu\/fr\/wp-json\/wp\/v2\/more?post=14606"},{"taxonomy":"product_brand","embeddable":true,"href":"https:\/\/esquell.eu\/fr\/wp-json\/wp\/v2\/product_brand?post=14606"},{"taxonomy":"product_cat","embeddable":true,"href":"https:\/\/esquell.eu\/fr\/wp-json\/wp\/v2\/product_cat?post=14606"},{"taxonomy":"product_tag","embeddable":true,"href":"https:\/\/esquell.eu\/fr\/wp-json\/wp\/v2\/product_tag?post=14606"}],"curies":[{"name":"wp","href":"https:\/\/api.w.org\/{rel}","templated":true}]}}