{"id":14600,"date":"2025-04-03T09:12:28","date_gmt":"2025-04-03T09:12:28","guid":{"rendered":"https:\/\/esquell.eu\/product\/kit-de-bricolage-bague-en-argent-avec-zircon-pour-les-debutants\/"},"modified":"2026-02-06T09:53:32","modified_gmt":"2026-02-06T09:53:32","slug":"kit-de-bricolage-bague-en-argent-avec-zircon-pour-les-debutants","status":"publish","type":"product","link":"https:\/\/esquell.eu\/fr\/produit\/kit-de-bricolage-bague-en-argent-avec-zircon-pour-les-debutants\/","title":{"rendered":"Kit de bricolage Bague en argent avec zircon. Pour les d\u00e9butants"},"content":{"rendered":"<p>L&#8217;emballage contient tout ce dont vous avez besoin pour fabriquer cette bague en argent tr\u00e8s tendance.<\/p>\n<p>Y compris :<\/p>\n<ul>\n<li>Outils<\/li>\n<li>Argile argent\u00e9e<\/li>\n<li>Manuel,<\/li>\n<li>Zirconias<\/li>\n<\/ul>\n<p>Le paquet a \u00e9t\u00e9 d\u00e9velopp\u00e9 \/ le manuel a \u00e9t\u00e9 r\u00e9dig\u00e9 par un instructeur certifi\u00e9.<\/p>\n","protected":false},"excerpt":{"rendered":"<p>L&#8217;emballage contient tout ce dont vous avez besoin pour fabriquer cette bague en argent tr\u00e8s tendance.<\/p>\n<p>Y compris :<\/p>\n<ul>\n<li>Outils<\/li>\n<li>Argile argent\u00e9e<\/li>\n<li>Manuel,<\/li>\n<li>Zirconias<\/li>\n<\/ul>\n<p>&nbsp;<\/p>\n<p>Le paquet a \u00e9t\u00e9 d\u00e9velopp\u00e9 \/ le manuel a \u00e9t\u00e9 r\u00e9dig\u00e9 par un instructeur certifi\u00e9.<\/p>\n","protected":false},"featured_media":14603,"comment_status":"closed","ping_status":"closed","template":"","meta":{"_acf_changed":false,"_seopress_robots_primary_cat":"none","_seopress_titles_title":"","_seopress_titles_desc":"","_seopress_robots_index":""},"more":[],"product_brand":[10819],"product_cat":[7393,6809],"product_tag":[6470,6476,12832,7098,12829,6638,12830,6404,7500,6658,6409,6374,6855,12831,12805,6369,6550,6634,12800,12833,15540,12802,6408,6776,6482],"class_list":{"0":"post-14600","1":"product","2":"type-product","3":"status-publish","4":"has-post-thumbnail","6":"product_brand-div","7":"product_cat-paquets-de-depart","8":"product_cat-vente","9":"product_tag-6470","10":"product_tag-6476","11":"product_tag-a-la-mode","12":"product_tag-anneau","13":"product_tag-anneau-de-couleur","14":"product_tag-anneaux","15":"product_tag-anneaux-dargile","16":"product_tag-argile-argentee","17":"product_tag-argile-argentee-3","18":"product_tag-bijoux-en-argile","19":"product_tag-bricolage","20":"product_tag-faire","21":"product_tag-fixer","22":"product_tag-hanche","23":"product_tag-hippopotame","24":"product_tag-largent","25":"product_tag-largent-2","26":"product_tag-largent-3","27":"product_tag-paquet","28":"product_tag-paquet-2","29":"product_tag-paquet-3","30":"product_tag-paquet-de-diapositives","31":"product_tag-vous","32":"product_tag-vraiment","33":"product_tag-zircone","34":"product_shipping_class-standard","36":"first","37":"instock","38":"sale","39":"taxable","40":"shipping-taxable","41":"purchasable","42":"product-type-simple"},"acf":[],"_links":{"self":[{"href":"https:\/\/esquell.eu\/fr\/wp-json\/wp\/v2\/product\/14600","targetHints":{"allow":["GET"]}}],"collection":[{"href":"https:\/\/esquell.eu\/fr\/wp-json\/wp\/v2\/product"}],"about":[{"href":"https:\/\/esquell.eu\/fr\/wp-json\/wp\/v2\/types\/product"}],"replies":[{"embeddable":true,"href":"https:\/\/esquell.eu\/fr\/wp-json\/wp\/v2\/comments?post=14600"}],"wp:featuredmedia":[{"embeddable":true,"href":"https:\/\/esquell.eu\/fr\/wp-json\/wp\/v2\/media\/14603"}],"wp:attachment":[{"href":"https:\/\/esquell.eu\/fr\/wp-json\/wp\/v2\/media?parent=14600"}],"wp:term":[{"taxonomy":"more","embeddable":true,"href":"https:\/\/esquell.eu\/fr\/wp-json\/wp\/v2\/more?post=14600"},{"taxonomy":"product_brand","embeddable":true,"href":"https:\/\/esquell.eu\/fr\/wp-json\/wp\/v2\/product_brand?post=14600"},{"taxonomy":"product_cat","embeddable":true,"href":"https:\/\/esquell.eu\/fr\/wp-json\/wp\/v2\/product_cat?post=14600"},{"taxonomy":"product_tag","embeddable":true,"href":"https:\/\/esquell.eu\/fr\/wp-json\/wp\/v2\/product_tag?post=14600"}],"curies":[{"name":"wp","href":"https:\/\/api.w.org\/{rel}","templated":true}]}}