{"id":14569,"date":"2025-04-03T09:12:28","date_gmt":"2025-04-03T09:12:28","guid":{"rendered":"https:\/\/esquell.eu\/product\/kit-diy-pendentif-ou-boucles-doreilles-nature-en-argent-debutants\/"},"modified":"2025-04-03T09:12:28","modified_gmt":"2025-04-03T09:12:28","slug":"kit-diy-pendentif-ou-boucles-doreilles-nature-en-argent-debutants","status":"publish","type":"product","link":"https:\/\/esquell.eu\/fr\/produit\/kit-diy-pendentif-ou-boucles-doreilles-nature-en-argent-debutants\/","title":{"rendered":"Kit DIY Pendentif ou boucles d&rsquo;oreilles \u00ab\u00a0nature\u00a0\u00bb en argent &#8211; D\u00e9butants"},"content":{"rendered":"<p>Paquet contenant tout ce dont vous avez besoin pour r\u00e9aliser un pendentif ou des boucles d&rsquo;oreilles \u00efnspir\u00e9s par la nature.<\/p>\n<p>Y compris :<\/p>\n<ul>\n<li>Outils<\/li>\n<li>Argile argent\u00e9e<\/li>\n<li>Manuel,<\/li>\n<li>M\u00e9lange pour moules<\/li>\n<li>pi\u00e8ces en argent<\/li>\n<\/ul>\n<p>* sans collier<\/p>\n<p>Le paquet a \u00e9t\u00e9 d\u00e9velopp\u00e9 \/ le manuel a \u00e9t\u00e9 r\u00e9dig\u00e9 par un instructeur certifi\u00e9.<\/p>\n","protected":false},"excerpt":{"rendered":"<p>Paquet contenant tout ce dont vous avez besoin pour r\u00e9aliser un pendentif ou des boucles d&rsquo;oreilles \u00efnspir\u00e9s par la nature.<\/p>\n<p>Y compris :<\/p>\n<ul>\n<li>Outils<\/li>\n<li>Argile argent\u00e9e<\/li>\n<li>Manuel,<\/li>\n<li>M\u00e9lange pour moules<\/li>\n<li>pi\u00e8ces en argent<\/li>\n<\/ul>\n<p>* sans collier<\/p>\n<p>&nbsp;<\/p>\n<p>Le paquet a \u00e9t\u00e9 d\u00e9velopp\u00e9 \/ le manuel a \u00e9t\u00e9 r\u00e9dig\u00e9 par un instructeur certifi\u00e9.<\/p>\n","protected":false},"featured_media":14590,"comment_status":"closed","ping_status":"closed","template":"","meta":{"_acf_changed":false,"_seopress_robots_primary_cat":"none","_seopress_titles_title":"","_seopress_titles_desc":"","_seopress_robots_index":""},"more":[],"product_brand":[10819],"product_cat":[7393,6809],"product_tag":[6470,6476,7098,7500,6404,12810,6409,12817,6374,12805,6550,6634,6369,12800,12802,12816,6408,6776,6482],"class_list":{"0":"post-14569","1":"product","2":"type-product","3":"status-publish","4":"has-post-thumbnail","6":"product_brand-div","7":"product_cat-paquets-de-depart","8":"product_cat-vente","9":"product_tag-6470","10":"product_tag-6476","11":"product_tag-anneau","12":"product_tag-argile-argentee-3","13":"product_tag-argile-argentee","14":"product_tag-bijoux-diy-3","15":"product_tag-bricolage","16":"product_tag-diykit","17":"product_tag-faire","18":"product_tag-hippopotame","19":"product_tag-largent-2","20":"product_tag-largent-3","21":"product_tag-largent","22":"product_tag-paquet","23":"product_tag-paquet-de-diapositives","24":"product_tag-pendentifs-diy","25":"product_tag-vous","26":"product_tag-vraiment","27":"product_tag-zircone","28":"product_shipping_class-standard","30":"first","31":"instock","32":"sale","33":"taxable","34":"shipping-taxable","35":"purchasable","36":"product-type-simple"},"acf":[],"_links":{"self":[{"href":"https:\/\/esquell.eu\/fr\/wp-json\/wp\/v2\/product\/14569","targetHints":{"allow":["GET"]}}],"collection":[{"href":"https:\/\/esquell.eu\/fr\/wp-json\/wp\/v2\/product"}],"about":[{"href":"https:\/\/esquell.eu\/fr\/wp-json\/wp\/v2\/types\/product"}],"replies":[{"embeddable":true,"href":"https:\/\/esquell.eu\/fr\/wp-json\/wp\/v2\/comments?post=14569"}],"wp:featuredmedia":[{"embeddable":true,"href":"https:\/\/esquell.eu\/fr\/wp-json\/wp\/v2\/media\/14590"}],"wp:attachment":[{"href":"https:\/\/esquell.eu\/fr\/wp-json\/wp\/v2\/media?parent=14569"}],"wp:term":[{"taxonomy":"more","embeddable":true,"href":"https:\/\/esquell.eu\/fr\/wp-json\/wp\/v2\/more?post=14569"},{"taxonomy":"product_brand","embeddable":true,"href":"https:\/\/esquell.eu\/fr\/wp-json\/wp\/v2\/product_brand?post=14569"},{"taxonomy":"product_cat","embeddable":true,"href":"https:\/\/esquell.eu\/fr\/wp-json\/wp\/v2\/product_cat?post=14569"},{"taxonomy":"product_tag","embeddable":true,"href":"https:\/\/esquell.eu\/fr\/wp-json\/wp\/v2\/product_tag?post=14569"}],"curies":[{"name":"wp","href":"https:\/\/api.w.org\/{rel}","templated":true}]}}