{"id":14564,"date":"2025-04-03T09:12:37","date_gmt":"2025-04-03T09:12:37","guid":{"rendered":"https:\/\/esquell.eu\/product\/machine-delectrodeposition-f-21290\/"},"modified":"2025-04-03T09:12:37","modified_gmt":"2025-04-03T09:12:37","slug":"machine-delectrodeposition-f-21290","status":"publish","type":"product","link":"https:\/\/esquell.eu\/fr\/produit\/machine-delectrodeposition-f-21290\/","title":{"rendered":"Machine d&rsquo;\u00e9lectrod\u00e9position F-21290"},"content":{"rendered":"<p class=\"product-info-title\">Machine d&rsquo;\u00e9lectrod\u00e9position de l&rsquo;argent F-21290 pour l&rsquo;\u00e9lectrod\u00e9position de l&rsquo;argent<\/p>\n<p><a href=\"https:\/\/esquell.eu\/product\/plating-vloeistof-gold\/\">Utilisez le liquide de placage 24K<\/a><\/p>\n","protected":false},"excerpt":{"rendered":"<p><strong> <\/strong><\/p>\n<p><strong> <\/strong><\/p>\n<p>&nbsp;<\/p>\n<p>&nbsp;<\/p>\n<p>&nbsp;<\/p>\n<p>&nbsp;<\/p>\n<p>&nbsp;<\/p>\n","protected":false},"featured_media":7719,"comment_status":"closed","ping_status":"closed","template":"","meta":{"_acf_changed":false,"_seopress_robots_primary_cat":"none","_seopress_titles_title":"","_seopress_titles_desc":"","_seopress_robots_index":""},"more":[],"product_brand":[6382],"product_cat":[6364,6366],"product_tag":[6527,6540,6372,6402,6532,6520,6523,6548,6369,6550,6525,6531,6538,6546,6399,6544,6536,6542,6529],"class_list":{"0":"post-14564","1":"product","2":"type-product","3":"status-publish","4":"has-post-thumbnail","6":"product_brand-acs","7":"product_cat-materiel-supplementaire","8":"product_cat-poncage-limage-et-polissage","9":"product_tag-anti","10":"product_tag-avantageux","11":"product_tag-bijoux","12":"product_tag-bon-marche","13":"product_tag-electrique","14":"product_tag-elex","15":"product_tag-elexlite","16":"product_tag-etre","17":"product_tag-largent","18":"product_tag-largent-2","19":"product_tag-leger","20":"product_tag-machine","21":"product_tag-mobile","22":"product_tag-noir","23":"product_tag-outil","24":"product_tag-pas","25":"product_tag-petit","26":"product_tag-solution","27":"product_tag-ternir","28":"product_shipping_class-standard","30":"first","31":"instock","32":"taxable","33":"shipping-taxable","34":"purchasable","35":"product-type-simple"},"acf":[],"_links":{"self":[{"href":"https:\/\/esquell.eu\/fr\/wp-json\/wp\/v2\/product\/14564","targetHints":{"allow":["GET"]}}],"collection":[{"href":"https:\/\/esquell.eu\/fr\/wp-json\/wp\/v2\/product"}],"about":[{"href":"https:\/\/esquell.eu\/fr\/wp-json\/wp\/v2\/types\/product"}],"replies":[{"embeddable":true,"href":"https:\/\/esquell.eu\/fr\/wp-json\/wp\/v2\/comments?post=14564"}],"wp:featuredmedia":[{"embeddable":true,"href":"https:\/\/esquell.eu\/fr\/wp-json\/wp\/v2\/media\/7719"}],"wp:attachment":[{"href":"https:\/\/esquell.eu\/fr\/wp-json\/wp\/v2\/media?parent=14564"}],"wp:term":[{"taxonomy":"more","embeddable":true,"href":"https:\/\/esquell.eu\/fr\/wp-json\/wp\/v2\/more?post=14564"},{"taxonomy":"product_brand","embeddable":true,"href":"https:\/\/esquell.eu\/fr\/wp-json\/wp\/v2\/product_brand?post=14564"},{"taxonomy":"product_cat","embeddable":true,"href":"https:\/\/esquell.eu\/fr\/wp-json\/wp\/v2\/product_cat?post=14564"},{"taxonomy":"product_tag","embeddable":true,"href":"https:\/\/esquell.eu\/fr\/wp-json\/wp\/v2\/product_tag?post=14564"}],"curies":[{"name":"wp","href":"https:\/\/api.w.org\/{rel}","templated":true}]}}