{"id":14513,"date":"2025-04-03T09:13:44","date_gmt":"2025-04-03T09:13:44","guid":{"rendered":"https:\/\/esquell.eu\/product\/rouleau-de-fil-dargent-999-60-metres-0-2mm-kumihimo\/"},"modified":"2026-02-14T10:42:37","modified_gmt":"2026-02-14T10:42:37","slug":"rouleau-de-fil-dargent-999-60-metres-0-2mm-kumihimo","status":"publish","type":"product","link":"https:\/\/esquell.eu\/fr\/produit\/rouleau-de-fil-dargent-999-60-metres-0-2mm-kumihimo\/","title":{"rendered":"Rouleau de fil d&rsquo;argent 999 60 m\u00e8tres 0.2mm (Kumihimo)"},"content":{"rendered":"<p>Argent fin, fil d&rsquo;argent \u00f8 0,2 mm (999) particuli\u00e8rement adapt\u00e9 au tressage de magnifiques cordons d&rsquo;argent \u00e0 l&rsquo;aide d&rsquo;un disque Kumihimo<br \/>\nLe cordon d&rsquo;argent peut \u00e0 nouveau \u00eatre combin\u00e9 avec des bijoux en argile argent\u00e9e.<\/p>\n<p>Le fil d&rsquo;argent fin peut \u00e9galement \u00eatre utilis\u00e9 pour l&#8217;emballage des fils, le crochet, la piq\u00fbre, le tricot, etc. Souple et flexible. <\/p>\n","protected":false},"excerpt":{"rendered":"<p>Argent fin, fil d&rsquo;argent \u00f8 0,2 mm (999) particuli\u00e8rement adapt\u00e9 pour tresser de belles cordes d&rsquo;argent \u00e0 l&rsquo;aide d&rsquo;un disque Kumihimo La corde d&rsquo;argent peut \u00e0 nouveau \u00eatre combin\u00e9e avec des bijoux en argile argent\u00e9e.<\/p>\n<p>&nbsp;<\/p>\n<p>Le fil d&rsquo;argent fin peut \u00e9galement \u00eatre utilis\u00e9 pour l&#8217;emballage des fils, le crochet, la piq\u00fbre, le tricot, etc. Souple et flexible. <\/p>\n<p>&nbsp;<\/p>\n","protected":false},"featured_media":14518,"comment_status":"closed","ping_status":"closed","template":"","meta":{"_acf_changed":false,"_seopress_robots_primary_cat":"none","_seopress_titles_title":"","_seopress_titles_desc":"","_seopress_robots_index":""},"more":[],"product_brand":[6382,6521],"product_cat":[12636,12637],"product_tag":[12641,11988,6755,10218,12644,7469,8319,9299,12048,9303,7157,7664,6757,7978,6645,7760,6646,6939,6386,6638,6473,6405,10009,6641,12661,6412,6794,6649,9290,10735,12679,12646,12649,21476,6743,11757,11826,12638,6647,12676,6724,12652,12449,8507,12392,6401,12660,6712,6381,8029,12655,6369,6634,6472,6559,6400,6656,12682,6643,6399,6391,12664,12667,12670,12673,12658,8035],"class_list":{"0":"post-14513","1":"product","2":"type-product","3":"status-publish","4":"has-post-thumbnail","6":"product_brand-acs","7":"product_brand-promethee","8":"product_cat-fil-dargent-999","9":"product_cat-fil-denroulement-fil-doux","10":"product_tag-0-2","11":"product_tag-11988","12":"product_tag-6755","13":"product_tag-10218","14":"product_tag-2-mm","15":"product_tag-7469","16":"product_tag-8319","17":"product_tag-9299","18":"product_tag-12048","19":"product_tag-9303","20":"product_tag-7157","21":"product_tag-7664","22":"product_tag-6757","23":"product_tag-7978","24":"product_tag-a","25":"product_tag-achats-2","26":"product_tag-acheter","27":"product_tag-acheter-2","28":"product_tag-aida","29":"product_tag-anneaux","30":"product_tag-argile-2","31":"product_tag-artclay","32":"product_tag-beguinage","33":"product_tag-boucles-doreilles","34":"product_tag-bracelet-3","35":"product_tag-bronze","36":"product_tag-chaine","37":"product_tag-commande","38":"product_tag-compteur-2","39":"product_tag-cordes-3","40":"product_tag-deadsoft","41":"product_tag-disque","42":"product_tag-disque-kumihimo","43":"product_tag-disque-kumihimo-2","44":"product_tag-distributeur","45":"product_tag-doux","46":"product_tag-doux-2","47":"product_tag-emballage-2","48":"product_tag-en-ligne","49":"product_tag-enroulement-du-fil-de-fer","50":"product_tag-envoyer","51":"product_tag-fabricant-2","52":"product_tag-fil-dargent","53":"product_tag-fil-de-fer","54":"product_tag-fil-de-fer-2","55":"product_tag-france","56":"product_tag-gracieux-2","57":"product_tag-gratuit","58":"product_tag-japon","59":"product_tag-kumihimo","60":"product_tag-kumihimo-tressage-japonais","61":"product_tag-largent","62":"product_tag-largent-3","63":"product_tag-lart","64":"product_tag-lignes-dartisanat","65":"product_tag-luxembourg","66":"product_tag-luxembourg-2","67":"product_tag-morts","68":"product_tag-ou","69":"product_tag-outil","70":"product_tag-pays-bas","71":"product_tag-poignee-du-sac","72":"product_tag-porte-cles","73":"product_tag-pratique-2","74":"product_tag-technique-de-tressage","75":"product_tag-tresse","76":"product_tag-tresses","77":"product_shipping_class-standard","79":"first","80":"instock","81":"taxable","82":"shipping-taxable","83":"purchasable","84":"product-type-simple"},"acf":[],"_links":{"self":[{"href":"https:\/\/esquell.eu\/fr\/wp-json\/wp\/v2\/product\/14513","targetHints":{"allow":["GET"]}}],"collection":[{"href":"https:\/\/esquell.eu\/fr\/wp-json\/wp\/v2\/product"}],"about":[{"href":"https:\/\/esquell.eu\/fr\/wp-json\/wp\/v2\/types\/product"}],"replies":[{"embeddable":true,"href":"https:\/\/esquell.eu\/fr\/wp-json\/wp\/v2\/comments?post=14513"}],"wp:featuredmedia":[{"embeddable":true,"href":"https:\/\/esquell.eu\/fr\/wp-json\/wp\/v2\/media\/14518"}],"wp:attachment":[{"href":"https:\/\/esquell.eu\/fr\/wp-json\/wp\/v2\/media?parent=14513"}],"wp:term":[{"taxonomy":"more","embeddable":true,"href":"https:\/\/esquell.eu\/fr\/wp-json\/wp\/v2\/more?post=14513"},{"taxonomy":"product_brand","embeddable":true,"href":"https:\/\/esquell.eu\/fr\/wp-json\/wp\/v2\/product_brand?post=14513"},{"taxonomy":"product_cat","embeddable":true,"href":"https:\/\/esquell.eu\/fr\/wp-json\/wp\/v2\/product_cat?post=14513"},{"taxonomy":"product_tag","embeddable":true,"href":"https:\/\/esquell.eu\/fr\/wp-json\/wp\/v2\/product_tag?post=14513"}],"curies":[{"name":"wp","href":"https:\/\/api.w.org\/{rel}","templated":true}]}}