{"id":14438,"date":"2025-04-03T09:13:23","date_gmt":"2025-04-03T09:13:23","guid":{"rendered":"https:\/\/esquell.eu\/product\/chaton-pierre-ronde-10-mm-avec-epingle-argent-premium-k-0088\/"},"modified":"2026-03-23T20:20:14","modified_gmt":"2026-03-23T20:20:14","slug":"chaton-pierre-ronde-10-mm-avec-epingle-argent-premium-k-0088","status":"publish","type":"product","link":"https:\/\/esquell.eu\/fr\/produit\/chaton-pierre-ronde-10-mm-avec-epingle-argent-premium-k-0088\/","title":{"rendered":"Chaton Round Stone 10 mm avec \u00e9pingle. L&rsquo;argent. prime (K-0088)"},"content":{"rendered":"<p>Argent. Convient \u00e0 la cocuisson dans l&rsquo;argile argent\u00e9e. <\/p>\n<p>En exclusivit\u00e9 chez Art Clay<\/p>\n<p>Avec broche<br \/>\nPour chaton\/ lunette\/ bo\u00eetier de sertissage frais\u00e9. 10 mm <\/p>\n<p>Convient pour les cabochons en zircone et en pierre naturelle, entre autres.<\/p>\n","protected":false},"excerpt":{"rendered":"<p>Argent. Convient \u00e0 la cocuisson dans l&rsquo;argile argent\u00e9e. <\/p>\n<p>Avec \u00e9pingle<br \/>\nBo\u00eetier chaton\/ lunette\/ sertissage pr\u00e9-frais\u00e9s. 10 mm <\/p>\n<p>Convient pour les cabochons en zircone et en pierre naturelle, entre autres.<\/p>\n","protected":false},"featured_media":14439,"comment_status":"closed","ping_status":"closed","template":"","meta":{"_acf_changed":false,"_seopress_robots_primary_cat":"none","_seopress_titles_title":"","_seopress_titles_desc":"","_seopress_robots_index":""},"more":[],"product_brand":[6382],"product_cat":[10991,10990],"product_tag":[6477,6476,7418,7430,8057,8318,6369,6550,6634,6478,8053,11012,6922,9284,6778,6964,6776,7414,6482,7604],"class_list":{"0":"post-14438","1":"product","2":"type-product","3":"status-publish","4":"has-post-thumbnail","6":"product_brand-acs","7":"product_cat-pieces-adaptees-a-la-cocuisson-avec-de-largile-metallique","8":"product_cat-reglements-et-chatons","9":"product_tag-6477","10":"product_tag-6476","11":"product_tag-boite-de-reglage","12":"product_tag-cabochon","13":"product_tag-chaton","14":"product_tag-cz","15":"product_tag-largent","16":"product_tag-largent-2","17":"product_tag-largent-3","18":"product_tag-lunette","19":"product_tag-pierre-3","20":"product_tag-pierre-cz","21":"product_tag-pur","22":"product_tag-pur-3","23":"product_tag-reel","24":"product_tag-sollid","25":"product_tag-vraiment","26":"product_tag-zetkast","27":"product_tag-zircone","28":"product_tag-zircone-2","29":"product_shipping_class-standard","31":"first","32":"instock","33":"taxable","34":"shipping-taxable","35":"purchasable","36":"product-type-simple"},"acf":[],"_links":{"self":[{"href":"https:\/\/esquell.eu\/fr\/wp-json\/wp\/v2\/product\/14438","targetHints":{"allow":["GET"]}}],"collection":[{"href":"https:\/\/esquell.eu\/fr\/wp-json\/wp\/v2\/product"}],"about":[{"href":"https:\/\/esquell.eu\/fr\/wp-json\/wp\/v2\/types\/product"}],"replies":[{"embeddable":true,"href":"https:\/\/esquell.eu\/fr\/wp-json\/wp\/v2\/comments?post=14438"}],"wp:featuredmedia":[{"embeddable":true,"href":"https:\/\/esquell.eu\/fr\/wp-json\/wp\/v2\/media\/14439"}],"wp:attachment":[{"href":"https:\/\/esquell.eu\/fr\/wp-json\/wp\/v2\/media?parent=14438"}],"wp:term":[{"taxonomy":"more","embeddable":true,"href":"https:\/\/esquell.eu\/fr\/wp-json\/wp\/v2\/more?post=14438"},{"taxonomy":"product_brand","embeddable":true,"href":"https:\/\/esquell.eu\/fr\/wp-json\/wp\/v2\/product_brand?post=14438"},{"taxonomy":"product_cat","embeddable":true,"href":"https:\/\/esquell.eu\/fr\/wp-json\/wp\/v2\/product_cat?post=14438"},{"taxonomy":"product_tag","embeddable":true,"href":"https:\/\/esquell.eu\/fr\/wp-json\/wp\/v2\/product_tag?post=14438"}],"curies":[{"name":"wp","href":"https:\/\/api.w.org\/{rel}","templated":true}]}}