{"id":14423,"date":"2025-04-03T09:13:23","date_gmt":"2025-04-03T09:13:23","guid":{"rendered":"https:\/\/esquell.eu\/product\/art-clay-exclusive-putty-round-8mm-k-0280\/"},"modified":"2026-03-23T20:20:25","modified_gmt":"2026-03-23T20:20:25","slug":"art-clay-exclusive-putty-round-8mm-k-0280","status":"publish","type":"product","link":"https:\/\/esquell.eu\/fr\/produit\/art-clay-exclusive-putty-round-8mm-k-0280\/","title":{"rendered":"Art Clay Exclusive Putty Round 8mm (K-0280)"},"content":{"rendered":"<p>Monture ronde 8 mm<\/p>\n<p>980 argent<\/p>\n<p>Convient \u00e9galement pour la cuisson de la p\u00e2te \u00e0 modeler<\/p>\n","protected":false},"excerpt":{"rendered":"<p>Monture ronde 8mm<\/p>\n<p>980 argent<\/p>\n<p>Convient pour la co-cuisson avec l&rsquo;argile m\u00e9tallique<\/p>\n<p>&nbsp;<\/p>\n<p>&nbsp;<\/p>\n","protected":false},"featured_media":14430,"comment_status":"closed","ping_status":"closed","template":"","meta":{"_acf_changed":false,"_seopress_robots_primary_cat":"none","_seopress_titles_title":"","_seopress_titles_desc":"","_seopress_robots_index":""},"more":[],"product_brand":[6382],"product_cat":[10991,10990],"product_tag":[6470,6476,6645,6646,6939,7929,6386,7016,12556,6388,6404,6420,7028,6378,6405,6376,7571,6393,8238,6372,7792,6409,6649,6647,9797,10080,6374,6401,7479,12512,6381,12555,6634,6559,6400,6656,12329,12554,6643,12552,6922,6778,7774,9894,6919,9892,7055,6776,8037],"class_list":{"0":"post-14423","1":"product","2":"type-product","3":"status-publish","4":"has-post-thumbnail","6":"product_brand-acs","7":"product_cat-pieces-adaptees-a-la-cocuisson-avec-de-largile-metallique","8":"product_cat-reglements-et-chatons","9":"product_tag-6470","10":"product_tag-6476","11":"product_tag-a","12":"product_tag-acheter","13":"product_tag-acheter-2","14":"product_tag-acrylique","15":"product_tag-aida","16":"product_tag-amende-2","17":"product_tag-argent-pays-bas","18":"product_tag-argile","19":"product_tag-argile-argentee","20":"product_tag-argile-bronze","21":"product_tag-argile-cuivreuse","22":"product_tag-argile-metallique","23":"product_tag-artclay","24":"product_tag-artclaysilver","25":"product_tag-artclayworld","26":"product_tag-belgique","27":"product_tag-benelux","28":"product_tag-bijoux","29":"product_tag-bijoux-en-verre","30":"product_tag-bricolage","31":"product_tag-commande","32":"product_tag-en-ligne","33":"product_tag-epoxy","34":"product_tag-fabrication-de-bijoux-2","35":"product_tag-faire","36":"product_tag-france","37":"product_tag-france-2","38":"product_tag-frite-le-long-de-la-route","39":"product_tag-japon","40":"product_tag-joints-dargile","41":"product_tag-largent-3","42":"product_tag-lignes-dartisanat","43":"product_tag-luxembourg","44":"product_tag-luxembourg-2","45":"product_tag-oeil-2","46":"product_tag-oeil-de-vis","47":"product_tag-ou","48":"product_tag-pendentif-oeil-2","49":"product_tag-pur","50":"product_tag-reel","51":"product_tag-resine","52":"product_tag-resine-2","53":"product_tag-sterling","54":"product_tag-uv","55":"product_tag-verre","56":"product_tag-vraiment","57":"product_tag-yeux","58":"product_shipping_class-standard","60":"first","61":"instock","62":"taxable","63":"shipping-taxable","64":"purchasable","65":"product-type-simple"},"acf":[],"_links":{"self":[{"href":"https:\/\/esquell.eu\/fr\/wp-json\/wp\/v2\/product\/14423","targetHints":{"allow":["GET"]}}],"collection":[{"href":"https:\/\/esquell.eu\/fr\/wp-json\/wp\/v2\/product"}],"about":[{"href":"https:\/\/esquell.eu\/fr\/wp-json\/wp\/v2\/types\/product"}],"replies":[{"embeddable":true,"href":"https:\/\/esquell.eu\/fr\/wp-json\/wp\/v2\/comments?post=14423"}],"wp:featuredmedia":[{"embeddable":true,"href":"https:\/\/esquell.eu\/fr\/wp-json\/wp\/v2\/media\/14430"}],"wp:attachment":[{"href":"https:\/\/esquell.eu\/fr\/wp-json\/wp\/v2\/media?parent=14423"}],"wp:term":[{"taxonomy":"more","embeddable":true,"href":"https:\/\/esquell.eu\/fr\/wp-json\/wp\/v2\/more?post=14423"},{"taxonomy":"product_brand","embeddable":true,"href":"https:\/\/esquell.eu\/fr\/wp-json\/wp\/v2\/product_brand?post=14423"},{"taxonomy":"product_cat","embeddable":true,"href":"https:\/\/esquell.eu\/fr\/wp-json\/wp\/v2\/product_cat?post=14423"},{"taxonomy":"product_tag","embeddable":true,"href":"https:\/\/esquell.eu\/fr\/wp-json\/wp\/v2\/product_tag?post=14423"}],"curies":[{"name":"wp","href":"https:\/\/api.w.org\/{rel}","templated":true}]}}