{"id":14417,"date":"2025-04-03T09:13:31","date_gmt":"2025-04-03T09:13:31","guid":{"rendered":"https:\/\/esquell.eu\/product\/chaton-art-clay-4mm-sur-vis-pour-bijoux-interchangeables-k-1004\/"},"modified":"2025-12-22T11:13:27","modified_gmt":"2025-12-22T11:13:27","slug":"chaton-art-clay-4mm-sur-vis-pour-bijoux-interchangeables-k-1004","status":"publish","type":"product","link":"https:\/\/esquell.eu\/fr\/produit\/chaton-art-clay-4mm-sur-vis-pour-bijoux-interchangeables-k-1004\/","title":{"rendered":"Chaton Art Clay 4mm sur vis pour bijoux interchangeables. K-1004"},"content":{"rendered":"<p>Mise en place de la broche sur la vis<\/p>\n<p>pour les bijoux interchangeables.<\/p>\n<p>Vis 4 pinces Lunette 4mm<\/p>\n<p>Laiton rhodi\u00e9<\/p>\n<p>En exclusivit\u00e9 chez Art Clay<\/p>\n<p>Pour une pierre de 4 mm<\/p>\n<p>Ce fil peut \u00eatre cuit avec l&rsquo;argile argent\u00e9e et l&rsquo;argile cuivr\u00e9e.<\/p>\n<p>Vous pouvez trouver les pi\u00e8ces correspondantes ici<\/p>\n<p>Oeil \u00e0 vis grand<\/p>\n<p>Oeil \u00e0 vis petit<\/p>\n<p>Rotation inverse de la vis<\/p>\n<p>Base filet\u00e9e<\/p>\n","protected":false},"excerpt":{"rendered":"<p>Art Clay Chaton sur vis<\/p>\n<p>pour les bijoux interchangeables.<\/p>\n<p>Laiton rhodi\u00e9<\/p>\n<p>Pour une pierre de 4 mm<\/p>\n<p>&nbsp;<\/p>\n<p>Ce fil d&rsquo;argent fin peut \u00eatre cuit dans l&rsquo;argile \u00e0 l&rsquo;argent et l&rsquo;argile au cuivre.<\/p>\n<p>Vous pouvez trouver les pi\u00e8ces correspondantes ici<\/p>\n<p><a href=\"https:\/\/www.esquell.nl\/p\/art-clay-schroefoogje-groot-voor-verwisselbare-sieraden-k-1003\">Oeil \u00e0 vis grand<\/a><\/p>\n<p><a href=\"https:\/\/www.esquell.nl\/p\/art-clay-schroefoogje-klein-voor-verwisselbare-sieraden-k-1002\">Oeil \u00e0 vis petit<\/a><\/p>\n<p><a href=\"https:\/\/www.esquell.nl\/p\/art-clay-revers-pin-op-schroef-voor-verwisselbare-sieraden-k-1006\">Broche r\u00e9versible sur vis<\/a><\/p>\n<p><a href=\"https:\/\/www.esquell.nl\/p\/art-clay-schroefdraad-basis-voor-verwisselbare-sieraden-k-0077a\">Base filet\u00e9e<\/a><\/p>\n","protected":false},"featured_media":14540,"comment_status":"closed","ping_status":"closed","template":"","meta":{"_acf_changed":false,"_seopress_robots_primary_cat":"none","_seopress_titles_title":"","_seopress_titles_desc":"","_seopress_robots_index":""},"more":[],"product_brand":[6382],"product_cat":[10991,10990],"product_tag":[6470,6476,6645,6646,6939,7929,6386,7016,12556,6388,6404,6420,7028,6378,6405,6376,7571,6393,8238,6372,7792,6409,6649,6647,9797,10080,6374,6401,7479,12512,6381,12555,6634,6559,6400,6656,12329,12554,6643,12552,6922,6778,7774,9894,6919,9892,7055,6776,8037],"class_list":{"0":"post-14417","1":"product","2":"type-product","3":"status-publish","4":"has-post-thumbnail","6":"product_brand-acs","7":"product_cat-pieces-adaptees-a-la-cocuisson-avec-de-largile-metallique","8":"product_cat-reglements-et-chatons","9":"product_tag-6470","10":"product_tag-6476","11":"product_tag-a","12":"product_tag-acheter","13":"product_tag-acheter-2","14":"product_tag-acrylique","15":"product_tag-aida","16":"product_tag-amende-2","17":"product_tag-argent-pays-bas","18":"product_tag-argile","19":"product_tag-argile-argentee","20":"product_tag-argile-bronze","21":"product_tag-argile-cuivreuse","22":"product_tag-argile-metallique","23":"product_tag-artclay","24":"product_tag-artclaysilver","25":"product_tag-artclayworld","26":"product_tag-belgique","27":"product_tag-benelux","28":"product_tag-bijoux","29":"product_tag-bijoux-en-verre","30":"product_tag-bricolage","31":"product_tag-commande","32":"product_tag-en-ligne","33":"product_tag-epoxy","34":"product_tag-fabrication-de-bijoux-2","35":"product_tag-faire","36":"product_tag-france","37":"product_tag-france-2","38":"product_tag-frite-le-long-de-la-route","39":"product_tag-japon","40":"product_tag-joints-dargile","41":"product_tag-largent-3","42":"product_tag-lignes-dartisanat","43":"product_tag-luxembourg","44":"product_tag-luxembourg-2","45":"product_tag-oeil-2","46":"product_tag-oeil-de-vis","47":"product_tag-ou","48":"product_tag-pendentif-oeil-2","49":"product_tag-pur","50":"product_tag-reel","51":"product_tag-resine","52":"product_tag-resine-2","53":"product_tag-sterling","54":"product_tag-uv","55":"product_tag-verre","56":"product_tag-vraiment","57":"product_tag-yeux","58":"product_shipping_class-standard","60":"first","61":"instock","62":"taxable","63":"shipping-taxable","64":"purchasable","65":"product-type-simple"},"acf":[],"_links":{"self":[{"href":"https:\/\/esquell.eu\/fr\/wp-json\/wp\/v2\/product\/14417","targetHints":{"allow":["GET"]}}],"collection":[{"href":"https:\/\/esquell.eu\/fr\/wp-json\/wp\/v2\/product"}],"about":[{"href":"https:\/\/esquell.eu\/fr\/wp-json\/wp\/v2\/types\/product"}],"replies":[{"embeddable":true,"href":"https:\/\/esquell.eu\/fr\/wp-json\/wp\/v2\/comments?post=14417"}],"wp:featuredmedia":[{"embeddable":true,"href":"https:\/\/esquell.eu\/fr\/wp-json\/wp\/v2\/media\/14540"}],"wp:attachment":[{"href":"https:\/\/esquell.eu\/fr\/wp-json\/wp\/v2\/media?parent=14417"}],"wp:term":[{"taxonomy":"more","embeddable":true,"href":"https:\/\/esquell.eu\/fr\/wp-json\/wp\/v2\/more?post=14417"},{"taxonomy":"product_brand","embeddable":true,"href":"https:\/\/esquell.eu\/fr\/wp-json\/wp\/v2\/product_brand?post=14417"},{"taxonomy":"product_cat","embeddable":true,"href":"https:\/\/esquell.eu\/fr\/wp-json\/wp\/v2\/product_cat?post=14417"},{"taxonomy":"product_tag","embeddable":true,"href":"https:\/\/esquell.eu\/fr\/wp-json\/wp\/v2\/product_tag?post=14417"}],"curies":[{"name":"wp","href":"https:\/\/api.w.org\/{rel}","templated":true}]}}