{"id":14409,"date":"2025-04-03T09:13:31","date_gmt":"2025-04-03T09:13:31","guid":{"rendered":"https:\/\/esquell.eu\/product\/chaton-round-stone-8-mm-avec-epingle-largent\/"},"modified":"2025-04-03T09:13:31","modified_gmt":"2025-04-03T09:13:31","slug":"chaton-round-stone-8-mm-avec-epingle-largent","status":"publish","type":"product","link":"https:\/\/esquell.eu\/fr\/produit\/chaton-round-stone-8-mm-avec-epingle-largent\/","title":{"rendered":"Chaton Round Stone 8 mm avec \u00e9pingle. L&rsquo;argent."},"content":{"rendered":"<p>Argent. Convient \u00e0 la cocuisson dans l&rsquo;arguile d&rsquo;argent. <\/p>\n<p>Avec \u00e9pingle<br \/>\nBo\u00eetier \u00e0 chaton\/ lunette\/ sertissage pr\u00e9-frais\u00e9s. 8 mm<\/p>\n<p>Convient \u00e0 la zircone, y compris. Pierres CZ, zircone cubique <\/p>\n","protected":false},"excerpt":{"rendered":"<p><strong>Note : Moins cher \u00e0 l&rsquo;achat de plusieurs pi\u00e8ces<\/strong><\/p>\n<p>Argent.990<br \/>\nConvient \u00e0 la co-cuisson dans l&rsquo;arguile d&rsquo;argent.<\/p>\n<p>Avec \u00e9pingle<br \/>\nChaton\/ lunette\/ bo\u00eete de sertissage pr\u00e9-frais\u00e9s.<\/p>\n<p>Taille : 8 mm de diam\u00e8tre<\/p>\n<p>Convient \u00e0 diff\u00e9rents types de cabochons.<\/p>\n","protected":false},"featured_media":5906,"comment_status":"closed","ping_status":"closed","template":"","meta":{"_acf_changed":false,"_seopress_robots_primary_cat":"none","_seopress_titles_title":"","_seopress_titles_desc":"","_seopress_robots_index":""},"more":[],"product_brand":[6382],"product_cat":[10991,10990],"product_tag":[9296,9299,9303,7664,12038,6791,12533,12535,6386,6397,6404,7500,6378,6390,6405,10994,6376,7571,6393,10995,6372,6658,7548,6409,6706,11026,8318,6423,6395,12529,6743,12531,6374,6635,6401,12512,6481,11079,11031,6381,6369,8220,10354,6559,6478,6400,6426,11024,7398,10255,6643,6816,6391,6644,6428,7279,8053,7644,6482],"class_list":{"0":"post-14409","1":"product","2":"type-product","3":"status-publish","4":"has-post-thumbnail","6":"product_brand-acs","7":"product_cat-pieces-adaptees-a-la-cocuisson-avec-de-largile-metallique","8":"product_cat-reglements-et-chatons","9":"product_tag-9296","10":"product_tag-9299","11":"product_tag-9303","12":"product_tag-7664","13":"product_tag-12038","14":"product_tag-6791","15":"product_tag-12533","16":"product_tag-a-vendre-2","17":"product_tag-aida","18":"product_tag-allemagne","19":"product_tag-argile-argentee","20":"product_tag-argile-argentee-3","21":"product_tag-argile-metallique","22":"product_tag-argile-metallique-2","23":"product_tag-artclay","24":"product_tag-artclayoverseas","25":"product_tag-artclaysilver","26":"product_tag-artclayworld","27":"product_tag-belgique","28":"product_tag-bessel","29":"product_tag-bijoux","30":"product_tag-bijoux-en-argile","31":"product_tag-bijoux-en-argile-2","32":"product_tag-bricolage","33":"product_tag-commerce-de-gros","34":"product_tag-cubique","35":"product_tag-cz","36":"product_tag-de","37":"product_tag-deutsland","38":"product_tag-diamants-2","39":"product_tag-distributeur","40":"product_tag-facette","41":"product_tag-faire","42":"product_tag-fournitures","43":"product_tag-france","44":"product_tag-frite-le-long-de-la-route","45":"product_tag-galets","46":"product_tag-incorpore","47":"product_tag-integration","48":"product_tag-japon","49":"product_tag-largent","50":"product_tag-leurope","51":"product_tag-leurope-2","52":"product_tag-lignes-dartisanat","53":"product_tag-lunette","54":"product_tag-luxembourg","55":"product_tag-malleable","56":"product_tag-materiaux","57":"product_tag-mettre","58":"product_tag-mm","59":"product_tag-ou","60":"product_tag-pate-polymere","61":"product_tag-pays-bas","62":"product_tag-pieces","63":"product_tag-pierre","64":"product_tag-pierre-2","65":"product_tag-pierre-3","66":"product_tag-poli","67":"product_tag-zircone","68":"product_shipping_class-standard","70":"first","71":"instock","72":"taxable","73":"shipping-taxable","74":"purchasable","75":"product-type-simple"},"acf":[],"_links":{"self":[{"href":"https:\/\/esquell.eu\/fr\/wp-json\/wp\/v2\/product\/14409","targetHints":{"allow":["GET"]}}],"collection":[{"href":"https:\/\/esquell.eu\/fr\/wp-json\/wp\/v2\/product"}],"about":[{"href":"https:\/\/esquell.eu\/fr\/wp-json\/wp\/v2\/types\/product"}],"replies":[{"embeddable":true,"href":"https:\/\/esquell.eu\/fr\/wp-json\/wp\/v2\/comments?post=14409"}],"wp:featuredmedia":[{"embeddable":true,"href":"https:\/\/esquell.eu\/fr\/wp-json\/wp\/v2\/media\/5906"}],"wp:attachment":[{"href":"https:\/\/esquell.eu\/fr\/wp-json\/wp\/v2\/media?parent=14409"}],"wp:term":[{"taxonomy":"more","embeddable":true,"href":"https:\/\/esquell.eu\/fr\/wp-json\/wp\/v2\/more?post=14409"},{"taxonomy":"product_brand","embeddable":true,"href":"https:\/\/esquell.eu\/fr\/wp-json\/wp\/v2\/product_brand?post=14409"},{"taxonomy":"product_cat","embeddable":true,"href":"https:\/\/esquell.eu\/fr\/wp-json\/wp\/v2\/product_cat?post=14409"},{"taxonomy":"product_tag","embeddable":true,"href":"https:\/\/esquell.eu\/fr\/wp-json\/wp\/v2\/product_tag?post=14409"}],"curies":[{"name":"wp","href":"https:\/\/api.w.org\/{rel}","templated":true}]}}