{"id":14390,"date":"2025-04-03T09:13:55","date_gmt":"2025-04-03T09:13:55","guid":{"rendered":"https:\/\/esquell.eu\/product\/fil-dargent-925-plat-differentes-largeurs-par-20-cm\/"},"modified":"2026-01-10T17:07:55","modified_gmt":"2026-01-10T17:07:55","slug":"fil-dargent-925-plat-differentes-largeurs-par-20-cm","status":"publish","type":"product","link":"https:\/\/esquell.eu\/fr\/produit\/fil-dargent-925-plat-differentes-largeurs-par-20-cm\/","title":{"rendered":"Fil d&rsquo;argent 925 plat Diff\u00e9rentes largeurs par 20 cm"},"content":{"rendered":"<p>Fil d&rsquo;argent 925 plat\/rectangulaire, argent de premi\u00e8re qualit\u00e9<br \/>\nDiff\u00e9rentes tailles<br \/>\nProt\u00e8ge-tibia<br \/>\nPrix et quantit\u00e9 par 20 cm<\/p>\n<p><strong>La longueur command\u00e9e sera livr\u00e9e en une seule pi\u00e8ce dans la mesure du possible.<br \/>\nS&rsquo;il est imp\u00e9ratif que la livraison se fasse en une seule pi\u00e8ce, veuillez l&rsquo;indiquer dans le champ commentaires lors de la commande.<\/strong><br \/>\n<strong>S&rsquo;il n&rsquo;y a pas assez de produits en stock, veuillez envoyer un courriel \u00e0 info@esquell.eu. Nous pourrons alors le commander pour vous. <\/strong><\/p>\n<ul>\n<li data-start=\"579\" data-end=\"597\">1. Anneaux<br \/>\nCoupez le jarret \u00e0 la bonne taille, pliez-le en cercle et soudez les extr\u00e9mit\u00e9s ensemble. Ensuite, limez, poncez et polissez. Vous pouvez estamper l&rsquo;ext\u00e9rieur, le marteler pour lui donner de la texture ou y ajouter des sculptures en pierre.  <\/li>\n<li data-start=\"814\" data-end=\"849\">2. Bracelets ou manchettes<br \/>\nLes bracelets larges ou \u00e9troits peuvent \u00eatre pli\u00e9s sur un mandrin de poignet. En fonction de l&rsquo;\u00e9paisseur, vous n&rsquo;aurez peut-\u00eatre m\u00eame pas besoin de souder. Vous pouvez \u00e9ventuellement laisser le bracelet ouvert comme un bracelet manchette ou le doter d&rsquo;un fermoir.  <\/li>\n<li data-start=\"1060\" data-end=\"1093\">3. Sertissage de pierres<br \/>\nA partir de bardeaux \u00e9troits, vous pouvez r\u00e9aliser des sertissages de cabochons ou de pierres \u00e0 facettes. Vous trouverez \u00e9galement dans notre magasin du fil \u00e0 sertir sp\u00e9cial. Il est en argent 999 et plus fin. Le fil sp\u00e9cial convient \u00e9galement \u00e0 la cuisson avec de la p\u00e2te d&rsquo;argent   <\/li>\n<li data-start=\"1184\" data-end=\"1217\">4. \u00c9l\u00e9ments de collier<br \/>\nDes morceaux de ruban adh\u00e9sif droits ou courb\u00e9s peuvent \u00eatre utilis\u00e9s comme \u00e9l\u00e9ments centraux d&rsquo;un pendentif ou d&rsquo;un collier.<\/li>\n<li data-start=\"1320\" data-end=\"1352\">5. Plaques signal\u00e9tiques ou \u00e9tiquettes<br \/>\nTamponnez des noms, des coordonn\u00e9es ou des symboles sur le ruban et transformez-le en pendentif ou en porte-cl\u00e9s.<\/li>\n<li data-start=\"1450\" data-end=\"1471\">6. Boucles d&rsquo;oreilles<br \/>\nLes bandes d&rsquo;argent droites ou courbes sont minimalistes et modernes comme \u00e9l\u00e9ment de boucle d&rsquo;oreille.<\/li>\n<\/ul>\n","protected":false},"excerpt":{"rendered":"<p>Fil d&rsquo;argent 925 plat \/ rectangulaire 3mm * 1mm<\/p>\n<p>Prix et achat par 20 cm<\/p>\n<p>1\u00e8re ann\u00e9e d&rsquo;argent<\/p>\n<p>&nbsp;<\/p>\n<p>La longueur command\u00e9e sera livr\u00e9e, dans la mesure du possible, \u00e0 1 longueur.<br \/>\nSi 1 longueur est vraiment une exigence, veuillez l&rsquo;indiquer dans le champ commentaires lors de la commande.<\/p>\n<p>&nbsp;<\/p>\n<p>Vous n&rsquo;avez pas assez de produits en stock ? Envoyez un e-mail \u00e0 info@esquell et nous le commanderons si possible pour vous. <\/p>\n<p>&nbsp;<\/p>\n","protected":false},"featured_media":14397,"comment_status":"closed","ping_status":"closed","template":"","meta":{"_acf_changed":false,"_seopress_robots_primary_cat":"none","_seopress_titles_title":"","_seopress_titles_desc":"","_seopress_robots_index":""},"more":[],"product_brand":[6363],"product_cat":[12387],"product_tag":[6470,6476,6645,8284,6646,7045,7024,7016,6923,12492,7098,6638,6931,6473,6378,6390,6376,12479,6575,9668,12481,6393,6372,6642,6402,6641,6389,6796,7360,7582,6409,6935,12491,12494,7817,6655,12493,7043,10080,6374,6798,10141,12449,12483,15843,12392,8507,12495,6815,6635,6653,6933,8864,6651,12485,6801,6369,6550,6634,6930,7026,10150,7030,7768,6968,7042,6640,6708,6759,7031,8701,10137,9223,10082,6652,6643,6391,6644,12003,10179,8515,7029,7094,10131,6922,6954,9284,12489,6751,6778,6925,6805,6964,6919,12487,7102,8495,11204,6803,6408,6776,7032],"class_list":{"0":"post-14390","1":"product","2":"type-product","3":"status-publish","4":"has-post-thumbnail","6":"product_brand-bm","7":"product_cat-fil-dargent-925","8":"product_tag-6470","9":"product_tag-6476","10":"product_tag-a","11":"product_tag-achats-3","12":"product_tag-acheter","13":"product_tag-almelo","14":"product_tag-almere","15":"product_tag-amende-2","16":"product_tag-amsterdam","17":"product_tag-angulaire","18":"product_tag-anneau","19":"product_tag-anneaux","20":"product_tag-anvers","21":"product_tag-argile-2","22":"product_tag-argile-metallique","23":"product_tag-argile-metallique-2","24":"product_tag-artclaysilver","25":"product_tag-assiette","26":"product_tag-ateliers","27":"product_tag-autour-de","28":"product_tag-bande","29":"product_tag-belgique","30":"product_tag-bijoux","31":"product_tag-bijoux-2","32":"product_tag-bon-marche","33":"product_tag-boucles-doreilles","34":"product_tag-boutique-en-ligne","35":"product_tag-boutique-en-ligne-2","36":"product_tag-bracelets","37":"product_tag-breda","38":"product_tag-bricolage","39":"product_tag-bruxelles","40":"product_tag-carre-4","41":"product_tag-classeur-a-anneaux","42":"product_tag-clous-doreilles","43":"product_tag-drenthe","44":"product_tag-edemetals","45":"product_tag-enschede","46":"product_tag-fabrication-de-bijoux-2","47":"product_tag-faire","48":"product_tag-faire-2","49":"product_tag-fait-a-la-main","50":"product_tag-fil-dargent","51":"product_tag-fil-dargent-2","52":"product_tag-fil-dargent-4","53":"product_tag-fil-de-fer-2","54":"product_tag-fil-de-fer","55":"product_tag-fil-plat","56":"product_tag-fimo","57":"product_tag-fournitures","58":"product_tag-frise","59":"product_tag-gentilhomme","60":"product_tag-goujons","61":"product_tag-groningue","62":"product_tag-hemisphere","63":"product_tag-il","64":"product_tag-largent","65":"product_tag-largent-2","66":"product_tag-largent-3","67":"product_tag-leeuwarden","68":"product_tag-lelystad","69":"product_tag-les","70":"product_tag-liege","71":"product_tag-liege-2","72":"product_tag-liens","73":"product_tag-maastricht","74":"product_tag-maison","75":"product_tag-mercerie","76":"product_tag-metal","77":"product_tag-metal-2","78":"product_tag-metal-3","79":"product_tag-metal-precieux","80":"product_tag-offrir-2","81":"product_tag-orfevre-3","82":"product_tag-orfevres","83":"product_tag-ou","84":"product_tag-pays-bas","85":"product_tag-pieces","86":"product_tag-plaque-argent-2","87":"product_tag-plaque-dargent","88":"product_tag-plat","89":"product_tag-pmc","90":"product_tag-pont","91":"product_tag-precieux","92":"product_tag-pur","93":"product_tag-pur-2","94":"product_tag-pur-3","95":"product_tag-rectangulaire","96":"product_tag-reduction","97":"product_tag-reel","98":"product_tag-rotterdam","99":"product_tag-soi","100":"product_tag-sollid","101":"product_tag-sterling","102":"product_tag-tibia","103":"product_tag-vasieres","104":"product_tag-venlo","105":"product_tag-visiter","106":"product_tag-votre","107":"product_tag-vous","108":"product_tag-vraiment","109":"product_tag-zwolle","110":"product_shipping_class-standard","111":"pa_afmeting-251mm","112":"pa_afmeting-3515mm","113":"pa_afmeting-31mm","114":"pa_afmeting-42mm","116":"first","117":"instock","118":"taxable","119":"shipping-taxable","120":"purchasable","121":"product-type-variable"},"acf":[],"_links":{"self":[{"href":"https:\/\/esquell.eu\/fr\/wp-json\/wp\/v2\/product\/14390","targetHints":{"allow":["GET"]}}],"collection":[{"href":"https:\/\/esquell.eu\/fr\/wp-json\/wp\/v2\/product"}],"about":[{"href":"https:\/\/esquell.eu\/fr\/wp-json\/wp\/v2\/types\/product"}],"replies":[{"embeddable":true,"href":"https:\/\/esquell.eu\/fr\/wp-json\/wp\/v2\/comments?post=14390"}],"wp:featuredmedia":[{"embeddable":true,"href":"https:\/\/esquell.eu\/fr\/wp-json\/wp\/v2\/media\/14397"}],"wp:attachment":[{"href":"https:\/\/esquell.eu\/fr\/wp-json\/wp\/v2\/media?parent=14390"}],"wp:term":[{"taxonomy":"more","embeddable":true,"href":"https:\/\/esquell.eu\/fr\/wp-json\/wp\/v2\/more?post=14390"},{"taxonomy":"product_brand","embeddable":true,"href":"https:\/\/esquell.eu\/fr\/wp-json\/wp\/v2\/product_brand?post=14390"},{"taxonomy":"product_cat","embeddable":true,"href":"https:\/\/esquell.eu\/fr\/wp-json\/wp\/v2\/product_cat?post=14390"},{"taxonomy":"product_tag","embeddable":true,"href":"https:\/\/esquell.eu\/fr\/wp-json\/wp\/v2\/product_tag?post=14390"}],"curies":[{"name":"wp","href":"https:\/\/api.w.org\/{rel}","templated":true}]}}