{"id":14355,"date":"2025-04-03T09:13:55","date_gmt":"2025-04-03T09:13:55","guid":{"rendered":"https:\/\/esquell.eu\/product\/fil-de-galerie-fil-a-sertir-en-argent-925-celtic-10-cm\/"},"modified":"2025-04-03T09:13:55","modified_gmt":"2025-04-03T09:13:55","slug":"fil-de-galerie-fil-a-sertir-en-argent-925-celtic-10-cm","status":"publish","type":"product","link":"https:\/\/esquell.eu\/fr\/produit\/fil-de-galerie-fil-a-sertir-en-argent-925-celtic-10-cm\/","title":{"rendered":"Fil de galerie, fil \u00e0 sertir en argent 925 Celtic 10 cm"},"content":{"rendered":"<p>Fil de galerie, fil \u00e0 sertir argent 925 Celtic<\/p>\n<p>Convient \u00e0 la cuisson de l&rsquo;arguile d&rsquo;argent<\/p>\n<p>Longueur 10 cm<\/p>\n<p>Hauteur 4,1 mm<\/p>\n<p>La longueur command\u00e9e sera livr\u00e9e, dans la mesure du possible, \u00e0 1 longueur.<br \/>\nSi 1 longueur est vraiment une exigence, veuillez l&rsquo;indiquer dans le champ commentaires lors de la commande.<\/p>\n<p>Pas assez en stock ? Veuillez envoyer un e-mail \u00e0 info@esquell.eu. Si possible, nous le commanderons pour vous. <\/p>\n","protected":false},"excerpt":{"rendered":"<p>Fil de galerie, fil \u00e0 sertir argent 925 Celtic<\/p>\n<p>Convient \u00e0 la cuisson de l&rsquo;arguile d&rsquo;argent<\/p>\n<p>Longueur 10 cm<\/p>\n<p>Hauteur 4,1 mm<\/p>\n<p>&nbsp;<\/p>\n<p>La longueur command\u00e9e sera livr\u00e9e, dans la mesure du possible, \u00e0 1 longueur.<br \/>\nSi 1 longueur est vraiment une exigence, veuillez l&rsquo;indiquer dans le champ commentaires lors de la commande.<\/p>\n<p>&nbsp;<\/p>\n<p>Pas assez en stock ? Envoyez un e-mail \u00e0 info@esquell. Si possible, nous le commanderons pour vous. <\/p>\n<p>&nbsp;<\/p>\n","protected":false},"featured_media":6640,"comment_status":"closed","ping_status":"closed","template":"","meta":{"_acf_changed":false,"_seopress_robots_primary_cat":"none","_seopress_titles_title":"","_seopress_titles_desc":"","_seopress_robots_index":""},"more":[],"product_brand":[6363],"product_cat":[12387],"product_tag":[6470,6476,6645,6646,6404,6378,6390,6405,7567,6376,6389,6409,12400,6374,12450,12453,12394,12449,12396,12390,12452,12398,6745,12402,6563,6381,6369,6550,6559,7398,6643,6428,7403,7029,12451,6751,7426,8351,6803],"class_list":{"0":"post-14355","1":"product","2":"type-product","3":"status-publish","4":"has-post-thumbnail","6":"product_brand-bm","7":"product_cat-fil-dargent-925","8":"product_tag-6470","9":"product_tag-6476","10":"product_tag-a","11":"product_tag-acheter","12":"product_tag-argile-argentee","13":"product_tag-argile-metallique","14":"product_tag-argile-metallique-2","15":"product_tag-artclay","16":"product_tag-artclayacademy","17":"product_tag-artclaysilver","18":"product_tag-boutique-en-ligne","19":"product_tag-bricolage","20":"product_tag-certifie-certifie","21":"product_tag-faire","22":"product_tag-faire-3","23":"product_tag-faites-le-vous-meme","24":"product_tag-fantaisie","25":"product_tag-fil-dargent","26":"product_tag-fil-de-la-galerie","27":"product_tag-fil-de-reglage","28":"product_tag-galerie","29":"product_tag-gracieux","30":"product_tag-instructeur","31":"product_tag-instructeur-3","32":"product_tag-instructeurs","33":"product_tag-japon","34":"product_tag-largent","35":"product_tag-largent-2","36":"product_tag-lignes-dartisanat","37":"product_tag-mettre","38":"product_tag-ou","39":"product_tag-pierre","40":"product_tag-pierre-de-taille","41":"product_tag-pmc","42":"product_tag-propre-2","43":"product_tag-reduction","44":"product_tag-reglage","45":"product_tag-reglage-2","46":"product_tag-votre","47":"product_shipping_class-standard","49":"first","50":"outofstock","51":"taxable","52":"shipping-taxable","53":"purchasable","54":"product-type-simple"},"acf":[],"_links":{"self":[{"href":"https:\/\/esquell.eu\/fr\/wp-json\/wp\/v2\/product\/14355","targetHints":{"allow":["GET"]}}],"collection":[{"href":"https:\/\/esquell.eu\/fr\/wp-json\/wp\/v2\/product"}],"about":[{"href":"https:\/\/esquell.eu\/fr\/wp-json\/wp\/v2\/types\/product"}],"replies":[{"embeddable":true,"href":"https:\/\/esquell.eu\/fr\/wp-json\/wp\/v2\/comments?post=14355"}],"wp:featuredmedia":[{"embeddable":true,"href":"https:\/\/esquell.eu\/fr\/wp-json\/wp\/v2\/media\/6640"}],"wp:attachment":[{"href":"https:\/\/esquell.eu\/fr\/wp-json\/wp\/v2\/media?parent=14355"}],"wp:term":[{"taxonomy":"more","embeddable":true,"href":"https:\/\/esquell.eu\/fr\/wp-json\/wp\/v2\/more?post=14355"},{"taxonomy":"product_brand","embeddable":true,"href":"https:\/\/esquell.eu\/fr\/wp-json\/wp\/v2\/product_brand?post=14355"},{"taxonomy":"product_cat","embeddable":true,"href":"https:\/\/esquell.eu\/fr\/wp-json\/wp\/v2\/product_cat?post=14355"},{"taxonomy":"product_tag","embeddable":true,"href":"https:\/\/esquell.eu\/fr\/wp-json\/wp\/v2\/product_tag?post=14355"}],"curies":[{"name":"wp","href":"https:\/\/api.w.org\/{rel}","templated":true}]}}