{"id":14329,"date":"2025-10-25T19:13:54","date_gmt":"2025-10-25T19:13:54","guid":{"rendered":"https:\/\/esquell.eu\/product\/clous-doreilles-avec-sertissage-de-8-mm-pour-cabochons-resine-etc-par-paire\/"},"modified":"2025-11-09T09:47:57","modified_gmt":"2025-11-09T09:47:57","slug":"clous-doreilles-avec-sertissage-de-8-mm-pour-cabochons-resine-etc-par-paire","status":"publish","type":"product","link":"https:\/\/esquell.eu\/fr\/produit\/clous-doreilles-avec-sertissage-de-8-mm-pour-cabochons-resine-etc-par-paire\/","title":{"rendered":"Clous d&rsquo;oreilles avec sertissage de 8 mm pour cabochons, r\u00e9sine, etc. Par paire"},"content":{"rendered":"<p>Boucles d&rsquo;oreilles avec pendentif et monture de 8 mm<\/p>\n<p>Argent 925<\/p>\n<p>Comprend un bouchon, une poucette et un papillon.<\/p>\n<p>8 mm est la taille int\u00e9rieure de la monture.<\/p>\n<p>Convient aux<a href=\"https:\/\/esquell.eu\/fr\/categorie-de-produits\/cabochons\/cabochons-ronds\/\"><strong><u> cabochons<\/u><\/strong> <\/a>de 8 mm<\/p>\n<p>Convient \u00e9galement au remplissage de<strong><u> <a href=\"https:\/\/esquell.eu\/fr\/categorie-de-produits\/led-et-resine-uv\/\">LED ou de la r\u00e9sine UV.<\/a><\/u><\/strong><\/p>\n","protected":false},"excerpt":{"rendered":"<p>Boucles d&rsquo;oreilles avec pendentif et monture de 8 mm Argent 925 Comprend un bouchon, une poucette et un papillon. 8 mm est la taille int\u00e9rieure de la monture. Convient aux cabochons de 8 mm Convient \u00e9galement au remplissage de LED ou de la r\u00e9sine UV.<\/p>\n","protected":false},"featured_media":14330,"comment_status":"closed","ping_status":"closed","template":"","meta":{"_acf_changed":false,"_seopress_robots_primary_cat":"none","_seopress_titles_title":"","_seopress_titles_desc":"","_seopress_robots_index":""},"more":[],"product_brand":[6953],"product_cat":[11982,11931,10990],"product_tag":[6470,12317,7572,12334,6372,7418,8737,6641,9407,8355,12318,6409,12322,6772,12350,9797,6374,6369,6550,6634,12332,12329,9948,12320,6644,12321,7420,7506,6922,6954,6778,7426,7774,9894,6919,9892,6776,6482],"class_list":{"0":"post-14329","1":"product","2":"type-product","3":"status-publish","4":"has-post-thumbnail","6":"product_brand-925-artisanat","7":"product_cat-boucles-doreilles-925","8":"product_cat-nouveau","9":"product_cat-reglements-et-chatons","10":"product_tag-6470","11":"product_tag-argent-sterling","12":"product_tag-avec","13":"product_tag-bedle","14":"product_tag-bijoux","15":"product_tag-boite-de-reglage","16":"product_tag-boucle-doreille-2","17":"product_tag-boucles-doreilles","18":"product_tag-boucles-doreilles-diy","19":"product_tag-bouton-doreille","20":"product_tag-bouton-doreille-3","21":"product_tag-bricolage","22":"product_tag-caution","23":"product_tag-charme","24":"product_tag-dirige","25":"product_tag-epoxy","26":"product_tag-faire","27":"product_tag-largent","28":"product_tag-largent-2","29":"product_tag-largent-3","30":"product_tag-la-mesure","31":"product_tag-oeil-2","32":"product_tag-partie-2","33":"product_tag-pendentif-oeil","34":"product_tag-pieces","35":"product_tag-pieces-4","36":"product_tag-plateau-de-brassage","37":"product_tag-pour","38":"product_tag-pur","39":"product_tag-pur-2","40":"product_tag-reel","41":"product_tag-reglage","42":"product_tag-resine","43":"product_tag-resine-2","44":"product_tag-sterling","45":"product_tag-uv","46":"product_tag-vraiment","47":"product_tag-zircone","49":"first","50":"instock","51":"taxable","52":"shipping-taxable","53":"purchasable","54":"product-type-simple"},"acf":[],"_links":{"self":[{"href":"https:\/\/esquell.eu\/fr\/wp-json\/wp\/v2\/product\/14329","targetHints":{"allow":["GET"]}}],"collection":[{"href":"https:\/\/esquell.eu\/fr\/wp-json\/wp\/v2\/product"}],"about":[{"href":"https:\/\/esquell.eu\/fr\/wp-json\/wp\/v2\/types\/product"}],"replies":[{"embeddable":true,"href":"https:\/\/esquell.eu\/fr\/wp-json\/wp\/v2\/comments?post=14329"}],"wp:featuredmedia":[{"embeddable":true,"href":"https:\/\/esquell.eu\/fr\/wp-json\/wp\/v2\/media\/14330"}],"wp:attachment":[{"href":"https:\/\/esquell.eu\/fr\/wp-json\/wp\/v2\/media?parent=14329"}],"wp:term":[{"taxonomy":"more","embeddable":true,"href":"https:\/\/esquell.eu\/fr\/wp-json\/wp\/v2\/more?post=14329"},{"taxonomy":"product_brand","embeddable":true,"href":"https:\/\/esquell.eu\/fr\/wp-json\/wp\/v2\/product_brand?post=14329"},{"taxonomy":"product_cat","embeddable":true,"href":"https:\/\/esquell.eu\/fr\/wp-json\/wp\/v2\/product_cat?post=14329"},{"taxonomy":"product_tag","embeddable":true,"href":"https:\/\/esquell.eu\/fr\/wp-json\/wp\/v2\/product_tag?post=14329"}],"curies":[{"name":"wp","href":"https:\/\/api.w.org\/{rel}","templated":true}]}}