{"id":14312,"date":"2025-10-25T12:32:51","date_gmt":"2025-10-25T12:32:51","guid":{"rendered":"https:\/\/esquell.eu\/product\/pendentif-oeil-avec-jumpring-argent-925\/"},"modified":"2025-10-25T12:32:51","modified_gmt":"2025-10-25T12:32:51","slug":"pendentif-oeil-avec-jumpring-argent-925","status":"publish","type":"product","link":"https:\/\/esquell.eu\/fr\/produit\/pendentif-oeil-avec-jumpring-argent-925\/","title":{"rendered":"Pendentif \u0153il avec jumpring, argent 925"},"content":{"rendered":"<p>Pendentif \u0153il avec jumpring,<\/p>\n<p>Argent 925<\/p>\n<p>Brillant<\/p>\n<p>Hauteur totale : 7.20 mm<\/p>\n<p>Diam\u00e8tre grand 3 mm<\/p>\n<p>diam\u00e8tre int\u00e9rieur petit \u0153il : 1.50 mm<\/p>\n","protected":false},"excerpt":{"rendered":"<p>Pendentif \u0153il avec jumpring, Argent 925 Brillant Hauteur totale : 7.20 mm Diam\u00e8tre grand 3 mm diam\u00e8tre int\u00e9rieur petit \u0153il : 1.50 mm<\/p>\n","protected":false},"featured_media":10300,"comment_status":"closed","ping_status":"closed","template":"","meta":{"_acf_changed":false,"_seopress_robots_primary_cat":"none","_seopress_titles_title":"","_seopress_titles_desc":"","_seopress_robots_index":""},"more":[],"product_brand":[6953],"product_cat":[11931,12319],"product_tag":[6470,12317,6372,8737,6641,9407,12318,6409,12322,6772,6374,6369,6550,6634,12320,6644,12321,7506,6922,6954,6778,6919,6776],"class_list":{"0":"post-14312","1":"product","2":"type-product","3":"status-publish","4":"has-post-thumbnail","6":"product_brand-925-artisanat","7":"product_cat-nouveau","8":"product_cat-oeillets-de-pendentifs-bails-et-oeillets-a-vis","9":"product_tag-6470","10":"product_tag-argent-sterling","11":"product_tag-bijoux","12":"product_tag-boucle-doreille-2","13":"product_tag-boucles-doreilles","14":"product_tag-boucles-doreilles-diy","15":"product_tag-bouton-doreille-3","16":"product_tag-bricolage","17":"product_tag-caution","18":"product_tag-charme","19":"product_tag-faire","20":"product_tag-largent","21":"product_tag-largent-2","22":"product_tag-largent-3","23":"product_tag-pendentif-oeil","24":"product_tag-pieces","25":"product_tag-pieces-4","26":"product_tag-pour","27":"product_tag-pur","28":"product_tag-pur-2","29":"product_tag-reel","30":"product_tag-sterling","31":"product_tag-vraiment","33":"first","34":"instock","35":"taxable","36":"shipping-taxable","37":"purchasable","38":"product-type-simple"},"acf":[],"_links":{"self":[{"href":"https:\/\/esquell.eu\/fr\/wp-json\/wp\/v2\/product\/14312","targetHints":{"allow":["GET"]}}],"collection":[{"href":"https:\/\/esquell.eu\/fr\/wp-json\/wp\/v2\/product"}],"about":[{"href":"https:\/\/esquell.eu\/fr\/wp-json\/wp\/v2\/types\/product"}],"replies":[{"embeddable":true,"href":"https:\/\/esquell.eu\/fr\/wp-json\/wp\/v2\/comments?post=14312"}],"wp:featuredmedia":[{"embeddable":true,"href":"https:\/\/esquell.eu\/fr\/wp-json\/wp\/v2\/media\/10300"}],"wp:attachment":[{"href":"https:\/\/esquell.eu\/fr\/wp-json\/wp\/v2\/media?parent=14312"}],"wp:term":[{"taxonomy":"more","embeddable":true,"href":"https:\/\/esquell.eu\/fr\/wp-json\/wp\/v2\/more?post=14312"},{"taxonomy":"product_brand","embeddable":true,"href":"https:\/\/esquell.eu\/fr\/wp-json\/wp\/v2\/product_brand?post=14312"},{"taxonomy":"product_cat","embeddable":true,"href":"https:\/\/esquell.eu\/fr\/wp-json\/wp\/v2\/product_cat?post=14312"},{"taxonomy":"product_tag","embeddable":true,"href":"https:\/\/esquell.eu\/fr\/wp-json\/wp\/v2\/product_tag?post=14312"}],"curies":[{"name":"wp","href":"https:\/\/api.w.org\/{rel}","templated":true}]}}