{"id":14300,"date":"2025-10-25T12:19:34","date_gmt":"2025-10-25T12:19:34","guid":{"rendered":"https:\/\/esquell.eu\/product\/bouchons-de-dos-en-argent-sterling-poussette-boucle-doreille-arriere-avec-oeillet-pendentif-par-paire\/"},"modified":"2025-10-25T12:19:34","modified_gmt":"2025-10-25T12:19:34","slug":"bouchons-de-dos-en-argent-sterling-poussette-boucle-doreille-arriere-avec-oeillet-pendentif-par-paire","status":"publish","type":"product","link":"https:\/\/esquell.eu\/fr\/produit\/bouchons-de-dos-en-argent-sterling-poussette-boucle-doreille-arriere-avec-oeillet-pendentif-par-paire\/","title":{"rendered":"Bouchons de dos en argent sterling. Poussette, boucle d&rsquo;oreille arri\u00e8re avec \u0153illet pendentif.  Par paire"},"content":{"rendered":"<p>Supports de luxe en argent 925 pour boucles d&rsquo;oreilles, clous d&rsquo;oreilles.<br \/>\nAvec un \u0153illet pour pendentif, vous pouvez \u00e9galement ajouter un \u00e9l\u00e9ment de suspension \u00e0 l&rsquo;arri\u00e8re de la boucle d&rsquo;oreille.<\/p>\n","protected":false},"excerpt":{"rendered":"<p>Supports de luxe en argent 925 pour boucles d&rsquo;oreilles, clous d&rsquo;oreilles. Avec un \u0153illet pour pendentif, vous pouvez \u00e9galement ajouter un \u00e9l\u00e9ment de suspension \u00e0 l&rsquo;arri\u00e8re de la boucle d&rsquo;oreille.<\/p>\n","protected":false},"featured_media":10294,"comment_status":"closed","ping_status":"closed","template":"","meta":{"_acf_changed":false,"_seopress_robots_primary_cat":"none","_seopress_titles_title":"","_seopress_titles_desc":"","_seopress_robots_index":""},"more":[],"product_brand":[],"product_cat":[11982,11931],"product_tag":[],"class_list":{"0":"post-14300","1":"product","2":"type-product","3":"status-publish","4":"has-post-thumbnail","6":"product_cat-boucles-doreilles-925","7":"product_cat-nouveau","9":"first","10":"instock","11":"taxable","12":"shipping-taxable","13":"purchasable","14":"product-type-simple"},"acf":[],"_links":{"self":[{"href":"https:\/\/esquell.eu\/fr\/wp-json\/wp\/v2\/product\/14300","targetHints":{"allow":["GET"]}}],"collection":[{"href":"https:\/\/esquell.eu\/fr\/wp-json\/wp\/v2\/product"}],"about":[{"href":"https:\/\/esquell.eu\/fr\/wp-json\/wp\/v2\/types\/product"}],"replies":[{"embeddable":true,"href":"https:\/\/esquell.eu\/fr\/wp-json\/wp\/v2\/comments?post=14300"}],"wp:featuredmedia":[{"embeddable":true,"href":"https:\/\/esquell.eu\/fr\/wp-json\/wp\/v2\/media\/10294"}],"wp:attachment":[{"href":"https:\/\/esquell.eu\/fr\/wp-json\/wp\/v2\/media?parent=14300"}],"wp:term":[{"taxonomy":"more","embeddable":true,"href":"https:\/\/esquell.eu\/fr\/wp-json\/wp\/v2\/more?post=14300"},{"taxonomy":"product_brand","embeddable":true,"href":"https:\/\/esquell.eu\/fr\/wp-json\/wp\/v2\/product_brand?post=14300"},{"taxonomy":"product_cat","embeddable":true,"href":"https:\/\/esquell.eu\/fr\/wp-json\/wp\/v2\/product_cat?post=14300"},{"taxonomy":"product_tag","embeddable":true,"href":"https:\/\/esquell.eu\/fr\/wp-json\/wp\/v2\/product_tag?post=14300"}],"curies":[{"name":"wp","href":"https:\/\/api.w.org\/{rel}","templated":true}]}}