{"id":14278,"date":"2025-10-25T19:50:20","date_gmt":"2025-10-25T19:50:20","guid":{"rendered":"https:\/\/esquell.eu\/product\/argile-argentee-50-grammes-jubile-edition-limitee-a-0380-par-boite-ou-lot-de-3-boites\/"},"modified":"2026-01-17T04:51:51","modified_gmt":"2026-01-17T04:51:51","slug":"argile-dargent-50-grammes-jubile-edition-limitee-a-0380-par-boite-ou-lot-de-3-boites","status":"publish","type":"product","link":"https:\/\/esquell.eu\/fr\/produit\/argile-dargent-50-grammes-jubile-edition-limitee-a-0380-par-boite-ou-lot-de-3-boites\/","title":{"rendered":"Argile argent\u00e9e 50 grammes Jubil\u00e9. Edition limit\u00e9e (A-0380) Par bo\u00eete ou lot de 3 bo\u00eetes"},"content":{"rendered":"<p>TEMPORAIREMENT DISPONIBLE. \u00c9dition chaul\u00e9e c\u00e9l\u00e9brant les 30 ans d&rsquo;Art Clay Silver . <\/p>\n<p>Disponible individuellement par bo\u00eete ou par lot de 3.<\/p>\n<p>Par lot de 3 avantages suppl\u00e9mentaires.<\/p>\n<p>Vous utilisez cette argile pour cr\u00e9er des formes que vous pouvez p\u00e9trir, rouler et enrouler. Travailler avec Art Clay L&rsquo;argile argent\u00e9e pr\u00e9sente les avantages suivants : <\/p>\n<ul>\n<li>&#8211; Il peut \u00eatre cuit \u00e0 basse temp\u00e9rature, m\u00eame sur une cuisini\u00e8re \u00e0 gaz.<\/li>\n<li>&#8211; La mercerie silverden de premi\u00e8re ann\u00e9e peut \u00eatre cuite avec elle.<\/li>\n<li>&#8211; Il ne r\u00e9tr\u00e9cit que de 8 \u00e0 9 %.<\/li>\n<li>&#8211; Le verre, l&rsquo;\u00e9mail, la zircone r\u00e9sistante \u00e0 la chaleur peuvent \u00eatre cuits.<\/li>\n<\/ul>\n<p>Avant de l&rsquo;utiliser, p\u00e9trissez bri\u00e8vement l&rsquo;argile pour faire sortir les bulles d&rsquo;air<\/p>\n<p> Vous pouvez \u00e9galement le faire dans un film plastique pour \u00e9viter qu&rsquo;il ne se dess\u00e8che.<\/p>\n","protected":false},"excerpt":{"rendered":"<p>TEMPORAIREMENT DISPONIBLE. \u00c9dition chaul\u00e9e c\u00e9l\u00e9brant les 30 ans d&rsquo;Art Clay Silver . <\/p>\n<p>Disponible individuellement par bo\u00eete ou par lot de 3.<\/p>\n<p>Par lot de 3 avantages suppl\u00e9mentaires.<\/p>\n<p>Vous utilisez cette argile pour cr\u00e9er des formes que vous pouvez p\u00e9trir, rouler et enrouler. Travailler avec Art Clay L&rsquo;argile argent\u00e9e pr\u00e9sente les avantages suivants : <\/p>\n<ul>\n<li>&#8211; Il peut \u00eatre cuit \u00e0 basse temp\u00e9rature, m\u00eame sur une cuisini\u00e8re \u00e0 gaz.<\/li>\n<li>&#8211; La mercerie silverden de premi\u00e8re ann\u00e9e peut \u00eatre cuite avec elle.<\/li>\n<li>&#8211; Il ne r\u00e9tr\u00e9cit que de 8 \u00e0 9 %.<\/li>\n<li>&#8211; C&rsquo;est le meilleur type de produit \u00e0 utiliser avec le verre et m\u00eame certaines pierres pr\u00e9cieuses.<\/li>\n<\/ul>\n<p>Avant de l&rsquo;utiliser, p\u00e9trissez bri\u00e8vement l&rsquo;argile pour faire sortir les bulles d&rsquo;air<\/p>\n<p> Vous pouvez \u00e9galement le faire dans un film plastique pour \u00e9viter qu&rsquo;il ne se dess\u00e8che.<\/p>\n","protected":false},"featured_media":14279,"comment_status":"closed","ping_status":"closed","template":"","meta":{"_acf_changed":false,"_seopress_robots_primary_cat":"none","_seopress_titles_title":"","_seopress_titles_desc":"","_seopress_robots_index":""},"more":[],"product_brand":[6382],"product_cat":[6427],"product_tag":[12048,12272,12270,6404,7500,6405,6376,12275,6634,6567,6751,12268,12273],"class_list":{"0":"post-14278","1":"product","2":"type-product","3":"status-publish","4":"has-post-thumbnail","6":"product_brand-acs","7":"product_cat-argile-dargent-art-clay-silver","8":"product_tag-12048","9":"product_tag-annee","10":"product_tag-anniversaire","11":"product_tag-argile-argentee","12":"product_tag-argile-argentee-3","13":"product_tag-artclay","14":"product_tag-artclaysilver","15":"product_tag-bonus","16":"product_tag-largent-3","17":"product_tag-offrir","18":"product_tag-reduction","19":"product_tag-reduction-2","20":"product_tag-zilverkeli","22":"first","23":"outofstock","24":"sale","25":"taxable","26":"shipping-taxable","27":"purchasable","28":"product-type-variable"},"acf":[],"_links":{"self":[{"href":"https:\/\/esquell.eu\/fr\/wp-json\/wp\/v2\/product\/14278","targetHints":{"allow":["GET"]}}],"collection":[{"href":"https:\/\/esquell.eu\/fr\/wp-json\/wp\/v2\/product"}],"about":[{"href":"https:\/\/esquell.eu\/fr\/wp-json\/wp\/v2\/types\/product"}],"replies":[{"embeddable":true,"href":"https:\/\/esquell.eu\/fr\/wp-json\/wp\/v2\/comments?post=14278"}],"wp:featuredmedia":[{"embeddable":true,"href":"https:\/\/esquell.eu\/fr\/wp-json\/wp\/v2\/media\/14279"}],"wp:attachment":[{"href":"https:\/\/esquell.eu\/fr\/wp-json\/wp\/v2\/media?parent=14278"}],"wp:term":[{"taxonomy":"more","embeddable":true,"href":"https:\/\/esquell.eu\/fr\/wp-json\/wp\/v2\/more?post=14278"},{"taxonomy":"product_brand","embeddable":true,"href":"https:\/\/esquell.eu\/fr\/wp-json\/wp\/v2\/product_brand?post=14278"},{"taxonomy":"product_cat","embeddable":true,"href":"https:\/\/esquell.eu\/fr\/wp-json\/wp\/v2\/product_cat?post=14278"},{"taxonomy":"product_tag","embeddable":true,"href":"https:\/\/esquell.eu\/fr\/wp-json\/wp\/v2\/product_tag?post=14278"}],"curies":[{"name":"wp","href":"https:\/\/api.w.org\/{rel}","templated":true}]}}