{"id":14227,"date":"2025-11-02T23:27:07","date_gmt":"2025-11-02T23:27:07","guid":{"rendered":"https:\/\/esquell.eu\/product\/argile-bronze-promethee-bronze-verdatre-100-g\/"},"modified":"2026-03-23T20:01:55","modified_gmt":"2026-03-23T20:01:55","slug":"argile-bronze-promethee-bronze-verdatre-100-g","status":"publish","type":"product","link":"https:\/\/esquell.eu\/fr\/produit\/argile-bronze-promethee-bronze-verdatre-100-g\/","title":{"rendered":"Argile bronze Prom\u00e9th\u00e9e. Bronze verd\u00e2tre.  100 g"},"content":{"rendered":"<div class=\"product-addition-content\">\n<p><strong>Fabriquez vos propres bijoux en bronze avec l&rsquo;argile Prometheus Bronze Clay !<\/strong><\/p>\n<p>Consultez la <a href=\"https:\/\/esquell.eu\/kennisbank\/\"><strong><u>base de connaissances <\/u><\/strong><\/a>sur la m\u00e9thode de travail de l&rsquo;argile de bronze pour obtenir des informations sur le modelage, la cuisson, la finition, etc.<\/p>\n<p><a href=\"https:\/\/esquell.eu\/?s=bronsklei\"><u><strong>Regardez ici pour plus de produits \u00e0 base d&rsquo;argile bronze  <\/strong><\/u><\/a><\/p>\n<div class=\"_tableContainer_1rjym_1\">\n<div class=\"group _tableWrapper_1rjym_13 flex w-fit flex-col-reverse\" tabindex=\"-1\">\n<h3 data-start=\"273\" data-end=\"293\"><strong data-start=\"277\" data-end=\"293\">Description<\/strong><\/h3>\n<p data-start=\"294\" data-end=\"518\">L&rsquo;<strong data-start=\"294\" data-end=\"337\">argile bronze Prometheus\u00ae Greenish Yellow<\/strong> est un mat\u00e9riau argileux qui, apr\u00e8s cuisson dans un four, se transforme en <strong data-start=\"412\" data-end=\"429\">bronze solide<\/strong>.<br data-start=\"430\" data-end=\"433\">Il s&rsquo;agit d&rsquo;un m\u00e9lange de <strong data-start=\"456\" data-end=\"517\">poudre de bronze microm\u00e9trique, d&rsquo;eau et d&rsquo;un liant organique<\/strong>.<\/p>\n<p data-start=\"520\" data-end=\"548\">L&rsquo;argile est mall\u00e9able et peut :<\/p>\n<ul data-start=\"549\" data-end=\"735\">\n<li data-start=\"549\" data-end=\"580\">\n<p data-start=\"551\" data-end=\"580\">form\u00e9s \u00e0 la main,<\/p>\n<\/li>\n<li data-start=\"581\" data-end=\"625\">\n<p data-start=\"583\" data-end=\"625\">roul\u00e9e en feuille ou en cordon,<\/p>\n<\/li>\n<li data-start=\"626\" data-end=\"656\">\n<p data-start=\"628\" data-end=\"656\">press\u00e9 dans un moule,<\/p>\n<\/li>\n<li data-start=\"657\" data-end=\"689\">\n<p data-start=\"659\" data-end=\"689\">\u00eatre pourvu d&rsquo;une texture,<\/p>\n<\/li>\n<li data-start=\"690\" data-end=\"735\">\n<p data-start=\"692\" data-end=\"735\">et m\u00eame usin\u00e9 sur un plateau tournant.<\/p>\n<\/li>\n<\/ul>\n<p data-start=\"737\" data-end=\"964\">L&rsquo;<strong data-start=\"737\" data-end=\"780\">argile Prometheus\u00ae Greenish Yellow Bronze Clay<\/strong> peut \u00eatre cuite avec la plupart des <strong data-start=\"821\" data-end=\"873\">pierres pr\u00e9cieuses synth\u00e9tiques (telles que les zircons cubiques<\/strong>), des <strong data-start=\"875\" data-end=\"916\">pierres naturelles pr\u00e9-contr\u00f4l\u00e9es<\/strong>, des <strong data-start=\"918\" data-end=\"932\">perles de verre<\/strong>, de la <strong data-start=\"934\" data-end=\"946\">c\u00e9ramique<\/strong> et de la <strong data-start=\"950\" data-end=\"963\">porcelaine<\/strong>.<\/p>\n<p data-start=\"966\" data-end=\"1062\">Apr\u00e8s la cuisson, le liant s&rsquo;\u00e9vapore et br\u00fble, laissant un <strong data-start=\"1027\" data-end=\"1050\">bronze pur et solide.<\/strong> <\/p>\n<p data-start=\"1064\" data-end=\"1094\">Apr\u00e8s la cuisson, vous pouvez d\u00e9guster la pi\u00e8ce :<\/p>\n<ul data-start=\"1095\" data-end=\"1218\">\n<li data-start=\"1095\" data-end=\"1113\">\n<p data-start=\"1097\" data-end=\"1113\">le <strong data-start=\"1097\" data-end=\"1110\">brossage<\/strong>,<\/p>\n<\/li>\n<li data-start=\"1114\" data-end=\"1174\">\n<p data-start=\"1116\" data-end=\"1174\"><strong data-start=\"1116\" data-end=\"1128\">D\u00e9capage<\/strong> (si n\u00e9cessaire, pour \u00e9liminer l&rsquo;oxydation),<\/p>\n<\/li>\n<li data-start=\"1175\" data-end=\"1218\">\n<p data-start=\"1177\" data-end=\"1218\">et <strong data-start=\"1180\" data-end=\"1193\">polir<\/strong> pour obtenir la brillance souhait\u00e9e.<\/p>\n<\/li>\n<\/ul>\n<hr data-start=\"1220\" data-end=\"1223\">\n<h3 data-start=\"1225\" data-end=\"1245\"><strong data-start=\"1229\" data-end=\"1245\">Applications<\/strong><\/h3>\n<p data-start=\"1246\" data-end=\"1304\">Avec PGY\u00ae, vous pouvez cr\u00e9er toutes sortes d&rsquo;objets uniques, comme par exemple :<\/p>\n<ul data-start=\"1305\" data-end=\"1407\">\n<li data-start=\"1305\" data-end=\"1317\">\n<p data-start=\"1307\" data-end=\"1317\">bijoux<\/p>\n<\/li>\n<li data-start=\"1318\" data-end=\"1332\">\n<p data-start=\"1320\" data-end=\"1332\">ornements<\/p>\n<\/li>\n<li data-start=\"1333\" data-end=\"1365\">\n<p data-start=\"1335\" data-end=\"1365\">petites statues ou sculptures<\/p>\n<\/li>\n<li data-start=\"1366\" data-end=\"1382\">\n<p data-start=\"1368\" data-end=\"1382\">formes creuses<\/p>\n<\/li>\n<li data-start=\"1383\" data-end=\"1407\">\n<p data-start=\"1385\" data-end=\"1407\">objets d\u00e9coratifs<\/p>\n<\/li>\n<\/ul>\n<p data-start=\"1409\" data-end=\"1538\">Tout ce que vous faites avec <strong data-start=\"1432\" data-end=\"1440\">PGYMD<\/strong> est une \u0153uvre d&rsquo;art personnelle &#8211; combinez-la \u00e0 votre cr\u00e9ativit\u00e9 et laissez vos mains faire le travail !<\/p>\n<hr data-start=\"1540\" data-end=\"1543\">\n<h2 data-start=\"1545\" data-end=\"1588\"><strong data-start=\"1548\" data-end=\"1588\">Processus de cuisson &#8211; m\u00e9thode en deux \u00e9tapes (PGY\u00ae)<\/strong><\/h2>\n<h3 data-start=\"1590\" data-end=\"1637\"><strong data-start=\"1594\" data-end=\"1637\">\u00c9tape 1 &#8211; Combustion du liant<\/strong><\/h3>\n<ol data-start=\"1638\" data-end=\"1987\">\n<li data-start=\"1638\" data-end=\"1719\">\n<p data-start=\"1641\" data-end=\"1719\">Placez les pi\u00e8ces <strong data-start=\"1651\" data-end=\"1673\">enti\u00e8rement s\u00e9ch\u00e9es<\/strong> sur une <strong data-start=\"1689\" data-end=\"1716\">grille en acier inoxydable<\/strong>.<\/p>\n<\/li>\n<li data-start=\"1720\" data-end=\"1805\">\n<p data-start=\"1723\" data-end=\"1805\">Allumez le <strong data-start=\"1730\" data-end=\"1743\">four \u00e0 froid<\/strong> (placez donc les pi\u00e8ces dans un four non pr\u00e9chauff\u00e9).<\/p>\n<\/li>\n<li data-start=\"1806\" data-end=\"1856\">\n<p data-start=\"1809\" data-end=\"1856\">Augmentez la temp\u00e9rature \u00e0 <strong data-start=\"1836\" data-end=\"1853\">500\u00b0C (932\u00b0F)<\/strong>.<\/p>\n<\/li>\n<li data-start=\"1857\" data-end=\"1886\">\n<p data-start=\"1860\" data-end=\"1886\"><strong data-start=\"1860\" data-end=\"1872\">Temps de cuisson :<\/strong> 15 minutes.<\/p>\n<\/li>\n<li data-start=\"1887\" data-end=\"1987\">\n<p data-start=\"1890\" data-end=\"1987\">Retirez les morceaux du four et placez-les sur une <strong data-start=\"1938\" data-end=\"1968\">surface r\u00e9sistante \u00e0 la chaleur<\/strong> pour les laisser refroidir.<\/p>\n<\/li>\n<\/ol>\n<p data-start=\"1989\" data-end=\"2091\">\ud83d\udca1 O <em data-start=\"1992\" data-end=\"1999\">bjectif :<\/em> \u00c9liminer le liant organique pour pr\u00e9parer la poudre de m\u00e9tal au frittage.<\/p>\n<hr data-start=\"2093\" data-end=\"2096\">\n<h3 data-start=\"2098\" data-end=\"2140\"><strong data-start=\"2102\" data-end=\"2140\">\u00c9tape 2 &#8211; Processus de frittage (bronzage)<\/strong><\/h3>\n<ol data-start=\"2141\" data-end=\"2805\">\n<li data-start=\"2141\" data-end=\"2217\">\n<p data-start=\"2144\" data-end=\"2217\">Remplissez le fond d&rsquo;un <strong data-start=\"2165\" data-end=\"2179\">r\u00e9cipient en acier<\/strong> avec environ <strong data-start=\"2193\" data-end=\"2214\">3 cm de charbon actif.<\/strong><\/p>\n<\/li>\n<li data-start=\"2218\" data-end=\"2309\">\n<p data-start=\"2221\" data-end=\"2309\">Placez les pi\u00e8ces cuites dans le plateau en laissant un <strong data-start=\"2262\" data-end=\"2288\">espace d&rsquo;au moins 1,5 cm<\/strong> entre elles.<\/p>\n<\/li>\n<li data-start=\"2310\" data-end=\"2390\">\n<p data-start=\"2313\" data-end=\"2390\">Recouvrez enti\u00e8rement les morceaux de <strong data-start=\"2343\" data-end=\"2359\">charbon actif<\/strong> et <strong data-start=\"2363\" data-end=\"2379\">fermez<\/strong> herm\u00e9tiquement <strong data-start=\"2363\" data-end=\"2379\">le conteneur<\/strong>.<\/p>\n<\/li>\n<li data-start=\"2391\" data-end=\"2462\">\n<p data-start=\"2394\" data-end=\"2462\">Placez le plateau dans un <strong data-start=\"2415\" data-end=\"2437\">four pr\u00e9chauff\u00e9<\/strong> \u00e0 <strong data-start=\"2441\" data-end=\"2459\">800\u00b0C (1470\u00b0F)<\/strong>.<\/p>\n<\/li>\n<li data-start=\"2463\" data-end=\"2527\">\n<p data-start=\"2466\" data-end=\"2527\">R\u00e9chauffez le four et <strong data-start=\"2511\" data-end=\"2524\">faites cuire pendant 1 heure.<\/strong><\/p>\n<\/li>\n<li data-start=\"2528\" data-end=\"2805\">\n<p data-start=\"2531\" data-end=\"2566\">Une fois la cuisson termin\u00e9e, vous pouvez :<\/p>\n<ul data-start=\"2570\" data-end=\"2805\">\n<li data-start=\"2570\" data-end=\"2674\">\n<p data-start=\"2572\" data-end=\"2674\"><strong data-start=\"2572\" data-end=\"2584\">Option A :<\/strong> laissez le four refroidir avec les pi\u00e8ces (recommand\u00e9 pour un refroidissement uniforme), ou<\/p>\n<\/li>\n<li data-start=\"2678\" data-end=\"2805\">\n<p data-start=\"2680\" data-end=\"2805\"><strong data-start=\"2680\" data-end=\"2692\">Option B :<\/strong> retirez soigneusement le plateau du four et laissez-le refroidir \u00e0 temp\u00e9rature ambiante sur une <strong data-start=\"2740\" data-end=\"2768\">surface r\u00e9sistante \u00e0 la chaleur<\/strong>.<\/p>\n<\/li>\n<\/ul>\n<\/li>\n<\/ol>\n<hr data-start=\"2807\" data-end=\"2810\">\n<h3 data-start=\"2812\" data-end=\"2831\"><strong data-start=\"2816\" data-end=\"2831\">Post-traitement<\/strong><\/h3>\n<ol data-start=\"2832\" data-end=\"3014\">\n<li data-start=\"2832\" data-end=\"2888\">\n<p data-start=\"2835\" data-end=\"2888\"><strong data-start=\"2835\" data-end=\"2848\">Brossez<\/strong> pour \u00e9liminer les r\u00e9sidus d\u00e9tach\u00e9s.<\/p>\n<\/li>\n<li data-start=\"2889\" data-end=\"2957\">\n<p data-start=\"2892\" data-end=\"2957\"><strong data-start=\"2892\" data-end=\"2904\">D\u00e9capage<\/strong> pour \u00e9liminer toute oxydation ou calamine.<\/p>\n<\/li>\n<li data-start=\"2958\" data-end=\"3014\">\n<p data-start=\"2961\" data-end=\"3014\"><strong data-start=\"2961\" data-end=\"2974\">Polissage<\/strong> au choix &#8211; mat, satin\u00e9 ou brillant.<\/p>\n<\/li>\n<\/ol>\n<hr data-start=\"3016\" data-end=\"3019\">\n<h3 data-start=\"3021\" data-end=\"3059\"><strong data-start=\"3025\" data-end=\"3059\">R\u00e9sum\u00e9 des \u00e9tapes de la cuisson<\/strong><\/h3>\n<div class=\"_tableContainer_1rjym_1\">\n<div class=\"group _tableWrapper_1rjym_13 flex w-fit flex-col-reverse\" tabindex=\"-1\">\n<table class=\"w-fit min-w-(--thread-content-width)\" data-start=\"3061\" data-end=\"3306\">\n<thead data-start=\"3061\" data-end=\"3104\">\n<tr data-start=\"3061\" data-end=\"3104\">\n<th data-start=\"3061\" data-end=\"3068\" data-col-size=\"sm\">\u00c9tape<\/th>\n<th data-start=\"3068\" data-end=\"3082\" data-col-size=\"sm\">Temp\u00e9rature<\/th>\n<th data-start=\"3082\" data-end=\"3089\" data-col-size=\"sm\">Temps<\/th>\n<th data-start=\"3089\" data-end=\"3104\" data-col-size=\"sm\">Remarques<\/th>\n<\/tr>\n<\/thead>\n<tbody data-start=\"3151\" data-end=\"3306\">\n<tr data-start=\"3151\" data-end=\"3232\">\n<td data-start=\"3151\" data-end=\"3174\" data-col-size=\"sm\">1. Combustion du liant<\/td>\n<td data-col-size=\"sm\" data-start=\"3174\" data-end=\"3182\">500\u00b0C<\/td>\n<td data-col-size=\"sm\" data-start=\"3182\" data-end=\"3191\">15 minutes<\/td>\n<td data-col-size=\"sm\" data-start=\"3191\" data-end=\"3232\">D\u00e9marrage \u00e0 froid du four, pi\u00e8ces sur la grille<\/td>\n<\/tr>\n<tr data-start=\"3233\" data-end=\"3306\">\n<td data-start=\"3233\" data-end=\"3247\" data-col-size=\"sm\">2. Frittage<\/td>\n<td data-col-size=\"sm\" data-start=\"3247\" data-end=\"3255\">800\u00b0C<\/td>\n<td data-col-size=\"sm\" data-start=\"3255\" data-end=\"3263\">1 heure<\/td>\n<td data-col-size=\"sm\" data-start=\"3263\" data-end=\"3306\">Dans du charbon actif, dans un r\u00e9cipient en acier ferm\u00e9<\/td>\n<\/tr>\n<\/tbody>\n<\/table>\n<\/div>\n<\/div>\n<\/div>\n<\/div>\n<\/div>\n","protected":false},"excerpt":{"rendered":"<p><strong>Fabriquez vos propres bijoux en bronze avec l&rsquo;argile Prometheus Bronze Clay !<\/strong><\/p>\n<p>&nbsp;<\/p>\n<p>Consultez la <strong><u><a href=\"https:\/\/www.esquell.nl\/c\/kennisbank\/bronsklei-bronze-clay-prometheus\">base de connaissances<\/a> <\/u><\/strong>sur la m\u00e9thode de travail de l&rsquo;argile de bronze pour obtenir des informations sur le modelage, la cuisson, la finition, etc.<\/p>\n<p><a href=\"https:\/\/www.esquell.nl\/c\/shop\/metaalklei\/bronsklei\"><u><strong>Regardez ici pour plus de produits \u00e0 base d&rsquo;argile bronze  <\/strong><\/u><\/a><\/p>\n<p>L&rsquo;argile de bronze de Prom\u00e9th\u00e9e est une argile qui se transforme en bronze pur lorsqu&rsquo;elle est chauff\u00e9e. Elle est compos\u00e9e de poudre de bronze, d&rsquo;eau et d&rsquo;un liant organique.<br \/>\nComme nos autres argiles, elle peut \u00eatre fa\u00e7onn\u00e9e \u00e0 la main en feuilles ou en tubes, dans des moules, textur\u00e9e et m\u00eame utilis\u00e9e sur un plateau tournant.<br \/>\nElle peut \u00eatre cuite avec la plupart des pierres synth\u00e9tiques, des zircones, des pierres naturelles pr\u00e9-test\u00e9es, des perles de verre et de la porcelaine c\u00e9ramique. Elle convient \u00e9galement tr\u00e8s bien \u00e0 l&rsquo;\u00e9maillage. Elle s\u00e8che lentement, ce qui vous permet de la p\u00e9trir et de la modeler plus longtemps.   <\/p>\n<p>L&rsquo;argile Prom\u00e9th\u00e9e Bronze peut \u00eatre conserv\u00e9e \u00e0 temp\u00e9rature ambiante et a une propri\u00e9t\u00e9 de s\u00e9chage lent qui vous permet de la p\u00e9trir et de la modeler plus longtemps. Le taux de retrait de l&rsquo;argile est de 7 \u00e0 9 %. De nombreuses propri\u00e9t\u00e9s sont similaires \u00e0 celles de l&rsquo;argile \u00e0 l&rsquo;argent ; l&rsquo;argile au bronze est chauff\u00e9e dans un four \u00e0 700\u00b0C pendant 30 minutes. En outre, il n&rsquo;est pas n\u00e9cessaire d&rsquo;utiliser une casserole en acier inoxydable ou du charbon actif pour la chauffer. Le paquet contient 100 grammes d&rsquo;argile au cuivre.    <\/p>\n<p>Vous utilisez cette argile pour cr\u00e9er des formes, en la p\u00e9trissant, en l&rsquo;\u00e9talant et en l&rsquo;enroulant.<br \/>\nBronze clay est disponible en paquets de 100 et 200 grammes.<br \/>\n<strong><br \/>\nConseils utiles pour l&rsquo;utilisation de l&rsquo;argile Prom\u00e9th\u00e9e Bronze :<\/strong><\/p>\n<p>&#8211; L&rsquo;argile de bronze doit \u00eatre conserv\u00e9e \u00e0 l&rsquo;abri de l&rsquo;air, au frais et \u00e0 l&rsquo;abri de la lumi\u00e8re.<br \/>\nDans son emballage, l&rsquo;argile de bronze se conserve 1 an.<br \/>\n&#8211; L&rsquo;argile de bronze peut \u00eatre dilu\u00e9e avec de l&rsquo;eau distill\u00e9e ou bouillie.<br \/>\n&#8211; Emballez toujours imm\u00e9diatement les restes d&rsquo;argile de bronze sous vide pour \u00e9viter l&rsquo;oxydation.<br \/>\n&#8211; L&rsquo;argile de bronze s\u00e8che \u00e0 l&rsquo;air et s\u00e8che assez rapidement, assurez-vous donc que tout est pr\u00eat<br \/>\n\u00e0 l&rsquo;avance.<br \/>\n&#8211; Une fois s\u00e8che, l&rsquo;argile au bronze est aussi dure que le pl\u00e2tre, ce qui permet de gratter ou de limer les motifs<br \/>\n.<br \/>\n&#8211; Si elle s\u00e8che et se casse, vous pouvez r\u00e9parer un ornement en argile au bronze avec de la p\u00e2te.<br \/>\n&#8211; Il est important de noter que l&rsquo;argile ne r\u00e9siste pas au gel.<\/p>\n<p><strong>Vous voulez commencer \u00e0 utiliser l&rsquo;argile Prometheus Bronze Clay vous-m\u00eame ?  <\/strong><\/p>\n<p>Dans ce cas, nous vous recommandons de suivre d&rsquo;abord un atelier avec un instructeur certifi\u00e9 d&rsquo;Art Clay Silver<br \/>\n. Vous y apprendrez \u00e0 travailler correctement l&rsquo;argile de bronze et \u00e0 utiliser les outils dans les r\u00e8gles de l&rsquo;art. De plus, c&rsquo;est incroyablement amusant !  <\/p>\n<p>&nbsp;<\/p>\n<p><strong>Instructions Prometheus\u2122 Bronze Clay<\/strong><\/p>\n<p><strong>Formes<\/strong><\/p>\n<p>Retirez l&rsquo;argile de son emballage plastique et placez-la sur un plan de travail en plastique propre et\/ou une feuille de t\u00e9flon. Utilisez vos doigts, un rouleau \u00e0 argile, des spatules, des formes autocollantes, des couteaux de bricolage, des cure-dents et d&rsquo;autres outils pour la modeler.<br \/>\nVous pouvez ajouter de la texture \u00e0 l&rsquo;argile avec des tampons, des plaques de texture et d&rsquo;autres textures int\u00e9ressantes.<br \/>\nAvec une consistance normale, l&rsquo;argile ne colle pas aux mains ou \u00e0 la surface de travail. Nous vous recommandons toutefois d&rsquo;utiliser une formule antiadh\u00e9sive. Une petite quantit\u00e9 de la formule antiadh\u00e9sive sur une surface fera en sorte que l&rsquo;argile argent\u00e9e s&rsquo;enl\u00e8ve sans effort et ne colle pas. Le liquide peut \u00eatre utilis\u00e9 en spray ou appliqu\u00e9 au pinceau. Lorsque vous utilisez des plaques de profilage ou des tampons, vous constaterez qu&rsquo;il rend les images beaucoup plus nettes et lumineuses que sans l&rsquo;utilisation d&rsquo;huile ou de baume. La formule n&rsquo;est pas nocive pour l&rsquo;argile, le support ou la sant\u00e9. Elle est \u00e9galement inodore et s\u00e8che rapidement.      <\/p>\n<p>Pour \u00e9viter que l&rsquo;argile ne se dess\u00e8che, il est conseill\u00e9 de ne pas travailler le modelage trop longtemps. Vous ne devez cependant pas vous pr\u00e9cipiter, car la p\u00e2te de bronze Prom\u00e9th\u00e9e vous laisse beaucoup de temps. Si des fissures devaient malgr\u00e9 tout appara\u00eetre, vous pouvez les \u00e9liminer en ajoutant directement de l&rsquo;eau, par exemple \u00e0 l&rsquo;aide d&rsquo;un pinceau ou d&rsquo;un vaporisateur.   Les fissures ou fractures plus importantes peuvent \u00eatre r\u00e9par\u00e9es avec un peu de p\u00e2te.<\/p>\n<p><strong>Faire des p\u00e2tes<\/strong><br \/>\nPour faire des p\u00e2tes, m\u00e9langez un peu d&rsquo;argile avec de l&rsquo;eau jusqu&rsquo;\u00e0 ce qu&rsquo;elle ait la consistance d&rsquo;un yaourt grumeleux.<\/p>\n<p><strong>S\u00e9chage<\/strong><\/p>\n<p><strong>Bake-off<\/strong><\/p>\n<p>Le chauffage de la p\u00e2te de bronze peut se faire dans un four \u00e0 820 \u00b0C pendant 30 minutes. Il n&rsquo;est pas n\u00e9cessaire d&rsquo;utiliser un r\u00e9cipient en acier inoxydable contenant du charbon actif pour le chauffage. Cependant, certaines personnes pr\u00e9f\u00e8rent cette m\u00e9thode parce que la synth\u00e8se est meilleure et qu&rsquo;un d\u00e9capage ult\u00e9rieur n&rsquo;est pas n\u00e9cessaire.<br \/>\nUne alternative int\u00e9ressante consiste \u00e0 chauffer l&rsquo;argile \u00e0 l&rsquo;aide d&rsquo;un br\u00fbleur \u00e0 gaz.  <\/p>\n<p>Les possibilit\u00e9s de cuisson de l&rsquo;argile Prom\u00e9th\u00e9e Bronze :<\/p>\n<p>Chaque four \u00e9tant l\u00e9g\u00e8rement diff\u00e9rent, nous vous recommandons de faire quelques essais et de tenir un registre d\u00e9taill\u00e9 des fours afin de cr\u00e9er votre propre tableau de cuisson (**). Vous pouvez cuire \u00e0 des temp\u00e9ratures plus \u00e9lev\u00e9es, mais vous obtiendrez alors un retrait plus important. <\/p>\n<p>(*) Utilisez des gants, des pinces, une palette et des lunettes de s\u00e9curit\u00e9 lors du chargement et du d\u00e9chargement d&rsquo;un four. Placez les pi\u00e8ces chaudes sur une surface r\u00e9sistante \u00e0 la chaleur.<br \/>\n(**) Testez la pr\u00e9cision de votre four en cuisant un petit morceau d&rsquo;argile. Les fours \u00e9lectriques ont droit \u00e0 de l\u00e9g\u00e8res d\u00e9viations, en raison de leurs syst\u00e8mes de contr\u00f4le de la temp\u00e9rature et de leurs isolations. En fonction des r\u00e9sultats de votre test, vous pouvez augmenter la temp\u00e9rature de cuisson jusqu&rsquo;\u00e0 5 %.  <\/p>\n<p>(*) Il existe une vid\u00e9o de d\u00e9monstration sur www.proclays.com<br \/>\n(**) Br\u00fblez vos pi\u00e8ces dans un endroit bien ventil\u00e9. Les personnes souffrant de probl\u00e8mes pulmonaires ou respiratoires peuvent \u00eatre affect\u00e9es par la fum\u00e9e d\u00e9gag\u00e9e.<br \/>\n(***) Utilisez des gants lorsque vous travaillez avec la couverture en c\u00e9ramique, que vous inhalez sa poussi\u00e8re et que vous vous lavez les mains apr\u00e8s avoir travaill\u00e9.<\/p>\n<p>Lorsque la cuisson est termin\u00e9e, prenez l&#8217;emballage, posez-le sur une surface r\u00e9sistante \u00e0 la chaleur et attendez qu&rsquo;il refroidisse avant de le d\u00e9baller ou sortez-le de l&#8217;emballage pendant qu&rsquo;il est chaud et trempez-le dans l&rsquo;eau. La plus grande partie du calcaire s&rsquo;\u00e9chappe de la pi\u00e8ce. Pour \u00e9liminer le reste, laissez-le dans une solution de d\u00e9capage chaude pendant un certain temps.  <\/p>\n<p><strong>M\u00e9thode conventionnelle<\/strong><\/p>\n<p>Placez le(s) morceau(x) s\u00e9ch\u00e9(s) sur une grille en acier inoxydable et pr\u00e9chauffez \u00e0 800\u00b0C\/1472\u00b0F. (**) Attendez que le four augmente \u00e0 nouveau pour atteindre la temp\u00e9rature souhait\u00e9e, puis commencez \u00e0 chronom\u00e9trer votre cuisson pendant 30 minutes.<\/p>\n<p>Lorsque la cuisson est termin\u00e9e, prenez la pi\u00e8ce, posez-la sur une surface r\u00e9sistante \u00e0 la chaleur et attendez qu&rsquo;elle refroidisse ou, mieux encore, trempez-la dans l&rsquo;eau pendant qu&rsquo;elle est chaude. (***) La plus grande partie de la calamine quitte la pi\u00e8ce. Pour \u00e9liminer le reste, laissez la pi\u00e8ce dans une solution de d\u00e9capage chaude pendant un certain temps.<br \/>\n(*) Cette m\u00e9thode est particuli\u00e8rement recommand\u00e9e pour les grandes pi\u00e8ces, les statuettes, etc.<br \/>\n(**) La plupart des fours sont plus froids pr\u00e8s de la porte d&rsquo;entr\u00e9e, alors placez-les pr\u00e8s de l&rsquo;arri\u00e8re de l&rsquo;\u00e9tuve.<br \/>\n(***) Faites attention \u00e0 la vapeur d&rsquo;eau.<\/p>\n<p><strong>M\u00e9thode du carbone<\/strong><\/p>\n<p>Il s&rsquo;agit d&rsquo;une m\u00e9thode en deux \u00e9tapes.<\/p>\n<p>\u00c9tape.1<br \/>\nPlacez le (ou les) morceau(x) s\u00e9ch\u00e9(s) sur une grille en acier inoxydable et mettez-le(s) dans le pr\u00e9-four \u00e0 500 degr\u00e9s C \/ 932 degr\u00e9s F, ou sur une cuisini\u00e8re. Faites-le br\u00fbler pendant 10 minutes, puis retirez-le sur une surface ininflammable et laissez-le refroidir. <\/p>\n<p>\u00c9tape 2<br \/>\nMettez environ 3 cm de charbon actif au fond d&rsquo;un r\u00e9cipient en acier. Placez les morceaux en laissant un espace d&rsquo;au moins 1,5 cm entre eux et remplissez le r\u00e9cipient de charbon actif, fermez-le et mettez-le dans le four pr\u00e9chauff\u00e9 \u00e0 800\u00b0C \/ 1472\u00b0C. Laissez le four se r\u00e9ajuster \u00e0 la temp\u00e9rature cible et faites-le cuire pendant 90 minutes. Une fois la cuisson termin\u00e9e, laissez-le refroidir dans le four ou sortez-le et laissez-le sur une surface isol\u00e9e jusqu&rsquo;\u00e0 ce qu&rsquo;il fasse assez froid pour sortir vos pi\u00e8ces. Une autre table de cuisson est 800\u00b0C\/f 1472 pendant 2 heures, ce qui est mieux lorsque le PBC\u2122 est combin\u00e9 avec le PCC\u2122.    <\/p>\n<p><strong>Avec un br\u00fbleur \u00e0 gaz<\/strong><\/p>\n<p>L&rsquo;argile bronze Light Yellow ne convient pas \u00e0 la cuisson avec un br\u00fbleur \u00e0 gaz.<\/p>\n<p><strong> <\/strong><\/p>\n<p><strong>Finition<\/strong><\/p>\n<p>Brossez votre pi\u00e8ce avec une brosse m\u00e9tallique et, si n\u00e9cessaire, plongez-la dans une solution de d\u00e9capage chaude. (*) Apr\u00e8s la coloration, rincez la pi\u00e8ce \u00e0 l&rsquo;eau et s\u00e9chez-la. Vous obtiendrez ainsi une belle couleur bronze rouge\u00e2tre et chaude. Vous pouvez \u00e9galement utiliser de nombreuses solutions de patine diff\u00e9rentes pour obtenir d&rsquo;autres couleurs.<br \/>\n(*) Nous recommandons les granul\u00e9s Picklean \u2122. M\u00e9langez une cuill\u00e8re \u00e0 soupe de Picklean\u2122 \u00e0 un verre d&rsquo;eau chaude et laissez-y votre pi\u00e8ce pendant un certain temps.<br \/>\nPolissez la pi\u00e8ce avec un outil de polissage, des papiers de polissage, une polisseuse \u00e0 pouces ou un moteur. L&rsquo;utilisation d&rsquo;outils de polissage peut donner un \u00e9clat suppl\u00e9mentaire \u00e0 votre travail.  <\/p>\n","protected":false},"featured_media":14228,"comment_status":"closed","ping_status":"closed","template":"","meta":{"_acf_changed":false,"_seopress_robots_primary_cat":"none","_seopress_titles_title":"","_seopress_titles_desc":"","_seopress_robots_index":""},"more":[],"product_brand":[6521],"product_cat":[6383,11931],"product_tag":[],"class_list":{"0":"post-14227","1":"product","2":"type-product","3":"status-publish","4":"has-post-thumbnail","6":"product_brand-promethee","7":"product_cat-argile-de-bronze","8":"product_cat-nouveau","9":"product_shipping_class-standard","11":"first","12":"instock","13":"taxable","14":"shipping-taxable","15":"purchasable","16":"product-type-simple"},"acf":[],"_links":{"self":[{"href":"https:\/\/esquell.eu\/fr\/wp-json\/wp\/v2\/product\/14227","targetHints":{"allow":["GET"]}}],"collection":[{"href":"https:\/\/esquell.eu\/fr\/wp-json\/wp\/v2\/product"}],"about":[{"href":"https:\/\/esquell.eu\/fr\/wp-json\/wp\/v2\/types\/product"}],"replies":[{"embeddable":true,"href":"https:\/\/esquell.eu\/fr\/wp-json\/wp\/v2\/comments?post=14227"}],"wp:featuredmedia":[{"embeddable":true,"href":"https:\/\/esquell.eu\/fr\/wp-json\/wp\/v2\/media\/14228"}],"wp:attachment":[{"href":"https:\/\/esquell.eu\/fr\/wp-json\/wp\/v2\/media?parent=14227"}],"wp:term":[{"taxonomy":"more","embeddable":true,"href":"https:\/\/esquell.eu\/fr\/wp-json\/wp\/v2\/more?post=14227"},{"taxonomy":"product_brand","embeddable":true,"href":"https:\/\/esquell.eu\/fr\/wp-json\/wp\/v2\/product_brand?post=14227"},{"taxonomy":"product_cat","embeddable":true,"href":"https:\/\/esquell.eu\/fr\/wp-json\/wp\/v2\/product_cat?post=14227"},{"taxonomy":"product_tag","embeddable":true,"href":"https:\/\/esquell.eu\/fr\/wp-json\/wp\/v2\/product_tag?post=14227"}],"curies":[{"name":"wp","href":"https:\/\/api.w.org\/{rel}","templated":true}]}}