{"id":14210,"date":"2025-11-01T18:40:37","date_gmt":"2025-11-01T18:40:37","guid":{"rendered":"https:\/\/esquell.eu\/product\/cours-de-courte-duree-sur-la-fabrication-de-bijoux-en-argent-muzisch-centrum-emmeloord\/"},"modified":"2026-02-14T10:04:42","modified_gmt":"2026-02-14T10:04:42","slug":"cours-de-courte-duree-sur-la-fabrication-de-bijoux-en-argent-muzisch-centrum-emmeloord","status":"publish","type":"product","link":"https:\/\/esquell.eu\/fr\/produit\/cours-de-courte-duree-sur-la-fabrication-de-bijoux-en-argent-muzisch-centrum-emmeloord\/","title":{"rendered":"Cours de courte dur\u00e9e sur la fabrication de bijoux en argent Muzisch Centrum Emmeloord"},"content":{"rendered":"<p><strong>Fabrication de bijoux en argent \u00e0 partir d&rsquo;argile<\/strong><\/p>\n<p>Pendant ce cours, vous fabriquerez deux ou plusieurs bijoux uniques et personnels en argent pur. Nous nous exercerons d&rsquo;abord avec de l&rsquo;argile ordinaire, puis nous r\u00e9aliserons le motif en argile argent\u00e9e. La p\u00e2te d&rsquo;argent est compos\u00e9e d&rsquo;argent recycl\u00e9, de liant et d&rsquo;eau. Elle est cuite sur une gazini\u00e8re, avec un br\u00fbleur \u00e0 gaz ou dans un four sp\u00e9cial. Une fois le bijou termin\u00e9, vous obtenez un bijou en argent unique, compos\u00e9 \u00e0 99,9 % d&rsquo;argent. Les cours sont dispens\u00e9s par une instructrice exp\u00e9riment\u00e9e et certifi\u00e9e Art Clay Silver, Agnes Koekoek et\/ou Annemarie Klappe.     <\/p>\n<p>Pendant le cours, vous b\u00e9n\u00e9ficierez d&rsquo;une r\u00e9duction de 10 % sur l&rsquo;argile argent\u00e9e et d&rsquo;autres mat\u00e9riaux dans la boutique d&rsquo;Esquell.co.uk.<\/p>\n<p>Nombre de le\u00e7ons : 4 le\u00e7ons<br \/>\nJour de la le\u00e7on : mercredi soir<br \/>\nHeure de la le\u00e7on : 19.30-22.00<br \/>\nD\u00e9but : 18 et 25 mars, 1 et 8 avril<br \/>\nPrix : \u20ac98.00 (y compris l&rsquo;utilisation des outils, excluant l&rsquo;argile)<br \/>\nL&rsquo;argile peut \u00eatre achet\u00e9e pendant les le\u00e7ons<br \/>\nLieu : Centre musical<\/p>\n","protected":false},"excerpt":{"rendered":"<p>Fabrication de bijoux en argent \u00e0 partir d&rsquo;argile Pendant ce cours, vous fabriquerez deux ou plusieurs bijoux uniques et personnels en argent pur. Nous nous exercerons d&rsquo;abord avec de l&rsquo;argile ordinaire, puis nous r\u00e9aliserons le motif en argile argent\u00e9e. La p\u00e2te d&rsquo;argent est compos\u00e9e d&rsquo;argent recycl\u00e9, de liant et d&rsquo;eau. Elle est cuite sur une&#8230;<\/p>\n","protected":false},"featured_media":14223,"comment_status":"closed","ping_status":"closed","template":"","meta":{"_acf_changed":false,"_seopress_robots_primary_cat":"none","_seopress_titles_title":"","_seopress_titles_desc":"","_seopress_robots_index":""},"more":[12210],"product_brand":[],"product_cat":[11931],"product_tag":[6473,6404,7500,6405,6376,6372,12222,7770,12220,12211,12215,8226,12213,12218,6423,8503,8509,6374,6785,12219,6653,12221,6951,6634,6472,8216,8501,8497,6657,12217,8511,7032],"class_list":{"0":"post-14210","1":"product","2":"type-product","3":"status-publish","4":"has-post-thumbnail","6":"more-evenements","7":"product_cat-nouveau","8":"product_tag-argile-2","9":"product_tag-argile-argentee","10":"product_tag-argile-argentee-3","11":"product_tag-artclay","12":"product_tag-artclaysilver","13":"product_tag-bijoux","14":"product_tag-blacklock","15":"product_tag-camps","16":"product_tag-classe","17":"product_tag-classe-argent","18":"product_tag-classes","19":"product_tag-cours","20":"product_tag-cours-dargile-argentee","21":"product_tag-court-2","22":"product_tag-de","23":"product_tag-dronten","24":"product_tag-emmeloord","25":"product_tag-faire","26":"product_tag-flevoland","27":"product_tag-formation-a-largile-argentee","28":"product_tag-frise","29":"product_tag-genemuiden","30":"product_tag-heerenveen","31":"product_tag-largent-3","32":"product_tag-lart","33":"product_tag-lecole","34":"product_tag-lemmer","35":"product_tag-meppel","36":"product_tag-overijssel","37":"product_tag-scool","38":"product_tag-se-faufiler","39":"product_tag-zwolle","40":"product_shipping_class-gratuit","42":"first","43":"outofstock","44":"taxable","45":"shipping-taxable","46":"purchasable","47":"product-type-simple"},"acf":[],"_links":{"self":[{"href":"https:\/\/esquell.eu\/fr\/wp-json\/wp\/v2\/product\/14210","targetHints":{"allow":["GET"]}}],"collection":[{"href":"https:\/\/esquell.eu\/fr\/wp-json\/wp\/v2\/product"}],"about":[{"href":"https:\/\/esquell.eu\/fr\/wp-json\/wp\/v2\/types\/product"}],"replies":[{"embeddable":true,"href":"https:\/\/esquell.eu\/fr\/wp-json\/wp\/v2\/comments?post=14210"}],"wp:featuredmedia":[{"embeddable":true,"href":"https:\/\/esquell.eu\/fr\/wp-json\/wp\/v2\/media\/14223"}],"wp:attachment":[{"href":"https:\/\/esquell.eu\/fr\/wp-json\/wp\/v2\/media?parent=14210"}],"wp:term":[{"taxonomy":"more","embeddable":true,"href":"https:\/\/esquell.eu\/fr\/wp-json\/wp\/v2\/more?post=14210"},{"taxonomy":"product_brand","embeddable":true,"href":"https:\/\/esquell.eu\/fr\/wp-json\/wp\/v2\/product_brand?post=14210"},{"taxonomy":"product_cat","embeddable":true,"href":"https:\/\/esquell.eu\/fr\/wp-json\/wp\/v2\/product_cat?post=14210"},{"taxonomy":"product_tag","embeddable":true,"href":"https:\/\/esquell.eu\/fr\/wp-json\/wp\/v2\/product_tag?post=14210"}],"curies":[{"name":"wp","href":"https:\/\/api.w.org\/{rel}","templated":true}]}}