{"id":13886,"date":"2025-04-03T09:20:45","date_gmt":"2025-04-03T09:20:45","guid":{"rendered":"https:\/\/esquell.eu\/product\/pate-a-braser-pate-a-braser-argentee-differentes-duretes-contenu-8-grammes\/"},"modified":"2026-01-17T04:51:08","modified_gmt":"2026-01-17T04:51:08","slug":"pate-a-braser-pate-a-braser-argentee-differentes-duretes-contenu-8-grammes","status":"publish","type":"product","link":"https:\/\/esquell.eu\/fr\/produit\/pate-a-braser-pate-a-braser-argentee-differentes-duretes-contenu-8-grammes\/","title":{"rendered":"P\u00e2te \u00e0 braser P\u00e2te \u00e0 braser argent\u00e9e. Diff\u00e9rentes duret\u00e9s. Contenu 8 g"},"content":{"rendered":"<p>P\u00e2te \u00e0 braser pour la soudure \u00e0 l&rsquo;argent. Fabrication de bijoux, boucles d&rsquo;oreilles, bagues. <\/p>\n<p>Contenu 8 g P\u00e2te \u00e0 braser compl\u00e8te, sans flux.<\/p>\n<p>Duret\u00e9 variable<\/p>\n<p>570- doux \/ facile<\/p>\n<p>640- moyen<\/p>\n<p>690-moyens +<\/p>\n<p>730- dur<\/p>\n<p>&nbsp;<\/p>\n","protected":false},"excerpt":{"rendered":"<p>P\u00e2te \u00e0 braser medium 570 pour la soudure \u00e0 l&rsquo;argent.<\/p>\n<p>Contenu 8 grammes<\/p>\n<p>P\u00e2te \u00e0 braser compl\u00e8te, sans flux.<\/p>\n<p><a href=\"https:\/\/www.esquell.nl\/c\/kennisbank\/solderen-met-soldeerpasta\"><u>Brasage manuel avec de la p\u00e2te \u00e0 braser \u00e0 l&rsquo;argent.<\/u><\/a><\/p>\n","protected":false},"featured_media":13889,"comment_status":"closed","ping_status":"closed","template":"","meta":{"_acf_changed":false,"_seopress_robots_primary_cat":"none","_seopress_titles_title":"","_seopress_titles_desc":"","_seopress_robots_index":""},"more":[],"product_brand":[6363],"product_cat":[10058],"product_tag":[6470,6477,6476,6645,6939,11760,6473,6404,6378,6390,6405,7567,6376,6575,6393,6396,8238,6372,6642,11766,10147,11758,7479,6369,6634,6472,8239,6400,6656,10137,11763,6652,6643,11756,6391,8078,11637],"class_list":{"0":"post-13886","1":"product","2":"type-product","3":"status-publish","4":"has-post-thumbnail","6":"product_brand-bm","7":"product_cat-soudure","8":"product_tag-6470","9":"product_tag-6477","10":"product_tag-6476","11":"product_tag-a","12":"product_tag-acheter-2","13":"product_tag-acheter-en-ligne","14":"product_tag-argile-2","15":"product_tag-argile-argentee","16":"product_tag-argile-metallique","17":"product_tag-argile-metallique-2","18":"product_tag-artclay","19":"product_tag-artclayacademy","20":"product_tag-artclaysilver","21":"product_tag-ateliers","22":"product_tag-belgique","23":"product_tag-belgique-2","24":"product_tag-benelux","25":"product_tag-bijoux","26":"product_tag-bijoux-2","27":"product_tag-brasage-france","28":"product_tag-facile","29":"product_tag-facile-2","30":"product_tag-france-2","31":"product_tag-largent","32":"product_tag-largent-3","33":"product_tag-lart","34":"product_tag-lecons","35":"product_tag-luxembourg","36":"product_tag-luxembourg-2","37":"product_tag-metal-precieux","38":"product_tag-metalclayschool","39":"product_tag-orfevres","40":"product_tag-ou","41":"product_tag-pate-a-souder","42":"product_tag-pays-bas","43":"product_tag-soudure","44":"product_tag-soudure-a-largent","45":"product_shipping_class-standard","47":"first","48":"instock","49":"taxable","50":"shipping-taxable","51":"purchasable","52":"product-type-variable"},"acf":[],"_links":{"self":[{"href":"https:\/\/esquell.eu\/fr\/wp-json\/wp\/v2\/product\/13886","targetHints":{"allow":["GET"]}}],"collection":[{"href":"https:\/\/esquell.eu\/fr\/wp-json\/wp\/v2\/product"}],"about":[{"href":"https:\/\/esquell.eu\/fr\/wp-json\/wp\/v2\/types\/product"}],"replies":[{"embeddable":true,"href":"https:\/\/esquell.eu\/fr\/wp-json\/wp\/v2\/comments?post=13886"}],"wp:featuredmedia":[{"embeddable":true,"href":"https:\/\/esquell.eu\/fr\/wp-json\/wp\/v2\/media\/13889"}],"wp:attachment":[{"href":"https:\/\/esquell.eu\/fr\/wp-json\/wp\/v2\/media?parent=13886"}],"wp:term":[{"taxonomy":"more","embeddable":true,"href":"https:\/\/esquell.eu\/fr\/wp-json\/wp\/v2\/more?post=13886"},{"taxonomy":"product_brand","embeddable":true,"href":"https:\/\/esquell.eu\/fr\/wp-json\/wp\/v2\/product_brand?post=13886"},{"taxonomy":"product_cat","embeddable":true,"href":"https:\/\/esquell.eu\/fr\/wp-json\/wp\/v2\/product_cat?post=13886"},{"taxonomy":"product_tag","embeddable":true,"href":"https:\/\/esquell.eu\/fr\/wp-json\/wp\/v2\/product_tag?post=13886"}],"curies":[{"name":"wp","href":"https:\/\/api.w.org\/{rel}","templated":true}]}}