{"id":13881,"date":"2025-04-03T09:20:45","date_gmt":"2025-04-03T09:20:45","guid":{"rendered":"https:\/\/esquell.eu\/product\/flux-ceramique-firescoff-30ml\/"},"modified":"2025-11-08T23:19:48","modified_gmt":"2025-11-08T23:19:48","slug":"flux-ceramique-firescoff-30ml","status":"publish","type":"product","link":"https:\/\/esquell.eu\/fr\/produit\/flux-ceramique-firescoff-30ml\/","title":{"rendered":"Flux c\u00e9ramique Firescoff 30ml"},"content":{"rendered":"<p>Agit comme flux, agent de bouchage et agent de d\u00e9coction !<\/p>\n<p>Le tout-en-un Firescoff forme un rev\u00eatement protecteur c\u00e9ramique \u00e0 base de nanoparticules, facile \u00e0 pulv\u00e9riser, qui assure un flux de soudure extr\u00eamement constant tout en prot\u00e9geant le m\u00e9tal contre les attaques thermiques. Il assure un flux de soudure extr\u00eamement constant tout en prot\u00e9geant le m\u00e9tal contre les attaques thermiques.<br \/>\nFirescoff prot\u00e8ge non seulement les pierres et le m\u00e9tal, mais pr\u00e9serve \u00e9galement l&rsquo;alliage, la couleur et la patine d&rsquo;origine des m\u00e9taux pr\u00e9cieux. Enti\u00e8rement soluble dans l&rsquo;eau Il rend vos soudures plus s\u00fbres, plus rapides et plus \u00e9conomiques. Il suffit de vaporiser Firescoff sur la pi\u00e8ce \u00e0 souder, de souder et de laver \u00e0 l&rsquo;eau chaude. Firescoff ne contient ni fluor ni chlorure et est ininflammable.    <\/p>\n<p>M\u00e9thodes :<\/p>\n<ul>\n<li>chauffer l&rsquo;objet \u00e0 environ 120 \u00baC<\/li>\n<li>Vaporisez du Firescoff sur l&rsquo;objet chauff\u00e9 pour cr\u00e9er une couche de poudre blanche, puis continuez \u00e0 chauffer l&rsquo;objet.<\/li>\n<li>Si du m\u00e9tal nu appara\u00eet, appliquez plus de Firescoff.<\/li>\n<li>Continuez \u00e0 souder comme d&rsquo;habitude. Firescoff agit comme un agent de recouvrement ET comme un flux ! <\/li>\n<\/ul>\n<p>Apr\u00e8s le brasage, retirez le Firescoff dans l&rsquo;eau ou par ultrasons.<\/p>\n","protected":false},"excerpt":{"rendered":"<p>Fonctionne comme flux, agent de bouchage et agent de d\u00e9coction !<\/p>\n<p>&nbsp;<\/p>\n<p>Le tout-en-un Firescoff forme un rev\u00eatement protecteur c\u00e9ramique \u00e0 base de nanoparticules, facile \u00e0 pulv\u00e9riser, qui assure un flux de soudure extr\u00eamement constant tout en prot\u00e9geant le m\u00e9tal contre les attaques thermiques. Il assure un flux de soudure extr\u00eamement constant tout en prot\u00e9geant le m\u00e9tal contre les attaques thermiques.<br \/>\nFirescoff prot\u00e8ge non seulement les pierres et le m\u00e9tal, mais pr\u00e9serve \u00e9galement l&rsquo;alliage, la couleur et la patine d&rsquo;origine des m\u00e9taux pr\u00e9cieux. Enti\u00e8rement soluble dans l&rsquo;eau Vos travaux de soudure sont ainsi plus s\u00fbrs, plus rapides et plus \u00e9conomiques. Il suffit de vaporiser Firescoff sur la pi\u00e8ce \u00e0 souder, de souder et de laver \u00e0 l&rsquo;eau chaude. Firescoff ne contient ni fluor ni chlorure et est ininflammable.    <\/p>\n<p>M\u00e9thodes :<\/p>\n<ul>\n<li>chauffer l&rsquo;objet \u00e0 environ 120 \u00baC<\/li>\n<li>Vaporisez du Firescoff sur l&rsquo;objet chauff\u00e9 pour cr\u00e9er une couche de poudre blanche, puis continuez \u00e0 chauffer l&rsquo;objet.<\/li>\n<li>Si du m\u00e9tal nu appara\u00eet, appliquez plus de Firescoff.<\/li>\n<li>Continuez \u00e0 souder comme d&rsquo;habitude. Firescoff agit comme un agent de recouvrement ET comme un flux ! <\/li>\n<\/ul>\n<p>Apr\u00e8s le brasage, retirez le Firescoff dans l&rsquo;eau ou par ultrasons.<\/p>\n","protected":false},"featured_media":13882,"comment_status":"closed","ping_status":"closed","template":"","meta":{"_acf_changed":false,"_seopress_robots_primary_cat":"none","_seopress_titles_title":"","_seopress_titles_desc":"","_seopress_robots_index":""},"more":[],"product_brand":[6363],"product_cat":[10058],"product_tag":[],"class_list":{"0":"post-13881","1":"product","2":"type-product","3":"status-publish","4":"has-post-thumbnail","6":"product_brand-bm","7":"product_cat-soudure","8":"product_shipping_class-standard","10":"first","11":"instock","12":"taxable","13":"shipping-taxable","14":"purchasable","15":"product-type-simple"},"acf":[],"_links":{"self":[{"href":"https:\/\/esquell.eu\/fr\/wp-json\/wp\/v2\/product\/13881","targetHints":{"allow":["GET"]}}],"collection":[{"href":"https:\/\/esquell.eu\/fr\/wp-json\/wp\/v2\/product"}],"about":[{"href":"https:\/\/esquell.eu\/fr\/wp-json\/wp\/v2\/types\/product"}],"replies":[{"embeddable":true,"href":"https:\/\/esquell.eu\/fr\/wp-json\/wp\/v2\/comments?post=13881"}],"wp:featuredmedia":[{"embeddable":true,"href":"https:\/\/esquell.eu\/fr\/wp-json\/wp\/v2\/media\/13882"}],"wp:attachment":[{"href":"https:\/\/esquell.eu\/fr\/wp-json\/wp\/v2\/media?parent=13881"}],"wp:term":[{"taxonomy":"more","embeddable":true,"href":"https:\/\/esquell.eu\/fr\/wp-json\/wp\/v2\/more?post=13881"},{"taxonomy":"product_brand","embeddable":true,"href":"https:\/\/esquell.eu\/fr\/wp-json\/wp\/v2\/product_brand?post=13881"},{"taxonomy":"product_cat","embeddable":true,"href":"https:\/\/esquell.eu\/fr\/wp-json\/wp\/v2\/product_cat?post=13881"},{"taxonomy":"product_tag","embeddable":true,"href":"https:\/\/esquell.eu\/fr\/wp-json\/wp\/v2\/product_tag?post=13881"}],"curies":[{"name":"wp","href":"https:\/\/api.w.org\/{rel}","templated":true}]}}