{"id":13871,"date":"2025-04-03T09:20:45","date_gmt":"2025-04-03T09:20:45","guid":{"rendered":"https:\/\/esquell.eu\/product\/technoflux-protection-des-pierres-et-des-metaux-lors-de-la-soudure\/"},"modified":"2026-03-30T14:41:32","modified_gmt":"2026-03-30T14:41:32","slug":"technoflux-protection-des-pierres-et-des-metaux-lors-de-la-soudure","status":"publish","type":"product","link":"https:\/\/esquell.eu\/fr\/produit\/technoflux-protection-des-pierres-et-des-metaux-lors-de-la-soudure\/","title":{"rendered":"Technoflux Protection des pierres et des m\u00e9taux lors de la soudure."},"content":{"rendered":"<p>Technoflux Cool-Paste 120 g<\/p>\n<p>Pour recouvrir les pierres (pr\u00e9cieuses), les m\u00e9taux, le chrome, le verre, les plastiques, le bois, la laque, les textiles, etc. lors de la soudure.<\/p>\n<p>Le Cool-Paste prot\u00e8ge efficacement les zones sensibles de la chaleur.<\/p>\n<p>Facile \u00e0 utiliser &#8211; appliquez g\u00e9n\u00e9reusement le Cool-Paste sur les pi\u00e8ces \u00e0 prot\u00e9ger ; apr\u00e8s la soudure, rincez simplement le r\u00e9sidu avec de l&rsquo;eau.<\/p>\n","protected":false},"excerpt":{"rendered":"<p>Technoflux Cool-Paste 120 g<\/p>\n<p>Pour recouvrir les pierres (pr\u00e9cieuses), les m\u00e9taux, le chrome, le verre, les plastiques, le bois, la laque, les textiles, etc. lors de la soudure.<\/p>\n<p>Le Cool-Paste prot\u00e8ge efficacement les zones sensibles de la chaleur.<\/p>\n<p>Facile \u00e0 utiliser &#8211; appliquez g\u00e9n\u00e9reusement le Cool-Paste sur les pi\u00e8ces \u00e0 prot\u00e9ger ; apr\u00e8s la soudure, rincez simplement le r\u00e9sidu avec de l&rsquo;eau.<\/p>\n<p>&nbsp;<\/p>\n","protected":false},"featured_media":13884,"comment_status":"closed","ping_status":"closed","template":"","meta":{"_acf_changed":false,"_seopress_robots_primary_cat":"none","_seopress_titles_title":"","_seopress_titles_desc":"","_seopress_robots_index":""},"more":[],"product_brand":[6363],"product_cat":[6364,10058],"product_tag":[11749,6939,7929,6404,6378,6390,6393,11488,6389,6796,11672,10878,11636,10955,11642,11646,11657,11675,11639,6738,11685,11645,8641,6655,7229,9797,6635,6653,6651,11633,11670,11668,11663,6968,6559,6789,11654,11630,6661,6652,6643,7405,6657,11660,11648,11742,8165,6391,6665,6428,7602,11666,9924,11747,11651,11682,11745,7774,9894,6443,6407,8078,6663,11688,6787,11627,7055,6667,11679],"class_list":{"0":"post-13871","1":"product","2":"type-product","3":"status-publish","4":"has-post-thumbnail","6":"product_brand-bm","7":"product_cat-materiel-supplementaire","8":"product_cat-soudure","9":"product_tag-a-5","10":"product_tag-acheter-2","11":"product_tag-acrylique","12":"product_tag-argile-argentee","13":"product_tag-argile-metallique","14":"product_tag-argile-metallique-2","15":"product_tag-belgique","16":"product_tag-bois","17":"product_tag-boutique-en-ligne","18":"product_tag-boutique-en-ligne-2","19":"product_tag-brule","20":"product_tag-bruler","21":"product_tag-byoux","22":"product_tag-cabochons-en-verre","23":"product_tag-chaleur-2","24":"product_tag-chaleur-3","25":"product_tag-chrome","26":"product_tag-claquage","27":"product_tag-coabochons","28":"product_tag-cool","29":"product_tag-cool-2","30":"product_tag-couvrir","31":"product_tag-cuisson","32":"product_tag-drenthe","33":"product_tag-email","34":"product_tag-epoxy","35":"product_tag-fournitures","36":"product_tag-frise","37":"product_tag-groningue","38":"product_tag-hommes","39":"product_tag-isolation","40":"product_tag-isolation-thermique","41":"product_tag-laque","42":"product_tag-liens","43":"product_tag-lignes-dartisanat","44":"product_tag-limbourg","45":"product_tag-metalalen","46":"product_tag-moderne","47":"product_tag-nord","48":"product_tag-orfevres","49":"product_tag-ou","50":"product_tag-outil-2","51":"product_tag-overijssel","52":"product_tag-palstique","53":"product_tag-pate-froide","54":"product_tag-pate-froide-2","55":"product_tag-pates","56":"product_tag-pays-bas","57":"product_tag-pays-bas-2","58":"product_tag-pierre","59":"product_tag-pierres-precieuses","60":"product_tag-pointe-a-souder","61":"product_tag-protection","62":"product_tag-protection-contre-la-chaleur","63":"product_tag-proteger","64":"product_tag-refroidissement","65":"product_tag-refroidissement-2","66":"product_tag-resine","67":"product_tag-resine-2","68":"product_tag-resine-uv","69":"product_tag-silverclay-co-uk","70":"product_tag-soudure","71":"product_tag-sud","72":"product_tag-tenir","73":"product_tag-utrecht","74":"product_tag-uvresin","75":"product_tag-verre","76":"product_tag-zelande","77":"product_tag-zilrconia","78":"product_shipping_class-standard","80":"first","81":"instock","82":"taxable","83":"shipping-taxable","84":"purchasable","85":"product-type-simple"},"acf":[],"_links":{"self":[{"href":"https:\/\/esquell.eu\/fr\/wp-json\/wp\/v2\/product\/13871","targetHints":{"allow":["GET"]}}],"collection":[{"href":"https:\/\/esquell.eu\/fr\/wp-json\/wp\/v2\/product"}],"about":[{"href":"https:\/\/esquell.eu\/fr\/wp-json\/wp\/v2\/types\/product"}],"replies":[{"embeddable":true,"href":"https:\/\/esquell.eu\/fr\/wp-json\/wp\/v2\/comments?post=13871"}],"wp:featuredmedia":[{"embeddable":true,"href":"https:\/\/esquell.eu\/fr\/wp-json\/wp\/v2\/media\/13884"}],"wp:attachment":[{"href":"https:\/\/esquell.eu\/fr\/wp-json\/wp\/v2\/media?parent=13871"}],"wp:term":[{"taxonomy":"more","embeddable":true,"href":"https:\/\/esquell.eu\/fr\/wp-json\/wp\/v2\/more?post=13871"},{"taxonomy":"product_brand","embeddable":true,"href":"https:\/\/esquell.eu\/fr\/wp-json\/wp\/v2\/product_brand?post=13871"},{"taxonomy":"product_cat","embeddable":true,"href":"https:\/\/esquell.eu\/fr\/wp-json\/wp\/v2\/product_cat?post=13871"},{"taxonomy":"product_tag","embeddable":true,"href":"https:\/\/esquell.eu\/fr\/wp-json\/wp\/v2\/product_tag?post=13871"}],"curies":[{"name":"wp","href":"https:\/\/api.w.org\/{rel}","templated":true}]}}