{"id":13852,"date":"2025-04-03T09:17:04","date_gmt":"2025-04-03T09:17:04","guid":{"rendered":"https:\/\/esquell.eu\/product\/galets-naturels-irreguliers-melange-1-assortis-environ-40-grammes\/"},"modified":"2025-11-20T23:52:18","modified_gmt":"2025-11-20T23:52:18","slug":"galets-naturels-irreguliers-melange-1-assortis-environ-40-grammes","status":"publish","type":"product","link":"https:\/\/esquell.eu\/fr\/produit\/galets-naturels-irreguliers-melange-1-assortis-environ-40-grammes\/","title":{"rendered":"Galets naturels irr\u00e9guliers. M\u00e9lange 1 Assortis. environ 40 grammes"},"content":{"rendered":"<p>Galets irr\u00e9guliers assortis. Minimum 10 vari\u00e9t\u00e9s par sac. <\/p>\n<p>M\u00e9langez avec de petites pierres de 2 \u00e0 8 mm en moyenne<\/p>\n<p>Total 40 grammes par sachet.<\/p>\n<p>(les pierres similaires aux exemples de bagues, photos, sont \u00e9galement dans la gamme)<\/p>\n<p>Entre autres.<\/p>\n<p>Aventurine verte<\/p>\n<p>\u0152il de tigre<\/p>\n<p>Labradorite<\/p>\n<p>Grenat<\/p>\n<p>Quartz rose<\/p>\n<p>Cristal de montagne<\/p>\n<p>Pierre de lune<\/p>\n<p>Aventurine bleue<\/p>\n<p>Apatite<\/p>\n<p>Amazonite<\/p>\n<p>Flurite<\/p>\n<p>Aigue-marine<\/p>\n<p>Lapis Lazuli<\/p>\n","protected":false},"excerpt":{"rendered":"<p>Galets irr\u00e9guliers assortis. Minimum 10 vari\u00e9t\u00e9s par sac. <\/p>\n<p>M\u00e9langez avec de petites pierres de 2 \u00e0 8 mm en moyenne<\/p>\n<p>Total 40 grammes par sachet.<\/p>\n<p>(les pierres similaires aux exemples de bagues, photos, sont \u00e9galement dans la gamme)<\/p>\n<p>Entre autres.<\/p>\n<p>Aventurine verte<\/p>\n<p>\u0152il de tigre<\/p>\n<p>Labradorite<\/p>\n<p>Grenat<\/p>\n<p>Quartz rose<\/p>\n<p>Cristal de montagne<\/p>\n<p>Pierre de lune<\/p>\n<p>Aventurine bleue<\/p>\n<p>Apatite<\/p>\n<p>Amazonite<\/p>\n<p>Flurite<\/p>\n<p>Aigue-marine<\/p>\n<p>Lapis Lazuli<\/p>\n<p>&nbsp;<\/p>\n<p>&nbsp;<\/p>\n<p>Combinez avec<\/p>\n<p><a href=\"https:\/\/www.esquell.nl\/p\/anti-krimp-compound-voor-metaalklei-zilverklei\"><strong><u>Compos\u00e9 anti-r\u00e9tr\u00e9cissement pour argile argent\u00e9e \/ argile m\u00e9tallique<\/u><\/strong><\/a><\/p>\n<p><a href=\"https:\/\/www.esquell.nl\/p\/led-en-uv-resin-25-gram-extra-helder-en-extra-hard-japan-r-1075\"><strong><u>LED et r\u00e9sine super UV.<\/u><\/strong><\/a><\/p>\n<p>&nbsp;<\/p>\n","protected":false},"featured_media":13858,"comment_status":"closed","ping_status":"closed","template":"","meta":{"_acf_changed":false,"_seopress_robots_primary_cat":"none","_seopress_titles_title":"","_seopress_titles_desc":"","_seopress_robots_index":""},"more":[],"product_brand":[6398],"product_cat":[11574],"product_tag":[11589,11587,11581,11586,11579,6372,6374,11590,15992,11588,6849,11562,11582,11580,11577,11575,6483,7506,11584,11585,11583,7055],"class_list":{"0":"post-13852","1":"product","2":"type-product","3":"status-publish","4":"has-post-thumbnail","6":"product_brand-l1","7":"product_cat-cabochons-autres-formes","8":"product_tag-aigue-marine","9":"product_tag-amazonite","10":"product_tag-amethyste","11":"product_tag-apatite","12":"product_tag-aventurine","13":"product_tag-bijoux","14":"product_tag-faire","15":"product_tag-fantaisiste","16":"product_tag-fantaisiste-2","17":"product_tag-flurite","18":"product_tag-formulaires","19":"product_tag-irregulier","20":"product_tag-irregulier-2","21":"product_tag-labradorite","22":"product_tag-oeil-de-tigre","23":"product_tag-organique","24":"product_tag-pierre-naturelle","25":"product_tag-pour","26":"product_tag-rouch","27":"product_tag-ruch","28":"product_tag-rude","29":"product_tag-verre","30":"product_shipping_class-standard","32":"first","33":"instock","34":"sale","35":"taxable","36":"shipping-taxable","37":"purchasable","38":"product-type-simple"},"acf":[],"_links":{"self":[{"href":"https:\/\/esquell.eu\/fr\/wp-json\/wp\/v2\/product\/13852","targetHints":{"allow":["GET"]}}],"collection":[{"href":"https:\/\/esquell.eu\/fr\/wp-json\/wp\/v2\/product"}],"about":[{"href":"https:\/\/esquell.eu\/fr\/wp-json\/wp\/v2\/types\/product"}],"replies":[{"embeddable":true,"href":"https:\/\/esquell.eu\/fr\/wp-json\/wp\/v2\/comments?post=13852"}],"wp:featuredmedia":[{"embeddable":true,"href":"https:\/\/esquell.eu\/fr\/wp-json\/wp\/v2\/media\/13858"}],"wp:attachment":[{"href":"https:\/\/esquell.eu\/fr\/wp-json\/wp\/v2\/media?parent=13852"}],"wp:term":[{"taxonomy":"more","embeddable":true,"href":"https:\/\/esquell.eu\/fr\/wp-json\/wp\/v2\/more?post=13852"},{"taxonomy":"product_brand","embeddable":true,"href":"https:\/\/esquell.eu\/fr\/wp-json\/wp\/v2\/product_brand?post=13852"},{"taxonomy":"product_cat","embeddable":true,"href":"https:\/\/esquell.eu\/fr\/wp-json\/wp\/v2\/product_cat?post=13852"},{"taxonomy":"product_tag","embeddable":true,"href":"https:\/\/esquell.eu\/fr\/wp-json\/wp\/v2\/product_tag?post=13852"}],"curies":[{"name":"wp","href":"https:\/\/api.w.org\/{rel}","templated":true}]}}