{"id":13748,"date":"2025-04-03T09:19:52","date_gmt":"2025-04-03T09:19:52","guid":{"rendered":"https:\/\/esquell.eu\/product\/colle-pour-bijoux-hasulith\/"},"modified":"2026-01-10T16:59:58","modified_gmt":"2026-01-10T16:59:58","slug":"colle-pour-bijoux-hasulith","status":"publish","type":"product","link":"https:\/\/esquell.eu\/fr\/produit\/colle-pour-bijoux-hasulith\/","title":{"rendered":"Colle pour bijoux Hasulith"},"content":{"rendered":"<p>Colle pour bijoux Hasulith originale, pour le collage permanent de divers mat\u00e9riaux tels que le verre, le m\u00e9tal, le bois, le cuir, la c\u00e9ramique, la porcelaine et certains plastiques durs.<\/p>\n<p>Convient \u00e9galement pour le collage du verre et des pierres.<\/p>\n<p>Ne convient pas pour les plastiques tels que PE, PP, PVC, PA et divers produits en mousse.<\/p>\n<p>Livr\u00e9 dans un tube de 31 ml.<\/p>\n<p>Pour les avertissements de s\u00e9curit\u00e9, voir l&#8217;emballage (photo).<\/p>\n","protected":false},"excerpt":{"rendered":"<p>Colle pour bijoux Hasulith originale, pour le collage permanent de divers mat\u00e9riaux tels que le verre, le m\u00e9tal, le bois, le cuir, la c\u00e9ramique, la porcelaine et certains plastiques durs.<\/p>\n<p>Convient \u00e9galement pour le collage du verre et des pierres.<\/p>\n<p>Ne convient pas pour les plastiques tels que PE, PP, PVC, PA et divers produits en mousse.<\/p>\n<p>Livr\u00e9 dans un tube de 31 ml.<\/p>\n<p>Pour les avertissements de s\u00e9curit\u00e9, voir l&#8217;emballage (photo).<\/p>\n","protected":false},"featured_media":13749,"comment_status":"closed","ping_status":"closed","template":"","meta":{"_acf_changed":false,"_seopress_robots_primary_cat":"none","_seopress_titles_title":"","_seopress_titles_desc":"","_seopress_robots_index":""},"more":[],"product_brand":[6363],"product_cat":[11484,6364],"product_tag":[],"class_list":{"0":"post-13748","1":"product","2":"type-product","3":"status-publish","4":"has-post-thumbnail","6":"product_brand-bm","7":"product_cat-adhesifs","8":"product_cat-materiel-supplementaire","9":"product_shipping_class-standard","11":"first","12":"instock","13":"taxable","14":"shipping-taxable","15":"purchasable","16":"product-type-simple"},"acf":[],"_links":{"self":[{"href":"https:\/\/esquell.eu\/fr\/wp-json\/wp\/v2\/product\/13748","targetHints":{"allow":["GET"]}}],"collection":[{"href":"https:\/\/esquell.eu\/fr\/wp-json\/wp\/v2\/product"}],"about":[{"href":"https:\/\/esquell.eu\/fr\/wp-json\/wp\/v2\/types\/product"}],"replies":[{"embeddable":true,"href":"https:\/\/esquell.eu\/fr\/wp-json\/wp\/v2\/comments?post=13748"}],"wp:featuredmedia":[{"embeddable":true,"href":"https:\/\/esquell.eu\/fr\/wp-json\/wp\/v2\/media\/13749"}],"wp:attachment":[{"href":"https:\/\/esquell.eu\/fr\/wp-json\/wp\/v2\/media?parent=13748"}],"wp:term":[{"taxonomy":"more","embeddable":true,"href":"https:\/\/esquell.eu\/fr\/wp-json\/wp\/v2\/more?post=13748"},{"taxonomy":"product_brand","embeddable":true,"href":"https:\/\/esquell.eu\/fr\/wp-json\/wp\/v2\/product_brand?post=13748"},{"taxonomy":"product_cat","embeddable":true,"href":"https:\/\/esquell.eu\/fr\/wp-json\/wp\/v2\/product_cat?post=13748"},{"taxonomy":"product_tag","embeddable":true,"href":"https:\/\/esquell.eu\/fr\/wp-json\/wp\/v2\/product_tag?post=13748"}],"curies":[{"name":"wp","href":"https:\/\/api.w.org\/{rel}","templated":true}]}}