{"id":13742,"date":"2025-04-03T09:19:52","date_gmt":"2025-04-03T09:19:52","guid":{"rendered":"https:\/\/esquell.eu\/product\/argile-a-bois-argile-a-bois-mokunensan-300-g-f-1572\/"},"modified":"2026-01-10T16:59:36","modified_gmt":"2026-01-10T16:59:36","slug":"argile-a-bois-argile-a-bois-mokunensan-300-g-f-1572","status":"publish","type":"product","link":"https:\/\/esquell.eu\/fr\/produit\/argile-a-bois-argile-a-bois-mokunensan-300-g-f-1572\/","title":{"rendered":"Argile \u00e0 bois Argile \u00e0 bois Mokunensan 300 g F-1572"},"content":{"rendered":"<p>L&rsquo;argile \u00e0 bois, Mokunensan, est un outil id\u00e9al pour cr\u00e9er des formes creuses et inhabituelles \u00e0 partir d&rsquo;argile m\u00e9tallique.<br \/>\nLorsqu&rsquo;elle est chauff\u00e9e, l&rsquo;argile \u00e0 bois br\u00fble et laisse votre bijou.<\/p>\n<p>En faisant une base avec l&rsquo;argile \u00e0 bois, vous pouvez la travailler avec de l&rsquo;argile, de l&rsquo;argile en spray ou de la p\u00e2te.<\/p>\n<p>L&rsquo;argile \u00e0 bois fonctionne de la m\u00eame mani\u00e8re que l&rsquo;argile \u00e0 li\u00e8ge.<\/p>\n","protected":false},"excerpt":{"rendered":"<p>L&rsquo;argile \u00e0 bois, Mokunensan, est un outil id\u00e9al pour r\u00e9aliser des formes creuses et inhabituelles \u00e0 partir d&rsquo;argile m\u00e9tallique.<br \/>\nLorsqu&rsquo;elle est chauff\u00e9e, l&rsquo;argile \u00e0 bois br\u00fble et laisse votre bijou.<\/p>\n<p>En cr\u00e9ant une base \u00e0 partir de l&rsquo;argile \u00e0 bois, vous pouvez la travailler avec de l&rsquo;argile, de l&rsquo;argile en spray ou de la p\u00e2te.<\/p>\n<p>L&rsquo;argile \u00e0 bois fonctionne de la m\u00eame mani\u00e8re que l&rsquo;argile \u00e0 li\u00e8ge.<\/p>\n<p>Imm\u00e9diatement apr\u00e8s avoir malax\u00e9 l&rsquo;argile \u00e0 bois (beaucoup de malaxage, car l&rsquo;argile \u00e0 bois est assez rigide, mais le malaxage l&rsquo;assouplit), vous pouvez travailler l&rsquo;argile \u00e0 bois avec l&rsquo;argile \u00e0 m\u00e9tal et laisser s\u00e9cher ensemble l&rsquo;argile \u00e0 bois et l&rsquo;argile \u00e0 m\u00e9tal.<\/p>\n<p>Le temps de s\u00e9chage de l&rsquo;argile de bois est de trois jours \u00e0 temp\u00e9rature ambiante. Le temps de s\u00e9chage peut \u00eatre acc\u00e9l\u00e9r\u00e9 dans un four chaud \u00e0 environ 100 degr\u00e9s C. <\/p>\n<p>Apr\u00e8s s\u00e9chage, l&rsquo;argile \u00e0 bois peut \u00eatre travaill\u00e9e \u00e0 l&rsquo;aide d&rsquo;une lime ou de papier de verre afin d&rsquo;en ajuster la forme.<\/p>\n<p>Cuisson des bijoux ouverts ou filigranes :<br \/>\nFour en argile : 5 minutes \u00e0 800 degr\u00e9s C<br \/>\nCuisini\u00e8re \u00e0 gaz ou Tourch : 15 minutes. (Les grandes pi\u00e8ces sont mieux cuites dans le four \u00e0 argile) <\/p>\n<p>Cuisson des bijoux ferm\u00e9s :<br \/>\nFour \u00e0 argile : Placez les bijoux dans le four froid et chauffez \u00e0 500 degr\u00e9s C en 30 minutes, puis continuez \u00e0 800 degr\u00e9s C pendant 10 minutes. Laissez les bijoux dans le four pour qu&rsquo;ils refroidissent \u00e0 400 degr\u00e9s C. <\/p>\n<p>L&rsquo;argile de bois est fabriqu\u00e9e \u00e0 partir de d\u00e9chets de bois recycl\u00e9s et est donc respectueuse de l&rsquo;environnement.<\/p>\n<p>&nbsp;<\/p>\n<p><strong>Conseil : une fois le r\u00e9cipient ouvert, divisez le reste de l&rsquo;argile en plus petites portions et mettez-les sous vide pour \u00e9viter qu&rsquo;elles ne se dess\u00e8chent.  <\/strong><\/p>\n<p>&nbsp;<\/p>\n","protected":false},"featured_media":15125,"comment_status":"closed","ping_status":"closed","template":"","meta":{"_acf_changed":false,"_seopress_robots_primary_cat":"none","_seopress_titles_title":"","_seopress_titles_desc":"","_seopress_robots_index":""},"more":[],"product_brand":[6382],"product_cat":[6364,7412],"product_tag":[6470,6477,6476,6645,6646,6386,6960,7016,11213,11481,8329,6388,6473,6741,8635,11504,6404,11490,11500,11496,6780,6378,6390,6405,6393,13953,11212,6372,6642,6718,13946,17274,13948,13950,11492,11488,13943,6402,6958,11508,11207,11482,13954,11486,13956,11206,11494,8632,11211,8629,9885,11407,6423,11483,7652,7037,11477,11498,6374,6798,7594,13535,8644,7986,6801,6369,6550,6634,6472,13952,10150,11502,6559,6426,7031,9333,6416,11506,6643,9939,6391,7029,10131,11210,11479,6471,7527,6407,6805,6964,6919,8647,7596,13944,11204,6803,6408,6807,6776],"class_list":{"0":"post-13742","1":"product","2":"type-product","3":"status-publish","4":"has-post-thumbnail","6":"product_brand-acs","7":"product_cat-materiel-supplementaire","8":"product_cat-outils-de-base","9":"product_tag-6470","10":"product_tag-6477","11":"product_tag-6476","12":"product_tag-a","13":"product_tag-acheter","14":"product_tag-aida","15":"product_tag-amende","16":"product_tag-amende-2","17":"product_tag-animal-de-compagnie","18":"product_tag-animaux-domestiques","19":"product_tag-argent-fin","20":"product_tag-argile","21":"product_tag-argile-2","22":"product_tag-argile-3","23":"product_tag-argile-a-bois","24":"product_tag-argile-a-bois-2","25":"product_tag-argile-argentee","26":"product_tag-argile-de-hoout","27":"product_tag-argile-de-liege","28":"product_tag-argile-ecologique","29":"product_tag-argile-en-spray","30":"product_tag-argile-metallique","31":"product_tag-argile-metallique-2","32":"product_tag-artclay","33":"product_tag-belgique","34":"product_tag-bien-aimes","35":"product_tag-bijou-en-cendres","36":"product_tag-bijoux","37":"product_tag-bijoux-2","38":"product_tag-bijoux-3","39":"product_tag-bijoux-commemoratifs-3","40":"product_tag-bijoux-commemoratifs-4","41":"product_tag-bijoux-creamties","42":"product_tag-bijoux-de-cremation-2","43":"product_tag-bijoux-de-crremation","44":"product_tag-bois","45":"product_tag-bois-2","46":"product_tag-bon-marche","47":"product_tag-boutique","48":"product_tag-boutique-en-ligne-6","49":"product_tag-chat","50":"product_tag-cher","51":"product_tag-cher-2","52":"product_tag-cheval","53":"product_tag-chevaux","54":"product_tag-chien","55":"product_tag-coloration-par-pulverisation","56":"product_tag-comme","57":"product_tag-commemoration","58":"product_tag-cremation","59":"product_tag-creux","60":"product_tag-cuisiniere-a-gaz","61":"product_tag-de","62":"product_tag-decede","63":"product_tag-description-du-travail","64":"product_tag-durable","65":"product_tag-eco","66":"product_tag-ecologique","67":"product_tag-faire","68":"product_tag-faire-2","69":"product_tag-filigrane","70":"product_tag-filigrane-2","71":"product_tag-four","72":"product_tag-four-a-argent","73":"product_tag-il","74":"product_tag-largent","75":"product_tag-largent-2","76":"product_tag-largent-3","77":"product_tag-lart","78":"product_tag-lenvironnement-2","79":"product_tag-les","80":"product_tag-liege-3","81":"product_tag-lignes-dartisanat","82":"product_tag-malleable","83":"product_tag-metal-2","84":"product_tag-metaux-precieux","85":"product_tag-modelisation","86":"product_tag-mokunensan","87":"product_tag-ou","88":"product_tag-ouvert","89":"product_tag-pays-bas","90":"product_tag-pmc","91":"product_tag-precieux","92":"product_tag-rappel","93":"product_tag-recyclage","94":"product_tag-recycle","95":"product_tag-reutilisation","96":"product_tag-silverclay-co-uk","97":"product_tag-soi","98":"product_tag-sollid","99":"product_tag-sterling","100":"product_tag-torche","101":"product_tag-travail-ouvert","102":"product_tag-travail-ouvert-2","103":"product_tag-visiter","104":"product_tag-votre","105":"product_tag-vous","106":"product_tag-vous-2","107":"product_tag-vraiment","108":"product_shipping_class-standard","110":"first","111":"instock","112":"taxable","113":"shipping-taxable","114":"purchasable","115":"product-type-simple"},"acf":[],"_links":{"self":[{"href":"https:\/\/esquell.eu\/fr\/wp-json\/wp\/v2\/product\/13742","targetHints":{"allow":["GET"]}}],"collection":[{"href":"https:\/\/esquell.eu\/fr\/wp-json\/wp\/v2\/product"}],"about":[{"href":"https:\/\/esquell.eu\/fr\/wp-json\/wp\/v2\/types\/product"}],"replies":[{"embeddable":true,"href":"https:\/\/esquell.eu\/fr\/wp-json\/wp\/v2\/comments?post=13742"}],"wp:featuredmedia":[{"embeddable":true,"href":"https:\/\/esquell.eu\/fr\/wp-json\/wp\/v2\/media\/15125"}],"wp:attachment":[{"href":"https:\/\/esquell.eu\/fr\/wp-json\/wp\/v2\/media?parent=13742"}],"wp:term":[{"taxonomy":"more","embeddable":true,"href":"https:\/\/esquell.eu\/fr\/wp-json\/wp\/v2\/more?post=13742"},{"taxonomy":"product_brand","embeddable":true,"href":"https:\/\/esquell.eu\/fr\/wp-json\/wp\/v2\/product_brand?post=13742"},{"taxonomy":"product_cat","embeddable":true,"href":"https:\/\/esquell.eu\/fr\/wp-json\/wp\/v2\/product_cat?post=13742"},{"taxonomy":"product_tag","embeddable":true,"href":"https:\/\/esquell.eu\/fr\/wp-json\/wp\/v2\/product_tag?post=13742"}],"curies":[{"name":"wp","href":"https:\/\/api.w.org\/{rel}","templated":true}]}}