{"id":13706,"date":"2025-04-03T09:20:12","date_gmt":"2025-04-03T09:20:12","guid":{"rendered":"https:\/\/esquell.eu\/product\/blitz-beits-foie-sulfureux-ou-sulver-6-ml-f-0038\/"},"modified":"2026-03-30T14:41:37","modified_gmt":"2026-03-30T14:41:37","slug":"blitz-beits-foie-sulfureux-ou-sulver-6-ml-f-0038","status":"publish","type":"product","link":"https:\/\/esquell.eu\/fr\/produit\/blitz-beits-foie-sulfureux-ou-sulver-6-ml-f-0038\/","title":{"rendered":"Blitz-Beits \/ Foie sulfureux ou sulver 6 ml (F-0038)"},"content":{"rendered":"<p>Le colorant Blitz et le colorant au soufre sont \u00e9quivalents. Pour noircir, oxyder et patiner l&rsquo;argent et le cuivre. <\/p>\n<p>Pr\u00eat \u00e0 l&#8217;emploi.<\/p>\n<p>\u00c0 l&rsquo;aide d&rsquo;un pinceau, appliquez de la teinture blitz sur les parties que vous souhaitez noircir. Plongez ensuite la pi\u00e8ce dans l&rsquo;eau chaude \u00e0 l&rsquo;aide d&rsquo;une pince \u00e0 \u00e9piler. Cela activera le colorant blitz et le m\u00e9tal deviendra noir. Rincez ensuite la pi\u00e8ce sous le robinet.   <\/p>\n<p>Une autre m\u00e9thode consiste \u00e0 plonger l&rsquo;ensemble du bijou dans une bassine remplie d&rsquo;eau bouillante et de quelques gouttes de teinture blitz. Sortez-le, rincez-le sous le robinet, laissez-le s\u00e9cher et polissez les parties saillantes. <\/p>\n<p>En pon\u00e7ant maintenant les parties en relief avec un papier de verre fin ou en polissant localement avec le stylo \u00e0 agate ou le stylo \u00e0 polir, vous pouvez redonner de l&rsquo;\u00e9clat \u00e0 certaines parties en argent. Apr\u00e8s le noircissement, neutralisez les bijoux avec du bicarbonate de soude. Si n\u00e9cessaire, fixez les bijoux avec de la cire ou du vernis.  <\/p>\n<p>Pot de 10 ml. Conserver dans un endroit sombre, l&rsquo;effet diminue sous l&rsquo;influence de la lumi\u00e8re du jour. <\/p>\n<p>Dans la base de connaissances, vous trouverez une explication d\u00e9taill\u00e9e du noircissement de l&rsquo;argent et du cuivre.<\/p>\n<p>Note : Travailler avec la teinture Blitz peut \u00eatre dangereux. Veuillez lire le<strong> <a href=\"https:\/\/esquell.eu\/fr\/base-de-connaissances\/blitz-stain-oxyder\/\">manuel de s\u00e9curit\u00e9 de la teinture Blitz<\/a><\/strong> par. <\/p>\n","protected":false},"excerpt":{"rendered":"<p>Le colorant Blitz et le colorant au soufre sont \u00e9quivalents. Pour noircir, oxyder et patiner l&rsquo;argent et le cuivre. <\/p>\n<p>Pr\u00eat \u00e0 l&#8217;emploi.<\/p>\n<p>\u00c0 l&rsquo;aide d&rsquo;un pinceau, appliquez de la teinture blitz sur les parties que vous souhaitez noircir. Plongez ensuite la pi\u00e8ce dans l&rsquo;eau chaude \u00e0 l&rsquo;aide d&rsquo;une pince \u00e0 \u00e9piler. Cela activera le colorant blitz et le m\u00e9tal deviendra noir. Rincez ensuite la pi\u00e8ce sous le robinet.   <\/p>\n<p>Une autre m\u00e9thode consiste \u00e0 plonger l&rsquo;ensemble du bijou dans une bassine remplie d&rsquo;eau bouillante et de quelques gouttes de teinture blitz. Sortez-le, rincez-le sous le robinet, laissez-le s\u00e9cher et polissez les parties saillantes. <\/p>\n<p>En pon\u00e7ant maintenant les parties en relief avec un papier de verre fin ou en polissant localement avec le stylo \u00e0 agate ou le stylo \u00e0 polir, vous pouvez redonner de l&rsquo;\u00e9clat \u00e0 certaines parties en argent. Apr\u00e8s le noircissement, neutralisez les bijoux avec du bicarbonate de soude. Si n\u00e9cessaire, fixez les bijoux avec de la cire ou du vernis.  <\/p>\n<p>Pot de 10 ml. Conserver dans un endroit sombre, l&rsquo;effet diminue sous l&rsquo;influence de la lumi\u00e8re du jour. <\/p>\n<p>Dans la base de connaissances, vous trouverez une explication d\u00e9taill\u00e9e du noircissement de l&rsquo;argent et du cuivre.<\/p>\n<p>&nbsp;<\/p>\n<p>Note : Travailler avec la teinture Blitz peut \u00eatre dangereux. Veuillez lire le<a href=\"https:\/\/www.esquell.nl\/c\/kennisbank\/blitz-beits\"><strong> manuel de s\u00e9curit\u00e9 de la teinture Blitz<\/strong> <\/a>par. <\/p>\n<p>&nbsp;<\/p>\n","protected":false},"featured_media":4442,"comment_status":"closed","ping_status":"closed","template":"","meta":{"_acf_changed":false,"_seopress_robots_primary_cat":"none","_seopress_titles_title":"","_seopress_titles_desc":"","_seopress_robots_index":""},"more":[],"product_brand":[6382],"product_cat":[6364,7412,7396,6366],"product_tag":[8074,11434,8077,11436,11428,6666,11422,21560,11430,6369,6634,6668,11424,10145,6654,8071,10250,11344,11426,11420,8069,6660,11432],"class_list":{"0":"post-13706","1":"product","2":"type-product","3":"status-publish","4":"has-post-thumbnail","6":"product_brand-acs","7":"product_cat-materiel-supplementaire","8":"product_cat-outils-de-base","9":"product_cat-outils-pour-anneaux","10":"product_cat-poncage-limage-et-polissage","11":"product_tag-antique","12":"product_tag-argent-ebene","13":"product_tag-aspect-antique","14":"product_tag-couleur-de-loxyde","15":"product_tag-foie-de-gaufre-2","16":"product_tag-foie-de-gaufre","17":"product_tag-foie-ou-sulver-foie","18":"product_tag-foie-sulfureux-2","19":"product_tag-foie-sulfureux","20":"product_tag-largent","21":"product_tag-largent-3","22":"product_tag-noirs","23":"product_tag-ou-2","24":"product_tag-oxydation","25":"product_tag-oxyder","26":"product_tag-patinage","27":"product_tag-patine","28":"product_tag-regarder","29":"product_tag-sulver","30":"product_tag-tache-eclair-3","31":"product_tag-tache-eclair-2","32":"product_tag-tache-eclair","33":"product_tag-vieil-argent","34":"product_shipping_class-standard","36":"first","37":"instock","38":"taxable","39":"shipping-taxable","40":"purchasable","41":"product-type-simple"},"acf":[],"_links":{"self":[{"href":"https:\/\/esquell.eu\/fr\/wp-json\/wp\/v2\/product\/13706","targetHints":{"allow":["GET"]}}],"collection":[{"href":"https:\/\/esquell.eu\/fr\/wp-json\/wp\/v2\/product"}],"about":[{"href":"https:\/\/esquell.eu\/fr\/wp-json\/wp\/v2\/types\/product"}],"replies":[{"embeddable":true,"href":"https:\/\/esquell.eu\/fr\/wp-json\/wp\/v2\/comments?post=13706"}],"wp:featuredmedia":[{"embeddable":true,"href":"https:\/\/esquell.eu\/fr\/wp-json\/wp\/v2\/media\/4442"}],"wp:attachment":[{"href":"https:\/\/esquell.eu\/fr\/wp-json\/wp\/v2\/media?parent=13706"}],"wp:term":[{"taxonomy":"more","embeddable":true,"href":"https:\/\/esquell.eu\/fr\/wp-json\/wp\/v2\/more?post=13706"},{"taxonomy":"product_brand","embeddable":true,"href":"https:\/\/esquell.eu\/fr\/wp-json\/wp\/v2\/product_brand?post=13706"},{"taxonomy":"product_cat","embeddable":true,"href":"https:\/\/esquell.eu\/fr\/wp-json\/wp\/v2\/product_cat?post=13706"},{"taxonomy":"product_tag","embeddable":true,"href":"https:\/\/esquell.eu\/fr\/wp-json\/wp\/v2\/product_tag?post=13706"}],"curies":[{"name":"wp","href":"https:\/\/api.w.org\/{rel}","templated":true}]}}