{"id":13668,"date":"2025-04-03T09:20:27","date_gmt":"2025-04-03T09:20:27","guid":{"rendered":"https:\/\/esquell.eu\/product\/prometheus-oven-pro-7-programmable-porte-de-perles\/"},"modified":"2026-03-23T20:22:09","modified_gmt":"2026-03-23T20:22:09","slug":"prometheus-oven-pro-7-programmable-porte-de-perles","status":"publish","type":"product","link":"https:\/\/esquell.eu\/fr\/produit\/prometheus-oven-pro-7-programmable-porte-de-perles\/","title":{"rendered":"Prometheus Oven Pro-7 programmable + Porte de perles"},"content":{"rendered":"<p>Ce four convient pour l&rsquo;argent, le cuivre et l&rsquo;or d&rsquo;Art Clay, le bronze Prom\u00e9th\u00e9e, le verre, l&rsquo;\u00e9maillage, les petits objets en c\u00e9ramique, le fusing du verre, les perles de verre, etc. Manuel en anglais inclus. Livr\u00e9 en standard sans la plaque de verre optionnelle (ZK0013A). Fonction RAM :   <\/p>\n<p>Avec porte pour les perles. Porte suppl\u00e9mentaire pour la fabrication de perles de verre.<br \/>\nLe contr\u00f4leur num\u00e9rique de ce four est programmable en 8 programmes diff\u00e9rents allant jusqu&rsquo;\u00e0 5 \u00e9tapes.  Garantie de 24 mois (en cas d&rsquo;utilisation normale et de stockage ad\u00e9quat).<\/p>\n<p><u><strong>Les fours Prometheus sont livr\u00e9s en standard sans fen\u00eatre en mica. En particulier lorsque le four est utilis\u00e9 pour la fusion du verre, il est judicieux de placer un verre de mica.  <\/strong><\/u><\/p>\n<p>Caract\u00e9ristiques techniques :<\/p>\n<ul>\n<li><strong>Volts<\/strong><strong>:<\/strong>230 V<strong><br \/>\n<\/strong><\/li>\n<li><strong>Amp\u00e8res<\/strong><strong>:<\/strong>8,2 A<strong><br \/>\n<\/strong><\/li>\n<li><strong>Watts<\/strong><strong>:<\/strong>1900 W<strong><br \/>\n<\/strong><\/li>\n<li><strong>Contr\u00f4le de la temp. Contr\u00f4le de la<\/strong> temp\u00e9rature<strong>:<\/strong>num\u00e9rique, 9 programmes avec 5 \u00e9tapes dans chacun d&rsquo;eux<strong><br \/>\n<\/strong><\/li>\n<li><strong>Temp. max. Temp\u00e9rature<\/strong><strong>:<\/strong>1100 \u00baC<\/li>\n<li><strong>Dimensions ext\u00e9rieures<\/strong><strong>:<\/strong>Largeur : 36,0 cm x Profondeur : 37,0 cm x Hauteur : 43,5 cm<\/li>\n<li><strong>Dimensions int\u00e9rieures<\/strong><strong>:<\/strong>Largeur : 23,0 cm x Profondeur : 20,5 cm x Hauteur : 15,5 cm<\/li>\n<li><strong>Volume<\/strong><strong>:<\/strong>7,3 litres<strong><br \/>\n<\/strong><\/li>\n<li><strong>Poids<\/strong><strong>:<\/strong>22 Kg.<strong><br \/>\n<\/strong><\/li>\n<li><strong>Garantie<\/strong><strong>:<\/strong>2 ans ; \u00e0 l&rsquo;exclusion d&rsquo;un stockage et d&rsquo;une utilisation incorrects<\/li>\n<\/ul>\n","protected":false},"excerpt":{"rendered":"<p>Ce four convient pour Art Clay argent, cuivre et or, Prometheus Bronze, verre, \u00e9maillage, petits objets en c\u00e9ramique, fusing de verre, perles de verre, etc. Manuel en anglais inclus. Fourni en standard sans la plaque de verre optionnelle (ZK0013A). Fonction RAM : le contr\u00f4leur num\u00e9rique de ce four est programmable en 8 programmes diff\u00e9rents pouvant aller jusqu&rsquo;\u00e0 5 \u00e9tapes. Garantie de 24 mois (en cas d&rsquo;utilisation normale et de stockage ad\u00e9quat).<\/p>\n<p>&nbsp;<\/p>\n<p><u><strong>Les fours Prometheus sont livr\u00e9s en standard sans fen\u00eatre en mica. En particulier lorsque le four est utilis\u00e9 pour la fusion du verre, il est judicieux de placer un verre de mica.  <\/strong><\/u><\/p>\n<p>&nbsp;<\/p>\n<p>Caract\u00e9ristiques techniques :<\/p>\n<ul>\n<li><strong>Volts<\/strong><strong>:<\/strong>230 V<strong><br \/>\n<\/strong><\/li>\n<li><strong>Amp\u00e8res<\/strong><strong>:<\/strong>8,2 A<strong><br \/>\n<\/strong><\/li>\n<li><strong>Watts<\/strong><strong>:<\/strong>1900 W<strong><br \/>\n<\/strong><\/li>\n<li><strong>Contr\u00f4le de la temp. Contr\u00f4le de la<\/strong> temp\u00e9rature<strong>:<\/strong>num\u00e9rique, 9 programmes avec 5 \u00e9tapes dans chacun d&rsquo;eux<strong><br \/>\n<\/strong><\/li>\n<li><strong>Temp. max. Temp\u00e9rature<\/strong><strong>:<\/strong>1100 \u00baC<\/li>\n<li><strong>Dimensions ext\u00e9rieures<\/strong><strong>:<\/strong>Largeur : 36,0 cm x Profondeur : 37,0 cm x Hauteur : 43,5 cm<\/li>\n<li><strong>Dimensions int\u00e9rieures<\/strong><strong>:<\/strong>Largeur : 23,0 cm x Profondeur : 20,5 cm x Hauteur : 15,5 cm<\/li>\n<li><strong>Volume<\/strong><strong>:<\/strong>7,3 litres<strong><br \/>\n<\/strong><\/li>\n<li><strong>Poids<\/strong><strong>:<\/strong>22 Kg.<strong><br \/>\n<\/strong><\/li>\n<li><strong>Garantie<\/strong><strong>:<\/strong>2 ans ; \u00e0 l&rsquo;exclusion d&rsquo;un stockage et d&rsquo;une utilisation incorrects<\/li>\n<\/ul>\n<p>&nbsp;<\/p>\n","protected":false},"featured_media":27275,"comment_status":"closed","ping_status":"closed","template":"","meta":{"_acf_changed":false,"_seopress_robots_primary_cat":"none","_seopress_titles_title":"","_seopress_titles_desc":"","_seopress_robots_index":""},"more":[],"product_brand":[6521],"product_cat":[9823,11384,6705,7468],"product_tag":[6645,7760,6646,6939,6473,6388,7500,6404,8401,6406,7028,6378,6390,6405,6376,8422,19349,6393,6396,6372,11386,6579,21565,6706,21567,6743,21563,6647,6724,13397,6374,7513,8644,11385,6401,7479,10849,21568,7679,6712,6745,6634,6472,6400,6656,13377,13378,11409,6567,6643,6391,6966,21566,7029,6829,21561,6751,21564,6407,11410,21562,7055,10802],"class_list":{"0":"post-13668","1":"product","2":"type-product","3":"status-publish","4":"has-post-thumbnail","6":"product_brand-promethee","7":"product_cat-bake-off","8":"product_cat-fours","9":"product_cat-outils-et-fournitures-pour-lemaillage","10":"product_cat-outils-et-fournitures-pour-le-verre","11":"product_tag-a","12":"product_tag-achats-2","13":"product_tag-acheter","14":"product_tag-acheter-2","15":"product_tag-argile-2","16":"product_tag-argile","17":"product_tag-argile-argentee-3","18":"product_tag-argile-argentee","19":"product_tag-argile-artistique","20":"product_tag-argile-aurifere","21":"product_tag-argile-cuivreuse","22":"product_tag-argile-metallique","23":"product_tag-argile-metallique-2","24":"product_tag-artclay","25":"product_tag-artclaysilver","26":"product_tag-aussie","27":"product_tag-b","28":"product_tag-belgique","29":"product_tag-belgique-2","30":"product_tag-bijoux","31":"product_tag-ceramique-4","32":"product_tag-certifie","33":"product_tag-choix-2","34":"product_tag-commerce-de-gros","35":"product_tag-controleur","36":"product_tag-distributeur","37":"product_tag-emaux-2","38":"product_tag-en-ligne","39":"product_tag-envoyer","40":"product_tag-epicea","41":"product_tag-faire","42":"product_tag-flechir","43":"product_tag-four","44":"product_tag-four-2","45":"product_tag-france","46":"product_tag-france-2","47":"product_tag-fusion-2","48":"product_tag-garantie","49":"product_tag-google","50":"product_tag-gratuit","51":"product_tag-instructeur","52":"product_tag-largent-3","53":"product_tag-lart","54":"product_tag-luxembourg","55":"product_tag-luxembourg-2","56":"product_tag-mica","57":"product_tag-mika","58":"product_tag-numerique","59":"product_tag-offrir","60":"product_tag-ou","61":"product_tag-pays-bas","62":"product_tag-perles-2","63":"product_tag-plaque-de-verre","64":"product_tag-pmc","65":"product_tag-poubelles","66":"product_tag-promethouse","67":"product_tag-reduction","68":"product_tag-shopping-shopping","69":"product_tag-silverclay-co-uk","70":"product_tag-thermostat","71":"product_tag-tir-2","72":"product_tag-verre","73":"product_tag-verre-2","74":"product_shipping_class-standard","76":"first","77":"instock","78":"sale","79":"taxable","80":"shipping-taxable","81":"purchasable","82":"product-type-simple"},"acf":[],"_links":{"self":[{"href":"https:\/\/esquell.eu\/fr\/wp-json\/wp\/v2\/product\/13668","targetHints":{"allow":["GET"]}}],"collection":[{"href":"https:\/\/esquell.eu\/fr\/wp-json\/wp\/v2\/product"}],"about":[{"href":"https:\/\/esquell.eu\/fr\/wp-json\/wp\/v2\/types\/product"}],"replies":[{"embeddable":true,"href":"https:\/\/esquell.eu\/fr\/wp-json\/wp\/v2\/comments?post=13668"}],"wp:featuredmedia":[{"embeddable":true,"href":"https:\/\/esquell.eu\/fr\/wp-json\/wp\/v2\/media\/27275"}],"wp:attachment":[{"href":"https:\/\/esquell.eu\/fr\/wp-json\/wp\/v2\/media?parent=13668"}],"wp:term":[{"taxonomy":"more","embeddable":true,"href":"https:\/\/esquell.eu\/fr\/wp-json\/wp\/v2\/more?post=13668"},{"taxonomy":"product_brand","embeddable":true,"href":"https:\/\/esquell.eu\/fr\/wp-json\/wp\/v2\/product_brand?post=13668"},{"taxonomy":"product_cat","embeddable":true,"href":"https:\/\/esquell.eu\/fr\/wp-json\/wp\/v2\/product_cat?post=13668"},{"taxonomy":"product_tag","embeddable":true,"href":"https:\/\/esquell.eu\/fr\/wp-json\/wp\/v2\/product_tag?post=13668"}],"curies":[{"name":"wp","href":"https:\/\/api.w.org\/{rel}","templated":true}]}}