{"id":13655,"date":"2025-04-03T09:20:27","date_gmt":"2025-04-03T09:20:27","guid":{"rendered":"https:\/\/esquell.eu\/product\/pate-a-polir-pour-metaux-150-g-acs-f-0311\/"},"modified":"2026-03-23T20:21:26","modified_gmt":"2026-03-23T20:21:26","slug":"pate-a-polir-pour-metaux-150-g-acs-f-0311","status":"publish","type":"product","link":"https:\/\/esquell.eu\/fr\/produit\/pate-a-polir-pour-metaux-150-g-acs-f-0311\/","title":{"rendered":"P\u00e2te \u00e0 polir pour m\u00e9taux Pikal Care 150 g ACS F-0311"},"content":{"rendered":"<p>P\u00e2te \u00e0 polir pour nettoyer, prot\u00e9ger et faire briller les m\u00e9taux (pr\u00e9cieux).<br \/>\nBien faire p\u00e9n\u00e9trer la p\u00e2te et polir ensuite avec un chiffon de polissage pour obtenir un brillant \u00e9lev\u00e9.<\/p>\n","protected":false},"excerpt":{"rendered":"<p>P\u00e2te \u00e0 polir pour nettoyer, prot\u00e9ger et faire briller les m\u00e9taux (pr\u00e9cieux). Frottez bien et polissez ensuite \u00e0 l&rsquo;aide d&rsquo;un chiffon de polissage jusqu&rsquo;\u00e0 ce que vous obteniez un brillant \u00e9clatant. <\/p>\n","protected":false},"featured_media":13664,"comment_status":"closed","ping_status":"closed","template":"","meta":{"_acf_changed":false,"_seopress_robots_primary_cat":"none","_seopress_titles_title":"","_seopress_titles_desc":"","_seopress_robots_index":""},"more":[],"product_brand":[6382],"product_cat":[7412,6366],"product_tag":[6470,6477,6476,6645,6646,6960,7016,8074,6388,6473,6404,6420,7028,6378,6372,6718,6402,8350,8737,6641,6958,6389,6796,6792,7360,6409,10294,11346,19775,6412,11374,11359,11352,19879,11342,6650,11358,6374,6798,11348,6801,6369,6634,6472,10150,11350,6426,6759,8701,11363,10144,11343,6643,11356,11371,11354,21570,11373,11208,8861,10153,11365,8743,11367,7985,6471,11369,11344,9894,6964,11340,10139,9892,11361,11204,6408,6807,6776],"class_list":{"0":"post-13655","1":"product","2":"type-product","3":"status-publish","4":"has-post-thumbnail","6":"product_brand-acs","7":"product_cat-outils-de-base","8":"product_cat-poncage-limage-et-polissage","9":"product_tag-6470","10":"product_tag-6477","11":"product_tag-6476","12":"product_tag-a","13":"product_tag-acheter","14":"product_tag-amende","15":"product_tag-amende-2","16":"product_tag-antique","17":"product_tag-argile","18":"product_tag-argile-2","19":"product_tag-argile-argentee","20":"product_tag-argile-bronze","21":"product_tag-argile-cuivreuse","22":"product_tag-argile-metallique","23":"product_tag-bijoux","24":"product_tag-bijoux-3","25":"product_tag-bon-marche","26":"product_tag-boucle-doreille","27":"product_tag-boucle-doreille-2","28":"product_tag-boucles-doreilles","29":"product_tag-boutique","30":"product_tag-boutique-en-ligne","31":"product_tag-boutique-en-ligne-2","32":"product_tag-bracelet","33":"product_tag-bracelets","34":"product_tag-bricolage","35":"product_tag-brillant-3","36":"product_tag-briller","37":"product_tag-briller-2","38":"product_tag-bronze","39":"product_tag-chiffon-a-polir","40":"product_tag-chiffon-de-nettoyage","41":"product_tag-chiffon-de-polissage","42":"product_tag-chiffon-de-polissage-2","43":"product_tag-contenu-2","44":"product_tag-cuivre","45":"product_tag-entretien","46":"product_tag-faire","47":"product_tag-faire-2","48":"product_tag-gloses","49":"product_tag-il","50":"product_tag-largent","51":"product_tag-largent-3","52":"product_tag-lart","53":"product_tag-les","54":"product_tag-maintenu","55":"product_tag-malleable","56":"product_tag-metal","57":"product_tag-metal-3","58":"product_tag-metaux-precieux-2","59":"product_tag-nettoyage-2","60":"product_tag-oreillette","61":"product_tag-ou","62":"product_tag-oxygene","63":"product_tag-papier-de-verre","64":"product_tag-pate-a-polir","65":"product_tag-pate-a-polir-2","66":"product_tag-patin-de-poncage","67":"product_tag-personnel-2","68":"product_tag-polissage","69":"product_tag-polissage-2","70":"product_tag-polissage-miroir-des-metaux-precieux","71":"product_tag-poncage","72":"product_tag-premier","73":"product_tag-propre","74":"product_tag-recycle","75":"product_tag-recycle-3","76":"product_tag-regarder","77":"product_tag-resine-2","78":"product_tag-sollid","79":"product_tag-sombre","80":"product_tag-unique","81":"product_tag-uv","82":"product_tag-verre-haut","83":"product_tag-visiter","84":"product_tag-vous","85":"product_tag-vous-2","86":"product_tag-vraiment","87":"product_shipping_class-standard","89":"first","90":"instock","91":"taxable","92":"shipping-taxable","93":"purchasable","94":"product-type-simple"},"acf":[],"_links":{"self":[{"href":"https:\/\/esquell.eu\/fr\/wp-json\/wp\/v2\/product\/13655","targetHints":{"allow":["GET"]}}],"collection":[{"href":"https:\/\/esquell.eu\/fr\/wp-json\/wp\/v2\/product"}],"about":[{"href":"https:\/\/esquell.eu\/fr\/wp-json\/wp\/v2\/types\/product"}],"replies":[{"embeddable":true,"href":"https:\/\/esquell.eu\/fr\/wp-json\/wp\/v2\/comments?post=13655"}],"wp:featuredmedia":[{"embeddable":true,"href":"https:\/\/esquell.eu\/fr\/wp-json\/wp\/v2\/media\/13664"}],"wp:attachment":[{"href":"https:\/\/esquell.eu\/fr\/wp-json\/wp\/v2\/media?parent=13655"}],"wp:term":[{"taxonomy":"more","embeddable":true,"href":"https:\/\/esquell.eu\/fr\/wp-json\/wp\/v2\/more?post=13655"},{"taxonomy":"product_brand","embeddable":true,"href":"https:\/\/esquell.eu\/fr\/wp-json\/wp\/v2\/product_brand?post=13655"},{"taxonomy":"product_cat","embeddable":true,"href":"https:\/\/esquell.eu\/fr\/wp-json\/wp\/v2\/product_cat?post=13655"},{"taxonomy":"product_tag","embeddable":true,"href":"https:\/\/esquell.eu\/fr\/wp-json\/wp\/v2\/product_tag?post=13655"}],"curies":[{"name":"wp","href":"https:\/\/api.w.org\/{rel}","templated":true}]}}