{"id":13642,"date":"2025-04-03T09:20:12","date_gmt":"2025-04-03T09:20:12","guid":{"rendered":"https:\/\/esquell.eu\/product\/autocollant-de-fenetre-pour-les-instructeurs-certifies-gratuit\/"},"modified":"2025-04-03T09:20:12","modified_gmt":"2025-04-03T09:20:12","slug":"autocollant-de-fenetre-pour-les-instructeurs-certifies-gratuit","status":"publish","type":"product","link":"https:\/\/esquell.eu\/fr\/produit\/autocollant-de-fenetre-pour-les-instructeurs-certifies-gratuit\/","title":{"rendered":"Autocollant de fen\u00eatre pour les instructeurs certifi\u00e9s GRATUIT"},"content":{"rendered":"<p>Autocollant gratuit pour la fen\u00eatre, exclusivement pour les instructeurs certifi\u00e9s.<\/p>\n<p>Max 2 par personne.<\/p>\n<p>Vous collez cet autocollant \u00e0 l&rsquo;int\u00e9rieur de la fen\u00eatre et vous le voyez de l&rsquo;ext\u00e9rieur.<\/p>\n","protected":false},"excerpt":{"rendered":"<p>Autocollant gratuit pour la fen\u00eatre, exclusivement pour les instructeurs certifi\u00e9s.<\/p>\n<p>Max 1 par personne.<\/p>\n<p>Cet autocollant se colle \u00e0 l&rsquo;int\u00e9rieur de la fen\u00eatre et peut \u00eatre vu de l&rsquo;ext\u00e9rieur.<\/p>\n","protected":false},"featured_media":7016,"comment_status":"closed","ping_status":"closed","template":"","meta":{"_acf_changed":false,"_seopress_robots_primary_cat":"none","_seopress_titles_title":"","_seopress_titles_desc":"","_seopress_robots_index":""},"more":[],"product_brand":[],"product_cat":[11197],"product_tag":[],"class_list":{"0":"post-13642","1":"product","2":"type-product","3":"status-publish","4":"has-post-thumbnail","6":"product_cat-formations","7":"product_shipping_class-standard","9":"first","10":"instock","11":"taxable","12":"shipping-taxable","13":"purchasable","14":"product-type-simple"},"acf":[],"_links":{"self":[{"href":"https:\/\/esquell.eu\/fr\/wp-json\/wp\/v2\/product\/13642","targetHints":{"allow":["GET"]}}],"collection":[{"href":"https:\/\/esquell.eu\/fr\/wp-json\/wp\/v2\/product"}],"about":[{"href":"https:\/\/esquell.eu\/fr\/wp-json\/wp\/v2\/types\/product"}],"replies":[{"embeddable":true,"href":"https:\/\/esquell.eu\/fr\/wp-json\/wp\/v2\/comments?post=13642"}],"wp:featuredmedia":[{"embeddable":true,"href":"https:\/\/esquell.eu\/fr\/wp-json\/wp\/v2\/media\/7016"}],"wp:attachment":[{"href":"https:\/\/esquell.eu\/fr\/wp-json\/wp\/v2\/media?parent=13642"}],"wp:term":[{"taxonomy":"more","embeddable":true,"href":"https:\/\/esquell.eu\/fr\/wp-json\/wp\/v2\/more?post=13642"},{"taxonomy":"product_brand","embeddable":true,"href":"https:\/\/esquell.eu\/fr\/wp-json\/wp\/v2\/product_brand?post=13642"},{"taxonomy":"product_cat","embeddable":true,"href":"https:\/\/esquell.eu\/fr\/wp-json\/wp\/v2\/product_cat?post=13642"},{"taxonomy":"product_tag","embeddable":true,"href":"https:\/\/esquell.eu\/fr\/wp-json\/wp\/v2\/product_tag?post=13642"}],"curies":[{"name":"wp","href":"https:\/\/api.w.org\/{rel}","templated":true}]}}