{"id":13627,"date":"2025-04-03T09:20:27","date_gmt":"2025-04-03T09:20:27","guid":{"rendered":"https:\/\/esquell.eu\/product\/bouquet-danneaux-en-metal-japonais-tailles-1-30-acp-f0025\/"},"modified":"2026-02-14T10:33:41","modified_gmt":"2026-02-14T10:33:41","slug":"bouquet-danneaux-en-metal-japonais-tailles-1-30-acp-f0025","status":"publish","type":"product","link":"https:\/\/esquell.eu\/fr\/produit\/bouquet-danneaux-en-metal-japonais-tailles-1-30-acp-f0025\/","title":{"rendered":"Bouquet d&rsquo;anneaux en m\u00e9tal japonais Tailles 1-30 ACP (F0025)"},"content":{"rendered":"<p>Utilisez-le pour mesurer votre taille de bague.<br \/>\nL&rsquo;argent Art Clay ayant la propri\u00e9t\u00e9 de r\u00e9tr\u00e9cir apr\u00e8s avoir \u00e9t\u00e9 chauff\u00e9, il est important de regarder attentivement le tableau des tailles de bague Art Clay Silver pour d\u00e9terminer la taille de la bague \u00e0 r\u00e9aliser.<\/p>\n<p>Remarque ! Taille japonaise. Art Clay Silver est un produit japonais. Les manuels sont souvent bas\u00e9s sur les tailles japonaises. C&rsquo;est pourquoi ce lot de bagues est \u00e9quip\u00e9 de tailles japonaises.    <\/p>\n","protected":false},"excerpt":{"rendered":"<p>Utilisez-le pour mesurer votre taille de bague. L&rsquo;argent Art Clay ayant la propri\u00e9t\u00e9 de r\u00e9tr\u00e9cir apr\u00e8s avoir \u00e9t\u00e9 chauff\u00e9, il est important de regarder attentivement le tableau des tailles de bagues en argent Art Clay pour d\u00e9terminer la taille de la bague \u00e0 r\u00e9aliser. Attention ! Taille japonaise.   <\/p>\n","protected":false},"featured_media":13628,"comment_status":"closed","ping_status":"closed","template":"","meta":{"_acf_changed":false,"_seopress_robots_primary_cat":"none","_seopress_titles_title":"","_seopress_titles_desc":"","_seopress_robots_index":""},"more":[],"product_brand":[6382],"product_cat":[10641,7412,7396],"product_tag":[6386,7098,6638,6473,6405,6376,6393,6372,6642,6409,11289,11293,6743,6374,6401,7479,6563,6381,7249,6634,6472,6559,6400,6656,6391,8638,11295,10562,11291],"class_list":{"0":"post-13627","1":"product","2":"type-product","3":"status-publish","4":"has-post-thumbnail","6":"product_brand-acs","7":"product_cat-mesure","8":"product_cat-outils-de-base","9":"product_cat-outils-pour-anneaux","10":"product_tag-aida","11":"product_tag-anneau","12":"product_tag-anneaux","13":"product_tag-argile-2","14":"product_tag-artclay","15":"product_tag-artclaysilver","16":"product_tag-belgique","17":"product_tag-bijoux","18":"product_tag-bijoux-2","19":"product_tag-bricolage","20":"product_tag-certifie-2","21":"product_tag-description","22":"product_tag-distributeur","23":"product_tag-faire","24":"product_tag-france","25":"product_tag-france-2","26":"product_tag-instructeurs","27":"product_tag-japon","28":"product_tag-japonais-2","29":"product_tag-largent-3","30":"product_tag-lart","31":"product_tag-lignes-dartisanat","32":"product_tag-luxembourg","33":"product_tag-luxembourg-2","34":"product_tag-pays-bas","35":"product_tag-retrecissement","36":"product_tag-taille","37":"product_tag-taille-de-lanneau","38":"product_tag-tailles","39":"product_shipping_class-standard","41":"first","42":"instock","43":"taxable","44":"shipping-taxable","45":"purchasable","46":"product-type-simple"},"acf":[],"_links":{"self":[{"href":"https:\/\/esquell.eu\/fr\/wp-json\/wp\/v2\/product\/13627","targetHints":{"allow":["GET"]}}],"collection":[{"href":"https:\/\/esquell.eu\/fr\/wp-json\/wp\/v2\/product"}],"about":[{"href":"https:\/\/esquell.eu\/fr\/wp-json\/wp\/v2\/types\/product"}],"replies":[{"embeddable":true,"href":"https:\/\/esquell.eu\/fr\/wp-json\/wp\/v2\/comments?post=13627"}],"wp:featuredmedia":[{"embeddable":true,"href":"https:\/\/esquell.eu\/fr\/wp-json\/wp\/v2\/media\/13628"}],"wp:attachment":[{"href":"https:\/\/esquell.eu\/fr\/wp-json\/wp\/v2\/media?parent=13627"}],"wp:term":[{"taxonomy":"more","embeddable":true,"href":"https:\/\/esquell.eu\/fr\/wp-json\/wp\/v2\/more?post=13627"},{"taxonomy":"product_brand","embeddable":true,"href":"https:\/\/esquell.eu\/fr\/wp-json\/wp\/v2\/product_brand?post=13627"},{"taxonomy":"product_cat","embeddable":true,"href":"https:\/\/esquell.eu\/fr\/wp-json\/wp\/v2\/product_cat?post=13627"},{"taxonomy":"product_tag","embeddable":true,"href":"https:\/\/esquell.eu\/fr\/wp-json\/wp\/v2\/product_tag?post=13627"}],"curies":[{"name":"wp","href":"https:\/\/api.w.org\/{rel}","templated":true}]}}