{"id":13624,"date":"2025-04-03T09:19:52","date_gmt":"2025-04-03T09:19:52","guid":{"rendered":"https:\/\/esquell.eu\/product\/poudre-dargent-etincelant-fine-10-grammes-h-0002\/"},"modified":"2026-01-10T16:59:47","modified_gmt":"2026-01-10T16:59:47","slug":"poudre-dargent-etincelant-fine-10-grammes-h-0002","status":"publish","type":"product","link":"https:\/\/esquell.eu\/fr\/produit\/poudre-dargent-etincelant-fine-10-grammes-h-0002\/","title":{"rendered":"Poudre d&rsquo;argent \u00e9tincelant fine 10 grammes (H-0002)"},"content":{"rendered":"<p>Cette grenaille d&rsquo;argent est un produit fini en argent fin pur.<\/p>\n<p>Appliquez un peu de p\u00e2te sur le bijou \u00e0 l&rsquo;endroit d\u00e9sir\u00e9 et saupoudrez la grenaille d&rsquo;argent dessus.<\/p>\n<p>Pressez-la doucement pour qu&rsquo;elle adh\u00e8re.<\/p>\n<p>S\u00e9chez ensuite bien avec un s\u00e8che-cheveux et faites cuire la pi\u00e8ce.<\/p>\n<p>La grenaille d&rsquo;argent donne un effet tr\u00e8s \u00e9tincelant<\/p>\n<p>Taille de la grenaille 0,5-1mm<\/p>\n<p>Sachet de 10 grammes<\/p>\n","protected":false},"excerpt":{"rendered":"<p>Cette grenaille d&rsquo;argent est un produit fini en argent fin pur.<\/p>\n<p>Appliquez un peu de p\u00e2te sur le bijou \u00e0 l&rsquo;endroit d\u00e9sir\u00e9 et saupoudrez la grenaille d&rsquo;argent dessus.<\/p>\n<p>Pressez-la doucement pour qu&rsquo;elle adh\u00e8re.<\/p>\n<p>S\u00e9chez ensuite bien avec un s\u00e8che-cheveux et faites cuire la pi\u00e8ce.<\/p>\n<p>La grenaille d&rsquo;argent donne un effet tr\u00e8s \u00e9tincelant<\/p>\n<p>Taille de la grenaille 0,5-1mm<\/p>\n<p>Sachet de 10 grammes<\/p>\n","protected":false},"featured_media":13625,"comment_status":"closed","ping_status":"closed","template":"","meta":{"_acf_changed":false,"_seopress_robots_primary_cat":"none","_seopress_titles_title":"","_seopress_titles_desc":"","_seopress_robots_index":""},"more":[],"product_brand":[6382],"product_cat":[7504,6427,6364,6705,7468],"product_tag":[6470,6476,6645,7289,7760,6646,6939,6386,7024,7016,6923,6404,7028,6378,6405,6393,6372,9795,6941,10294,6649,6655,11281,6647,6374,6785,11277,6635,6401,6653,10658,11280,11279,6651,11278,6381,6369,7026,6789,6400,11024,6661,6643,6657,6391,6665,7224,11276,6922,6919,6663,6766,6776,6667,7032],"class_list":{"0":"post-13624","1":"product","2":"type-product","3":"status-publish","4":"has-post-thumbnail","6":"product_brand-acs","7":"product_cat-argile","8":"product_cat-argile-dargent-art-clay-silver","9":"product_cat-materiel-supplementaire","10":"product_cat-outils-et-fournitures-pour-lemaillage","11":"product_cat-outils-et-fournitures-pour-le-verre","12":"product_tag-6470","13":"product_tag-6476","14":"product_tag-a","15":"product_tag-accents","16":"product_tag-achats-2","17":"product_tag-acheter","18":"product_tag-acheter-2","19":"product_tag-aida","20":"product_tag-almere","21":"product_tag-amende-2","22":"product_tag-amsterdam","23":"product_tag-argile-argentee","24":"product_tag-argile-cuivreuse","25":"product_tag-argile-metallique","26":"product_tag-artclay","27":"product_tag-belgique","28":"product_tag-bijoux","29":"product_tag-bloc-de-metal","30":"product_tag-brabant","31":"product_tag-brillant-3","32":"product_tag-commande","33":"product_tag-drenthe","34":"product_tag-effet","35":"product_tag-en-ligne","36":"product_tag-faire","37":"product_tag-flevoland","38":"product_tag-flocons","39":"product_tag-fournitures","40":"product_tag-france","41":"product_tag-frise","42":"product_tag-grains","43":"product_tag-granules-2","44":"product_tag-grit","45":"product_tag-groningue","46":"product_tag-grossier","47":"product_tag-japon","48":"product_tag-largent","49":"product_tag-lelystad","50":"product_tag-limbourg","51":"product_tag-luxembourg","52":"product_tag-materiaux","53":"product_tag-nord","54":"product_tag-ou","55":"product_tag-overijssel","56":"product_tag-pays-bas","57":"product_tag-pays-bas-2","58":"product_tag-poudre","59":"product_tag-poussiere-dargent","60":"product_tag-pur","61":"product_tag-sterling","62":"product_tag-sud","63":"product_tag-supplementaires","64":"product_tag-vraiment","65":"product_tag-zelande","66":"product_tag-zwolle","67":"product_shipping_class-standard","69":"first","70":"instock","71":"taxable","72":"shipping-taxable","73":"purchasable","74":"product-type-simple"},"acf":[],"_links":{"self":[{"href":"https:\/\/esquell.eu\/fr\/wp-json\/wp\/v2\/product\/13624","targetHints":{"allow":["GET"]}}],"collection":[{"href":"https:\/\/esquell.eu\/fr\/wp-json\/wp\/v2\/product"}],"about":[{"href":"https:\/\/esquell.eu\/fr\/wp-json\/wp\/v2\/types\/product"}],"replies":[{"embeddable":true,"href":"https:\/\/esquell.eu\/fr\/wp-json\/wp\/v2\/comments?post=13624"}],"wp:featuredmedia":[{"embeddable":true,"href":"https:\/\/esquell.eu\/fr\/wp-json\/wp\/v2\/media\/13625"}],"wp:attachment":[{"href":"https:\/\/esquell.eu\/fr\/wp-json\/wp\/v2\/media?parent=13624"}],"wp:term":[{"taxonomy":"more","embeddable":true,"href":"https:\/\/esquell.eu\/fr\/wp-json\/wp\/v2\/more?post=13624"},{"taxonomy":"product_brand","embeddable":true,"href":"https:\/\/esquell.eu\/fr\/wp-json\/wp\/v2\/product_brand?post=13624"},{"taxonomy":"product_cat","embeddable":true,"href":"https:\/\/esquell.eu\/fr\/wp-json\/wp\/v2\/product_cat?post=13624"},{"taxonomy":"product_tag","embeddable":true,"href":"https:\/\/esquell.eu\/fr\/wp-json\/wp\/v2\/product_tag?post=13624"}],"curies":[{"name":"wp","href":"https:\/\/api.w.org\/{rel}","templated":true}]}}