{"id":13563,"date":"2025-04-03T09:20:03","date_gmt":"2025-04-03T09:20:03","guid":{"rendered":"https:\/\/esquell.eu\/product\/feuille-dor-24-k-r-0043\/"},"modified":"2026-02-24T13:56:46","modified_gmt":"2026-02-24T13:56:46","slug":"feuille-dor-24-k-r-0043","status":"publish","type":"product","link":"https:\/\/esquell.eu\/fr\/produit\/feuille-dor-24-k-r-0043\/","title":{"rendered":"Feuille d&rsquo;or 24 K (R-0043)"},"content":{"rendered":"<p>Cette feuille d&rsquo;or 24K (3,5 x 5 cm) peut \u00eatre utilis\u00e9e sur un bijou en argent cuit.<\/p>\n<p>La technique Keum Boo.<\/p>\n<p>Une fois la feuille d&rsquo;or pos\u00e9e, il faut la remettre au four \u00e0 800 degr\u00e9s C pour qu&rsquo;elle fusionne avec l&rsquo;argent. Vous pouvez le terminer et le polir \u00e0 l&rsquo;aide d&rsquo;une pierre d&rsquo;agate. <\/p>\n<p>Une autre m\u00e9thode consiste \u00e0 utiliser une plaque de cuisson \u00e9lectrique. Chauffez bien l&rsquo;objet en argent. Placez les morceaux d&rsquo;or \u00e0 l&rsquo;endroit d\u00e9sir\u00e9 \u00e0 l&rsquo;aide d&rsquo;une pince \u00e0 \u00e9piler et appuyez avec le stylo en agate.  <\/p>\n","protected":false},"excerpt":{"rendered":"<p>Cette feuille d&rsquo;or 24K (3,5 x 5 cm) peut \u00eatre utilis\u00e9e sur un bijou en argent cuit.<\/p>\n<p>La technique Keum Boo.<\/p>\n<p>Une fois la feuille d&rsquo;or pos\u00e9e, il faut la remettre au four \u00e0 800 degr\u00e9s C pour qu&rsquo;elle fusionne avec l&rsquo;argent. Vous pouvez le terminer et le polir \u00e0 l&rsquo;aide d&rsquo;une pierre d&rsquo;agate. <\/p>\n<p>Une autre m\u00e9thode consiste \u00e0 utiliser une plaque de cuisson \u00e9lectrique. Chauffez bien l&rsquo;objet en argent. Placez les morceaux d&rsquo;or \u00e0 l&rsquo;endroit d\u00e9sir\u00e9 \u00e0 l&rsquo;aide d&rsquo;une pince \u00e0 \u00e9piler et appuyez avec le stylo en agate.  <\/p>\n<p><u> <\/u><\/p>\n<p>&nbsp;<\/p>\n<p>&nbsp;<\/p>\n<p>&nbsp;<\/p>\n<p>&nbsp;<\/p>\n","protected":false},"featured_media":13564,"comment_status":"closed","ping_status":"closed","template":"","meta":{"_acf_changed":false,"_seopress_robots_primary_cat":"none","_seopress_titles_title":"","_seopress_titles_desc":"","_seopress_robots_index":""},"more":[],"product_brand":[6382],"product_cat":[7284,6364],"product_tag":[7475,8882,6645,6646,9048,7098,6638,6388,6473,6404,6406,6378,6390,6405,6372,6642,6402,6641,8894,6792,7360,8368,6409,8358,9045,9060,7471,6794,6962,8897,9051,6374,6798,8878,8864,6801,8870,8873,6369,6472,6403,7287,8363,6759,8901,6643,6774,7092,9055,9064,8861,6805,6803,6408,6807],"class_list":{"0":"post-13563","1":"product","2":"type-product","3":"status-publish","4":"has-post-thumbnail","6":"product_brand-acs","7":"product_cat-argile-doree","8":"product_cat-materiel-supplementaire","9":"product_tag-7475","10":"product_tag-24k","11":"product_tag-a","12":"product_tag-acheter","13":"product_tag-agate","14":"product_tag-anneau","15":"product_tag-anneaux","16":"product_tag-argile","17":"product_tag-argile-2","18":"product_tag-argile-argentee","19":"product_tag-argile-aurifere","20":"product_tag-argile-metallique","21":"product_tag-argile-metallique-2","22":"product_tag-artclay","23":"product_tag-bijoux","24":"product_tag-bijoux-2","25":"product_tag-bon-marche","26":"product_tag-boucles-doreilles","27":"product_tag-boucles-doreilles-3","28":"product_tag-bracelet","29":"product_tag-bracelets","30":"product_tag-brachelet","31":"product_tag-bricolage","32":"product_tag-broche-2","33":"product_tag-broche-4","34":"product_tag-brunisseur","35":"product_tag-carat","36":"product_tag-chaine","37":"product_tag-collier","38":"product_tag-cornes-doreilles","39":"product_tag-epingle-en-agate","40":"product_tag-faire","41":"product_tag-faire-2","42":"product_tag-feuille-dor","43":"product_tag-goujons","44":"product_tag-il","45":"product_tag-keum-boo","46":"product_tag-keumbo","47":"product_tag-largent","48":"product_tag-lart","49":"product_tag-lor","50":"product_tag-lor-3","51":"product_tag-manchette","52":"product_tag-metal","53":"product_tag-oreillettes","54":"product_tag-ou","55":"product_tag-pendentif","56":"product_tag-pendentif-2","57":"product_tag-pierre-dagate","58":"product_tag-polir","59":"product_tag-polissage","60":"product_tag-soi","61":"product_tag-votre","62":"product_tag-vous","63":"product_tag-vous-2","64":"product_shipping_class-standard","66":"first","67":"instock","68":"taxable","69":"shipping-taxable","70":"purchasable","71":"product-type-simple"},"acf":[],"_links":{"self":[{"href":"https:\/\/esquell.eu\/fr\/wp-json\/wp\/v2\/product\/13563","targetHints":{"allow":["GET"]}}],"collection":[{"href":"https:\/\/esquell.eu\/fr\/wp-json\/wp\/v2\/product"}],"about":[{"href":"https:\/\/esquell.eu\/fr\/wp-json\/wp\/v2\/types\/product"}],"replies":[{"embeddable":true,"href":"https:\/\/esquell.eu\/fr\/wp-json\/wp\/v2\/comments?post=13563"}],"wp:featuredmedia":[{"embeddable":true,"href":"https:\/\/esquell.eu\/fr\/wp-json\/wp\/v2\/media\/13564"}],"wp:attachment":[{"href":"https:\/\/esquell.eu\/fr\/wp-json\/wp\/v2\/media?parent=13563"}],"wp:term":[{"taxonomy":"more","embeddable":true,"href":"https:\/\/esquell.eu\/fr\/wp-json\/wp\/v2\/more?post=13563"},{"taxonomy":"product_brand","embeddable":true,"href":"https:\/\/esquell.eu\/fr\/wp-json\/wp\/v2\/product_brand?post=13563"},{"taxonomy":"product_cat","embeddable":true,"href":"https:\/\/esquell.eu\/fr\/wp-json\/wp\/v2\/product_cat?post=13563"},{"taxonomy":"product_tag","embeddable":true,"href":"https:\/\/esquell.eu\/fr\/wp-json\/wp\/v2\/product_tag?post=13563"}],"curies":[{"name":"wp","href":"https:\/\/api.w.org\/{rel}","templated":true}]}}