{"id":13543,"date":"2025-04-03T09:20:03","date_gmt":"2025-04-03T09:20:03","guid":{"rendered":"https:\/\/esquell.eu\/product\/pate-a-modeler-seringue-10-grammes-jaune-clair-bronze-avec-3-buses\/"},"modified":"2026-02-17T06:57:07","modified_gmt":"2026-02-17T06:57:07","slug":"pate-a-modeler-seringue-10-grammes-jaune-clair-bronze-avec-3-buses","status":"publish","type":"product","link":"https:\/\/esquell.eu\/fr\/produit\/pate-a-modeler-seringue-10-grammes-jaune-clair-bronze-avec-3-buses\/","title":{"rendered":"P\u00e2te \u00e0 modeler \/ Seringue 10 grammes Jaune clair Bronze avec 3 buses"},"content":{"rendered":"<p>Seringue, spray d&rsquo;argile Bronze jaune clair.<\/p>\n<p>10 grammes<\/p>\n<p>Comprend 3 buses<br \/>\nPrometheus.<br \/>\nA combiner avec bronze ensoleill\u00e9, argile bronze de prometheus<\/p>\n","protected":false},"excerpt":{"rendered":"<p>Seringue, spray d&rsquo;argile Sunny Bronze.  <\/p>\n<p>10 g  <\/p>\n<p>Y compris 3 buses  <\/p>\n<p><\/p>\n<p>L&rsquo;argile \u00e0 vaporiser Prometheus &#8211; p\u00e2te \u00e0 vaporiser peut \u00eatre conserv\u00e9e \u00e0 temp\u00e9rature ambiante. De nombreuses propri\u00e9t\u00e9s correspondent \u00e0 celles de l&rsquo;arguile d&rsquo;argent &#8211; Art Clay Silver.   <\/p>\n<p>La seringue d&rsquo;argile de bronze est une seringue d&rsquo;argile de bronze dilu\u00e9e qui peut \u00eatre utilis\u00e9e pour r\u00e9aliser des formes inhabituelles et des fils fins.  <\/p>\n<p>Conseil : <br \/>* Ajustez l&rsquo;ouverture de la buse en coupant un morceau de mani\u00e8re \u00e0 ce qu&rsquo;une buse plus large puisse \u00eatre utilis\u00e9e.  <\/p>\n<p>  l&rsquo;ouverture est cr\u00e9\u00e9e et des m\u00e8ches plus \u00e9paisses peuvent \u00eatre r\u00e9alis\u00e9es.  <\/p>\n<p>*Placez la seringue avec l&#8217;embout dans un bol d&rsquo;eau pendant l&rsquo;utilisation afin que l&#8217;embout ne se dess\u00e8che pas.<\/p>\n<p><strong><br \/><\/strong>Consultez la <strong><u><a href=\"https:\/\/www.esquell.nl\/c\/kennisbank\/bronsklei-bronze-clay-prometheus\">base de connaissances<\/a> <\/u><\/strong>M\u00e9thode de travail de la p\u00e2te de bronze pour des informations sur le modelage, la cuisson, la finition, etc.<\/p>\n<p><a href=\"https:\/\/www.esquell.nl\/c\/shop\/metaalklei\/bronsklei\"><u><strong>Regardez ici pour plus de produits en argile de bronze <\/strong><\/u><\/a> <strong><\/strong><\/p>\n<\/p>\n<p><\/p>\n<p><\/p>\n<p><\/p>\n","protected":false},"featured_media":4036,"comment_status":"closed","ping_status":"closed","template":"","meta":{"_acf_changed":false,"_seopress_robots_primary_cat":"none","_seopress_titles_title":"","_seopress_titles_desc":"","_seopress_robots_index":""},"more":[],"product_brand":[6521],"product_cat":[6383],"product_tag":[6386,6397,6780,6393,6396,6412,6528,6706,6395,6743,11198,6401,8085,6391,6418,11199],"class_list":{"0":"post-13543","1":"product","2":"type-product","3":"status-publish","4":"has-post-thumbnail","6":"product_brand-promethee","7":"product_cat-argile-de-bronze","8":"product_tag-aida","9":"product_tag-allemagne","10":"product_tag-argile-en-spray","11":"product_tag-belgique","12":"product_tag-belgique-2","13":"product_tag-bronze","14":"product_tag-bronze-2","15":"product_tag-commerce-de-gros","16":"product_tag-deutsland","17":"product_tag-distributeur","18":"product_tag-ensoleille","19":"product_tag-france","20":"product_tag-luxmebourg","21":"product_tag-pays-bas","22":"product_tag-promethee","23":"product_tag-sringe","24":"product_shipping_class-standard","26":"first","27":"instock","28":"taxable","29":"shipping-taxable","30":"purchasable","31":"product-type-simple"},"acf":[],"_links":{"self":[{"href":"https:\/\/esquell.eu\/fr\/wp-json\/wp\/v2\/product\/13543","targetHints":{"allow":["GET"]}}],"collection":[{"href":"https:\/\/esquell.eu\/fr\/wp-json\/wp\/v2\/product"}],"about":[{"href":"https:\/\/esquell.eu\/fr\/wp-json\/wp\/v2\/types\/product"}],"replies":[{"embeddable":true,"href":"https:\/\/esquell.eu\/fr\/wp-json\/wp\/v2\/comments?post=13543"}],"wp:featuredmedia":[{"embeddable":true,"href":"https:\/\/esquell.eu\/fr\/wp-json\/wp\/v2\/media\/4036"}],"wp:attachment":[{"href":"https:\/\/esquell.eu\/fr\/wp-json\/wp\/v2\/media?parent=13543"}],"wp:term":[{"taxonomy":"more","embeddable":true,"href":"https:\/\/esquell.eu\/fr\/wp-json\/wp\/v2\/more?post=13543"},{"taxonomy":"product_brand","embeddable":true,"href":"https:\/\/esquell.eu\/fr\/wp-json\/wp\/v2\/product_brand?post=13543"},{"taxonomy":"product_cat","embeddable":true,"href":"https:\/\/esquell.eu\/fr\/wp-json\/wp\/v2\/product_cat?post=13543"},{"taxonomy":"product_tag","embeddable":true,"href":"https:\/\/esquell.eu\/fr\/wp-json\/wp\/v2\/product_tag?post=13543"}],"curies":[{"name":"wp","href":"https:\/\/api.w.org\/{rel}","templated":true}]}}