{"id":13535,"date":"2025-04-03T09:12:37","date_gmt":"2025-04-03T09:12:37","guid":{"rendered":"https:\/\/esquell.eu\/product\/crepine-en-email-diametre-5-cm\/"},"modified":"2026-02-14T10:41:27","modified_gmt":"2026-02-14T10:41:27","slug":"crepine-en-email-diametre-5-cm","status":"publish","type":"product","link":"https:\/\/esquell.eu\/fr\/produit\/crepine-en-email-diametre-5-cm\/","title":{"rendered":"Tamis pour le tamisage des poudres d&rsquo;\u00e9mail 40 Mesh"},"content":{"rendered":"<p>tamis pour poudres d&rsquo;\u00e9mail.<br \/>\ntamis pour \u00e9mail diam\u00e8tre 5.1 cm<br \/>\nhauteur 2.5 cm<\/p>\n<p>40 Mesh<\/p>\n<p>Marque Thompson<\/p>\n","protected":false},"excerpt":{"rendered":"<p>Cr\u00e9pine en \u00e9mail. diam\u00e8tre 5 cm <\/p>\n<p>&nbsp;<\/p>\n<p>&nbsp;<\/p>\n<p><a href=\"https:\/\/www.esquell.nl\/WebRoot\/StoreNL\/Shops\/83636376\/62BD\/D6E2\/AEF0\/ABC5\/7FBB\/0A0C\/6D0E\/DBED\/Microsoft_Word_-_Enamel_MSDS.doc_-_Enamel_MSDS.pdf\">Consultez ici le manuel de s\u00e9curit\u00e9 des instructions de travail<\/a><\/p>\n","protected":false},"featured_media":30404,"comment_status":"closed","ping_status":"closed","template":"","meta":{"_acf_changed":false,"_seopress_robots_primary_cat":"none","_seopress_titles_title":"","_seopress_titles_desc":"","_seopress_robots_index":""},"more":[],"product_brand":[7186],"product_cat":[6705],"product_tag":[6386,7219,6405,7210,7191,7272,7223,9495,9464,9471,9480,7188,9484,7245,9476,8867,9685,9449,7229,7233,7231,9475,7236,9493,7225,7261,6381,7242,7249,9459,7255,6634,6403,7215,9485,6546,7268,6544,7239,7224,7274,9491,9494,9284,6954,6922,7258,9454,9488,7252,7270,22127,22175,22177,22176,10798,7266,9467,7248,7264],"class_list":{"0":"post-13535","1":"product","2":"type-product","3":"status-publish","4":"has-post-thumbnail","6":"product_brand-rio","7":"product_cat-outils-et-fournitures-pour-lemaillage","8":"product_tag-aida","9":"product_tag-art-clay","10":"product_tag-artclay","11":"product_tag-blanc-3","12":"product_tag-blanc-2","13":"product_tag-bleu-2","14":"product_tag-bleu","15":"product_tag-cerise","16":"product_tag-chaux","17":"product_tag-ciel","18":"product_tag-clair-2","19":"product_tag-clair","20":"product_tag-cobalt","21":"product_tag-couleurs","22":"product_tag-email-4","23":"product_tag-email-2","24":"product_tag-email-5","25":"product_tag-email-3","26":"product_tag-email","27":"product_tag-emaillage","28":"product_tag-emal","29":"product_tag-emaraude","30":"product_tag-emaux","31":"product_tag-feerie","32":"product_tag-gris","33":"product_tag-gris-2","34":"product_tag-japon","35":"product_tag-japonais","36":"product_tag-japonais-2","37":"product_tag-jaune-2","38":"product_tag-jaune","39":"product_tag-largent-3","40":"product_tag-lor","41":"product_tag-lor-2","42":"product_tag-marine","43":"product_tag-noir","44":"product_tag-opaque","45":"product_tag-pas","46":"product_tag-poudre-2","47":"product_tag-poudre","48":"product_tag-pourpre","49":"product_tag-prussien","50":"product_tag-prussien-2","51":"product_tag-pur-3","52":"product_tag-pur-2","53":"product_tag-pur","54":"product_tag-rose","55":"product_tag-rose-2","56":"product_tag-rouge-2","57":"product_tag-rouge","58":"product_tag-semi","59":"product_tag-tamis-3","60":"product_tag-tamis-en-email","61":"product_tag-tamis-fin","62":"product_tag-tamis-pour-poudres-demail","63":"product_tag-tamis-tamis","64":"product_tag-transparent","65":"product_tag-vert-2","66":"product_tag-vert","67":"product_tag-violet","68":"product_shipping_class-standard","70":"first","71":"instock","72":"taxable","73":"shipping-taxable","74":"purchasable","75":"product-type-simple"},"acf":[],"_links":{"self":[{"href":"https:\/\/esquell.eu\/fr\/wp-json\/wp\/v2\/product\/13535","targetHints":{"allow":["GET"]}}],"collection":[{"href":"https:\/\/esquell.eu\/fr\/wp-json\/wp\/v2\/product"}],"about":[{"href":"https:\/\/esquell.eu\/fr\/wp-json\/wp\/v2\/types\/product"}],"replies":[{"embeddable":true,"href":"https:\/\/esquell.eu\/fr\/wp-json\/wp\/v2\/comments?post=13535"}],"wp:featuredmedia":[{"embeddable":true,"href":"https:\/\/esquell.eu\/fr\/wp-json\/wp\/v2\/media\/30404"}],"wp:attachment":[{"href":"https:\/\/esquell.eu\/fr\/wp-json\/wp\/v2\/media?parent=13535"}],"wp:term":[{"taxonomy":"more","embeddable":true,"href":"https:\/\/esquell.eu\/fr\/wp-json\/wp\/v2\/more?post=13535"},{"taxonomy":"product_brand","embeddable":true,"href":"https:\/\/esquell.eu\/fr\/wp-json\/wp\/v2\/product_brand?post=13535"},{"taxonomy":"product_cat","embeddable":true,"href":"https:\/\/esquell.eu\/fr\/wp-json\/wp\/v2\/product_cat?post=13535"},{"taxonomy":"product_tag","embeddable":true,"href":"https:\/\/esquell.eu\/fr\/wp-json\/wp\/v2\/product_tag?post=13535"}],"curies":[{"name":"wp","href":"https:\/\/api.w.org\/{rel}","templated":true}]}}