{"id":13532,"date":"2025-04-03T09:15:17","date_gmt":"2025-04-03T09:15:17","guid":{"rendered":"https:\/\/esquell.eu\/product\/mini-aimant-pour-fabriquer-vos-propres-boulets-de-canon-en-pate-a-modeler-emballe-par-10-pieces\/"},"modified":"2025-11-05T19:02:32","modified_gmt":"2025-11-05T19:02:32","slug":"mini-aimant-pour-fabriquer-vos-propres-boulets-de-canon-en-pate-a-modeler-emballe-par-10-pieces","status":"publish","type":"product","link":"https:\/\/esquell.eu\/fr\/produit\/mini-aimant-pour-fabriquer-vos-propres-boulets-de-canon-en-pate-a-modeler-emballe-par-10-pieces\/","title":{"rendered":"Mini-aimant pour fabriquer vos propres boulets de canon en p\u00e2te \u00e0 modeler. Emball\u00e9 par 10 pi\u00e8ces"},"content":{"rendered":"<div class=\"product-addition-content\">\n<p>Mini aimants.<\/p>\n<p>Taille 5 mm x 1,5 mm. Emball\u00e9 par 10 pi\u00e8ces <\/p>\n<p>Convient \u00e0 la fabrication de fermoirs en p\u00e2te m\u00e9tallique (p\u00e2te d&rsquo;argent, p\u00e2te de bronze, p\u00e2te de cuivre).<\/p>\n<p>La fabrication de tubes ronds et creux en p\u00e2te \u00e0 modeler, dont la taille int\u00e9rieure est l\u00e9g\u00e8rement sup\u00e9rieure au diam\u00e8tre de l&rsquo;aimant, par exemple, ouvre des possibilit\u00e9s illimit\u00e9es pour la conception de serrures en p\u00e2te \u00e0 modeler. D&rsquo;autres formes dans lesquelles l&rsquo;aimant peut \u00eatre incorpor\u00e9 sont \u00e9galement possibles. Convient \u00e9galement \u00e0 d&rsquo;autres types d&rsquo;argile tels que la fimo, le cernit, l&rsquo;argile polym\u00e8re, etc.  <\/p>\n<p>Ne pas co-fry. Fixez-les avec de la colle pour bijoux apr\u00e8s la cuisson. <\/p>\n<\/div>\n","protected":false},"excerpt":{"rendered":"<p>Mini aimants.<\/p>\n<p>Taille 5 mm x 1,5 mm. Emball\u00e9 par 10 pi\u00e8ces <\/p>\n<p>&nbsp;<\/p>\n<p>Convient \u00e0 la fabrication de fermoirs en p\u00e2te m\u00e9tallique (p\u00e2te d&rsquo;argent, p\u00e2te de bronze, p\u00e2te de cuivre).<\/p>\n<p>La fabrication de tubes ronds et creux en p\u00e2te \u00e0 modeler, dont la taille int\u00e9rieure est l\u00e9g\u00e8rement sup\u00e9rieure au diam\u00e8tre de l&rsquo;aimant, par exemple, ouvre des possibilit\u00e9s illimit\u00e9es pour la conception de serrures en p\u00e2te \u00e0 modeler. D&rsquo;autres formes dans lesquelles l&rsquo;aimant peut \u00eatre incorpor\u00e9 sont \u00e9galement possibles. Convient \u00e9galement \u00e0 d&rsquo;autres types d&rsquo;argile tels que la fimo, le cernit, l&rsquo;argile polym\u00e8re, etc.  <\/p>\n<p>Ne pas cuire au four. Fixez-les avec de la <a href=\"?ObjectPath=\/Shops\/83636376\/Products\/AM0008\">colle pour bijoux<\/a> apr\u00e8s la cuisson. <\/p>\n","protected":false},"featured_media":7147,"comment_status":"closed","ping_status":"closed","template":"","meta":{"_acf_changed":false,"_seopress_robots_primary_cat":"none","_seopress_titles_title":"","_seopress_titles_desc":"","_seopress_robots_index":""},"more":[],"product_brand":[6398],"product_cat":[11146,11147],"product_tag":[6645,9059,7760,6646,6939,11159,11162,7045,7024,7036,6923,6931,6388,6404,6406,6420,7028,6378,6376,6949,11921,8817,6372,6642,7582,6409,6935,6819,9056,7047,11919,11150,8503,7038,8509,6647,11149,7043,7766,9961,6374,11153,11161,8039,11164,11160,6815,6933,11152,6651,9304,11167,9044,6951,9104,7120,9043,6550,7121,6930,7026,8501,11157,7030,9063,7042,6640,9049,8837,7040,6821,11163,11917,9052,11155,7051,6937,6643,11151,6816,7933,8028,6927,7094,11915,10693,11156,6925,6943,11154,11158,11166,10312,11918,6787,11148,8495,11920,11916,11165,11168,7032],"class_list":{"0":"post-13532","1":"product","2":"type-product","3":"status-publish","4":"has-post-thumbnail","6":"product_brand-l1","7":"product_cat-argent-925","8":"product_cat-autres-metaux","9":"product_tag-a","10":"product_tag-aarschot","11":"product_tag-achats-2","12":"product_tag-acheter","13":"product_tag-acheter-2","14":"product_tag-aimant","15":"product_tag-aimants","16":"product_tag-almelo","17":"product_tag-almere","18":"product_tag-amersfoort","19":"product_tag-amsterdam","20":"product_tag-anvers","21":"product_tag-argile","22":"product_tag-argile-argentee","23":"product_tag-argile-aurifere","24":"product_tag-argile-bronze","25":"product_tag-argile-cuivreuse","26":"product_tag-argile-metallique","27":"product_tag-artclaysilver","28":"product_tag-assen","29":"product_tag-asten-valkenswaard","30":"product_tag-barneveld","31":"product_tag-bijoux","32":"product_tag-bijoux-2","33":"product_tag-breda","34":"product_tag-bricolage","35":"product_tag-bruxelles","36":"product_tag-cernit","37":"product_tag-courtrai","38":"product_tag-delft","39":"product_tag-deurne","40":"product_tag-dombourg","41":"product_tag-dronten","42":"product_tag-eindhoven","43":"product_tag-emmeloord","44":"product_tag-en-ligne","45":"product_tag-enkhuizen","46":"product_tag-enschede","47":"product_tag-etreilen","48":"product_tag-fabrication-de-bijoux-par-soi-meme-2","49":"product_tag-faire","50":"product_tag-fermeture","51":"product_tag-fermeture-magnetique","52":"product_tag-fermetures","53":"product_tag-fermetures-magnetiques","54":"product_tag-fermoirs-magnetiques","55":"product_tag-fimo","56":"product_tag-gentilhomme","57":"product_tag-gouda","58":"product_tag-groningue","59":"product_tag-hardenberg","60":"product_tag-harlingen","61":"product_tag-hasselt","62":"product_tag-heerenveen","63":"product_tag-helmond","64":"product_tag-hoogeveen","65":"product_tag-knokke","66":"product_tag-largent-2","67":"product_tag-la-haye","68":"product_tag-leeuwarden","69":"product_tag-lelystad","70":"product_tag-lemmer","71":"product_tag-les-chiffres","72":"product_tag-liege","73":"product_tag-lokeren","74":"product_tag-maastricht","75":"product_tag-maison","76":"product_tag-malines","77":"product_tag-meilleur","78":"product_tag-middelburg","79":"product_tag-mini","80":"product_tag-mini-aimants","81":"product_tag-nieuwegein","82":"product_tag-noms-louvain","83":"product_tag-ommen","84":"product_tag-oss","85":"product_tag-ostende","86":"product_tag-ou","87":"product_tag-ouddorp","88":"product_tag-pate-polymere","89":"product_tag-petit-2","90":"product_tag-pieces-de-bijouterie","91":"product_tag-plomb","92":"product_tag-pont","93":"product_tag-renesse","94":"product_tag-ronde","95":"product_tag-roosendaal","96":"product_tag-rotterdam","97":"product_tag-scheveningen","98":"product_tag-serrure-2","99":"product_tag-serrures","100":"product_tag-serrures-magnetiques","101":"product_tag-tilburg","102":"product_tag-uden","103":"product_tag-utrecht","104":"product_tag-veghel","105":"product_tag-venlo","106":"product_tag-venray","107":"product_tag-woerden","108":"product_tag-zefl","109":"product_tag-zierikzee","110":"product_tag-zwolle","111":"product_shipping_class-standard","113":"first","114":"instock","115":"taxable","116":"shipping-taxable","117":"purchasable","118":"product-type-simple"},"acf":[],"_links":{"self":[{"href":"https:\/\/esquell.eu\/fr\/wp-json\/wp\/v2\/product\/13532","targetHints":{"allow":["GET"]}}],"collection":[{"href":"https:\/\/esquell.eu\/fr\/wp-json\/wp\/v2\/product"}],"about":[{"href":"https:\/\/esquell.eu\/fr\/wp-json\/wp\/v2\/types\/product"}],"replies":[{"embeddable":true,"href":"https:\/\/esquell.eu\/fr\/wp-json\/wp\/v2\/comments?post=13532"}],"wp:featuredmedia":[{"embeddable":true,"href":"https:\/\/esquell.eu\/fr\/wp-json\/wp\/v2\/media\/7147"}],"wp:attachment":[{"href":"https:\/\/esquell.eu\/fr\/wp-json\/wp\/v2\/media?parent=13532"}],"wp:term":[{"taxonomy":"more","embeddable":true,"href":"https:\/\/esquell.eu\/fr\/wp-json\/wp\/v2\/more?post=13532"},{"taxonomy":"product_brand","embeddable":true,"href":"https:\/\/esquell.eu\/fr\/wp-json\/wp\/v2\/product_brand?post=13532"},{"taxonomy":"product_cat","embeddable":true,"href":"https:\/\/esquell.eu\/fr\/wp-json\/wp\/v2\/product_cat?post=13532"},{"taxonomy":"product_tag","embeddable":true,"href":"https:\/\/esquell.eu\/fr\/wp-json\/wp\/v2\/product_tag?post=13532"}],"curies":[{"name":"wp","href":"https:\/\/api.w.org\/{rel}","templated":true}]}}