{"id":13497,"date":"2025-04-03T09:15:17","date_gmt":"2025-04-03T09:15:17","guid":{"rendered":"https:\/\/esquell.eu\/product\/sertissage-en-tube-rond-la-taille-est-la-taille-interieure-taille-de-la-pierre-925-differentes-tailles\/"},"modified":"2026-01-10T16:58:42","modified_gmt":"2026-01-10T16:58:42","slug":"sertissage-en-tube-rond-la-taille-est-la-taille-interieure-taille-de-la-pierre-925-differentes-tailles","status":"publish","type":"product","link":"https:\/\/esquell.eu\/fr\/produit\/sertissage-en-tube-rond-la-taille-est-la-taille-interieure-taille-de-la-pierre-925-differentes-tailles\/","title":{"rendered":"Tube de mise en place. La taille est la taille int\u00e9rieure \/ la taille de la pierre. 925 Diff\u00e9rentes tailles"},"content":{"rendered":"<p>Bo\u00eetes \u00e0 sertir, tubes \u00e0 sertir,<br \/>\nArgent 925<br \/>\nDiff\u00e9rentes tailles.<br \/>\nBo\u00eetes \u00e0 sertir, sertissages, sertissages<\/p>\n<p>Convient \u00e0 la cuisson avec de l&rsquo;argile argent\u00e9e.<\/p>\n<p>La taille est la taille int\u00e9rieure = la taille de la pierre.<\/p>\n","protected":false},"excerpt":{"rendered":"<p>Monture ronde<\/p>\n<p>Argent sterling<\/p>\n<p>925<\/p>\n<p>La taille est la taille int\u00e9rieure \/ la taille de la pierre.<\/p>\n<p>Convient aux zircons.<\/p>\n<p>&nbsp;<\/p>\n<p>&nbsp;<\/p>\n<p>&nbsp;<\/p>\n","protected":false},"featured_media":13500,"comment_status":"closed","ping_status":"closed","template":"","meta":{"_acf_changed":false,"_seopress_robots_primary_cat":"none","_seopress_titles_title":"","_seopress_titles_desc":"","_seopress_robots_index":""},"more":[],"product_brand":[7186],"product_cat":[10990],"product_tag":[6470,6645,7760,6646,6939,7523,6386,6397,7761,7016,6741,6404,6378,6405,6376,6393,6982,6372,6642,6658,7418,6480,6389,6409,8057,11029,6649,6395,6743,6647,6374,11027,6635,6401,7479,11045,11031,6381,6369,6634,6656,11024,6708,11034,6637,7313,11042,6652,6643,6636,6391,7420,7416,7411,6922,6954,6778,7426,11048,11035,6964,11033,6408,6776,7414],"class_list":{"0":"post-13497","1":"product","2":"type-product","3":"status-publish","4":"has-post-thumbnail","6":"product_brand-rio","7":"product_cat-reglements-et-chatons","8":"product_tag-6470","9":"product_tag-a","10":"product_tag-achats-2","11":"product_tag-acheter","12":"product_tag-acheter-2","13":"product_tag-adapte","14":"product_tag-aida","15":"product_tag-allemagne","16":"product_tag-allemagne-2","17":"product_tag-amende-2","18":"product_tag-argile-3","19":"product_tag-argile-argentee","20":"product_tag-argile-metallique","21":"product_tag-artclay","22":"product_tag-artclaysilver","23":"product_tag-belgique","24":"product_tag-bijoutier","25":"product_tag-bijoux","26":"product_tag-bijoux-2","27":"product_tag-bijoux-en-argile","28":"product_tag-boite-de-reglage","29":"product_tag-boites-de-composition","30":"product_tag-boutique-en-ligne","31":"product_tag-bricolage","32":"product_tag-chaton","33":"product_tag-chatons","34":"product_tag-commande","35":"product_tag-deutsland","36":"product_tag-distributeur","37":"product_tag-en-ligne","38":"product_tag-faire","39":"product_tag-forgeage","40":"product_tag-fournitures","41":"product_tag-france","42":"product_tag-france-2","43":"product_tag-groodhandel","44":"product_tag-integration","45":"product_tag-japon","46":"product_tag-largent","47":"product_tag-largent-3","48":"product_tag-luxembourg-2","49":"product_tag-materiaux","50":"product_tag-mercerie","51":"product_tag-metallurgie","52":"product_tag-orfevre","53":"product_tag-orfevre-2","54":"product_tag-orfevre-5","55":"product_tag-orfevres","56":"product_tag-ou","57":"product_tag-outils","58":"product_tag-pays-bas","59":"product_tag-plateau-de-brassage","60":"product_tag-plateau-de-composition","61":"product_tag-plateaux-de-composition","62":"product_tag-pur","63":"product_tag-pur-2","64":"product_tag-reel","65":"product_tag-reglage","66":"product_tag-reglage-du-tube","67":"product_tag-reglement","68":"product_tag-sollid","69":"product_tag-tube","70":"product_tag-vous","71":"product_tag-vraiment","72":"product_tag-zetkast","73":"product_shipping_class-standard","74":"pa_afmeting-10mm","75":"pa_afmeting-2mm","76":"pa_afmeting-3mm","77":"pa_afmeting-4mm","78":"pa_afmeting-5mm","79":"pa_afmeting-6mm","80":"pa_afmeting-8mm","82":"first","83":"instock","84":"taxable","85":"shipping-taxable","86":"purchasable","87":"product-type-variable"},"acf":[],"_links":{"self":[{"href":"https:\/\/esquell.eu\/fr\/wp-json\/wp\/v2\/product\/13497","targetHints":{"allow":["GET"]}}],"collection":[{"href":"https:\/\/esquell.eu\/fr\/wp-json\/wp\/v2\/product"}],"about":[{"href":"https:\/\/esquell.eu\/fr\/wp-json\/wp\/v2\/types\/product"}],"replies":[{"embeddable":true,"href":"https:\/\/esquell.eu\/fr\/wp-json\/wp\/v2\/comments?post=13497"}],"wp:featuredmedia":[{"embeddable":true,"href":"https:\/\/esquell.eu\/fr\/wp-json\/wp\/v2\/media\/13500"}],"wp:attachment":[{"href":"https:\/\/esquell.eu\/fr\/wp-json\/wp\/v2\/media?parent=13497"}],"wp:term":[{"taxonomy":"more","embeddable":true,"href":"https:\/\/esquell.eu\/fr\/wp-json\/wp\/v2\/more?post=13497"},{"taxonomy":"product_brand","embeddable":true,"href":"https:\/\/esquell.eu\/fr\/wp-json\/wp\/v2\/product_brand?post=13497"},{"taxonomy":"product_cat","embeddable":true,"href":"https:\/\/esquell.eu\/fr\/wp-json\/wp\/v2\/product_cat?post=13497"},{"taxonomy":"product_tag","embeddable":true,"href":"https:\/\/esquell.eu\/fr\/wp-json\/wp\/v2\/product_tag?post=13497"}],"curies":[{"name":"wp","href":"https:\/\/api.w.org\/{rel}","templated":true}]}}