{"id":13416,"date":"2025-04-03T09:15:31","date_gmt":"2025-04-03T09:15:31","guid":{"rendered":"https:\/\/esquell.eu\/product\/carre-putty-fond-ouvert-en-argent-925-differentes-tailles\/"},"modified":"2025-11-05T19:03:34","modified_gmt":"2025-11-05T19:03:34","slug":"carre-putty-fond-ouvert-en-argent-925-differentes-tailles","status":"publish","type":"product","link":"https:\/\/esquell.eu\/fr\/produit\/carre-putty-fond-ouvert-en-argent-925-differentes-tailles\/","title":{"rendered":"Carr\u00e9 Putty, fond ouvert en argent 925. Diff\u00e9rentes tailles"},"content":{"rendered":"<p>Bo\u00eete de sertissage carr\u00e9e, fond ouvert<br \/>\ndiff\u00e9rentes tailles<br \/>\nargent 925 sterling<\/p>\n<p>Pour p.ex. pierre carr\u00e9e \/ zircone<\/p>\n","protected":false},"excerpt":{"rendered":"<p>Bo\u00eete \u00e0 sertir carr\u00e9e, fond ouvert<\/p>\n<p>Argent 925<\/p>\n<p>Pour p.ex. une pierre carr\u00e9e ou un cabochon en verre.<\/p>\n","protected":false},"featured_media":5832,"comment_status":"closed","ping_status":"closed","template":"","meta":{"_acf_changed":false,"_seopress_robots_primary_cat":"none","_seopress_titles_title":"","_seopress_titles_desc":"","_seopress_robots_index":""},"more":[],"product_brand":[6363],"product_cat":[10990],"product_tag":[6470,6476,6397,6960,7016,11089,11088,6393,7418,6402,6389,7430,9385,11090,11094,6706,11093,6395,11087,6635,6401,7479,8241,6634,6550,6369,6400,6656,8085,7398,7820,7428,6652,6391,6644,6428,7420,7416,11091,7411,10142,6922,6954,9284,6778,7426,8351,11092,6919,10120,6776,7414],"class_list":{"0":"post-13416","1":"product","2":"type-product","3":"status-publish","4":"has-post-thumbnail","6":"product_brand-bm","7":"product_cat-reglements-et-chatons","8":"product_tag-6470","9":"product_tag-6476","10":"product_tag-allemagne","11":"product_tag-amende","12":"product_tag-amende-2","13":"product_tag-armoire","14":"product_tag-armoires","15":"product_tag-belgique","16":"product_tag-boite-de-reglage","17":"product_tag-bon-marche","18":"product_tag-boutique-en-ligne","19":"product_tag-cabochon","20":"product_tag-carre","21":"product_tag-carre-3","22":"product_tag-clarifier","23":"product_tag-commerce-de-gros","24":"product_tag-cote","25":"product_tag-deutsland","26":"product_tag-et","27":"product_tag-fournitures","28":"product_tag-france","29":"product_tag-france-2","30":"product_tag-hobby","31":"product_tag-largent-3","32":"product_tag-largent-2","33":"product_tag-largent","34":"product_tag-luxembourg","35":"product_tag-luxembourg-2","36":"product_tag-luxmebourg","37":"product_tag-mettre","38":"product_tag-mettre-2","39":"product_tag-naturel","40":"product_tag-orfevres","41":"product_tag-pays-bas","42":"product_tag-pieces","43":"product_tag-pierre","44":"product_tag-plateau-de-brassage","45":"product_tag-plateau-de-composition","46":"product_tag-plateaux","47":"product_tag-plateaux-de-composition","48":"product_tag-poubelle","49":"product_tag-pur","50":"product_tag-pur-2","51":"product_tag-pur-3","52":"product_tag-reel","53":"product_tag-reglage","54":"product_tag-reglage-2","55":"product_tag-ss","56":"product_tag-sterling","57":"product_tag-votre-2","58":"product_tag-vraiment","59":"product_tag-zetkast","60":"product_shipping_class-standard","61":"pa_afmeting-3mm","62":"pa_afmeting-4mm","63":"pa_afmeting-8mm","65":"first","66":"instock","67":"taxable","68":"shipping-taxable","69":"purchasable","70":"product-type-variable"},"acf":[],"_links":{"self":[{"href":"https:\/\/esquell.eu\/fr\/wp-json\/wp\/v2\/product\/13416","targetHints":{"allow":["GET"]}}],"collection":[{"href":"https:\/\/esquell.eu\/fr\/wp-json\/wp\/v2\/product"}],"about":[{"href":"https:\/\/esquell.eu\/fr\/wp-json\/wp\/v2\/types\/product"}],"replies":[{"embeddable":true,"href":"https:\/\/esquell.eu\/fr\/wp-json\/wp\/v2\/comments?post=13416"}],"wp:featuredmedia":[{"embeddable":true,"href":"https:\/\/esquell.eu\/fr\/wp-json\/wp\/v2\/media\/5832"}],"wp:attachment":[{"href":"https:\/\/esquell.eu\/fr\/wp-json\/wp\/v2\/media?parent=13416"}],"wp:term":[{"taxonomy":"more","embeddable":true,"href":"https:\/\/esquell.eu\/fr\/wp-json\/wp\/v2\/more?post=13416"},{"taxonomy":"product_brand","embeddable":true,"href":"https:\/\/esquell.eu\/fr\/wp-json\/wp\/v2\/product_brand?post=13416"},{"taxonomy":"product_cat","embeddable":true,"href":"https:\/\/esquell.eu\/fr\/wp-json\/wp\/v2\/product_cat?post=13416"},{"taxonomy":"product_tag","embeddable":true,"href":"https:\/\/esquell.eu\/fr\/wp-json\/wp\/v2\/product_tag?post=13416"}],"curies":[{"name":"wp","href":"https:\/\/api.w.org\/{rel}","templated":true}]}}