{"id":13401,"date":"2025-04-03T09:15:31","date_gmt":"2025-04-03T09:15:31","guid":{"rendered":"https:\/\/esquell.eu\/product\/boites-de-montage-en-laiton-rond-differentes-tailles-rabais-en-vrac\/"},"modified":"2025-04-03T09:15:31","modified_gmt":"2025-04-03T09:15:31","slug":"boites-de-montage-en-laiton-rond-differentes-tailles-rabais-en-vrac","status":"publish","type":"product","link":"https:\/\/esquell.eu\/fr\/produit\/boites-de-montage-en-laiton-rond-differentes-tailles-rabais-en-vrac\/","title":{"rendered":"Bo\u00eetes de montage en laiton rond. Diff\u00e9rentes tailles. RABAIS EN VRAC"},"content":{"rendered":"<p>Mettez les bo\u00eetes en cercle.<\/p>\n<p>Laiton<br \/>\nDiff\u00e9rentes tailles.<\/p>\n<p>Peut \u00eatre coll\u00e9, rivet\u00e9, soud\u00e9 ou cuit avec de l&rsquo;argile de bronze. Utilisez des soudures \u00e0 basse temp\u00e9rature pour des connexions rapides et faciles. <\/p>\n","protected":false},"excerpt":{"rendered":"<p>Les bo\u00eetes \u00e0 boutons sont rondes.<\/p>\n<p>Laiton<br \/>\nDiff\u00e9rentes tailles.<\/p>\n<p>Peut \u00eatre coll\u00e9, rivet\u00e9, soud\u00e9 ou cuit avec de l&rsquo;argile de bronze. Utilisez des soudures \u00e0 basse temp\u00e9rature pour des connexions rapides et faciles. <\/p>\n<p>&nbsp;<\/p>\n","protected":false},"featured_media":5922,"comment_status":"closed","ping_status":"closed","template":"","meta":{"_acf_changed":false,"_seopress_robots_primary_cat":"none","_seopress_titles_title":"","_seopress_titles_desc":"","_seopress_robots_index":""},"more":[],"product_brand":[6736],"product_cat":[10990],"product_tag":[6645,7760,6646,6939,7523,6386,6397,7761,6741,6404,6378,6405,6376,6393,6982,6372,6642,6658,7418,6480,6389,6409,6412,8057,11029,6649,6395,6743,6647,6374,11027,6635,6401,7479,11045,11079,11031,6381,8682,10177,6656,11024,6708,11034,6637,7313,11042,6652,6643,6636,6391,7420,7416,7411,6922,6954,6778,7426,11035,6964,6408,7414],"class_list":{"0":"post-13401","1":"product","2":"type-product","3":"status-publish","4":"has-post-thumbnail","6":"product_brand-des-outils-sympas","7":"product_cat-reglements-et-chatons","8":"product_tag-a","9":"product_tag-achats-2","10":"product_tag-acheter","11":"product_tag-acheter-2","12":"product_tag-adapte","13":"product_tag-aida","14":"product_tag-allemagne","15":"product_tag-allemagne-2","16":"product_tag-argile-3","17":"product_tag-argile-argentee","18":"product_tag-argile-metallique","19":"product_tag-artclay","20":"product_tag-artclaysilver","21":"product_tag-belgique","22":"product_tag-bijoutier","23":"product_tag-bijoux","24":"product_tag-bijoux-2","25":"product_tag-bijoux-en-argile","26":"product_tag-boite-de-reglage","27":"product_tag-boites-de-composition","28":"product_tag-boutique-en-ligne","29":"product_tag-bricolage","30":"product_tag-bronze","31":"product_tag-chaton","32":"product_tag-chatons","33":"product_tag-commande","34":"product_tag-deutsland","35":"product_tag-distributeur","36":"product_tag-en-ligne","37":"product_tag-faire","38":"product_tag-forgeage","39":"product_tag-fournitures","40":"product_tag-france","41":"product_tag-france-2","42":"product_tag-groodhandel","43":"product_tag-incorpore","44":"product_tag-integration","45":"product_tag-japon","46":"product_tag-laiton","47":"product_tag-laiton-2","48":"product_tag-luxembourg-2","49":"product_tag-materiaux","50":"product_tag-mercerie","51":"product_tag-metallurgie","52":"product_tag-orfevre","53":"product_tag-orfevre-2","54":"product_tag-orfevre-5","55":"product_tag-orfevres","56":"product_tag-ou","57":"product_tag-outils","58":"product_tag-pays-bas","59":"product_tag-plateau-de-brassage","60":"product_tag-plateau-de-composition","61":"product_tag-plateaux-de-composition","62":"product_tag-pur","63":"product_tag-pur-2","64":"product_tag-reel","65":"product_tag-reglage","66":"product_tag-reglement","67":"product_tag-sollid","68":"product_tag-vous","69":"product_tag-zetkast","70":"product_shipping_class-standard","71":"pa_afmeting-10mm","72":"pa_afmeting-4mm","73":"pa_afmeting-6mm","74":"pa_afmeting-8mm","76":"first","77":"instock","78":"taxable","79":"shipping-taxable","80":"purchasable","81":"product-type-variable"},"acf":[],"_links":{"self":[{"href":"https:\/\/esquell.eu\/fr\/wp-json\/wp\/v2\/product\/13401","targetHints":{"allow":["GET"]}}],"collection":[{"href":"https:\/\/esquell.eu\/fr\/wp-json\/wp\/v2\/product"}],"about":[{"href":"https:\/\/esquell.eu\/fr\/wp-json\/wp\/v2\/types\/product"}],"replies":[{"embeddable":true,"href":"https:\/\/esquell.eu\/fr\/wp-json\/wp\/v2\/comments?post=13401"}],"wp:featuredmedia":[{"embeddable":true,"href":"https:\/\/esquell.eu\/fr\/wp-json\/wp\/v2\/media\/5922"}],"wp:attachment":[{"href":"https:\/\/esquell.eu\/fr\/wp-json\/wp\/v2\/media?parent=13401"}],"wp:term":[{"taxonomy":"more","embeddable":true,"href":"https:\/\/esquell.eu\/fr\/wp-json\/wp\/v2\/more?post=13401"},{"taxonomy":"product_brand","embeddable":true,"href":"https:\/\/esquell.eu\/fr\/wp-json\/wp\/v2\/product_brand?post=13401"},{"taxonomy":"product_cat","embeddable":true,"href":"https:\/\/esquell.eu\/fr\/wp-json\/wp\/v2\/product_cat?post=13401"},{"taxonomy":"product_tag","embeddable":true,"href":"https:\/\/esquell.eu\/fr\/wp-json\/wp\/v2\/product_tag?post=13401"}],"curies":[{"name":"wp","href":"https:\/\/api.w.org\/{rel}","templated":true}]}}