{"id":13359,"date":"2025-04-03T09:15:40","date_gmt":"2025-04-03T09:15:40","guid":{"rendered":"https:\/\/esquell.eu\/product\/couronne-en-argent-avec-pierre-ronde-div-dimensions-convient-pour-la-cuisson\/"},"modified":"2026-03-23T20:20:58","modified_gmt":"2026-03-23T20:20:58","slug":"couronne-en-argent-avec-pierre-ronde-div-dimensions-convient-pour-la-cuisson","status":"publish","type":"product","link":"https:\/\/esquell.eu\/fr\/produit\/couronne-en-argent-avec-pierre-ronde-div-dimensions-convient-pour-la-cuisson\/","title":{"rendered":"Couronne en argent avec pierre ronde Div. Dimensions Convient pour la cuisson"},"content":{"rendered":"<p>Chaton en argent, bo\u00eete \u00e0 sertir.<\/p>\n<p>Pierre ronde<\/p>\n<p>Argent<\/p>\n<p>Diff\u00e9rentes tailles<\/p>\n<p>Convient pour la cuisson en argile argent\u00e9e.<\/p>\n","protected":false},"excerpt":{"rendered":"<p>Chaton en argent, bo\u00eetier de sertissage.<\/p>\n<p>Pierre ronde<\/p>\n<p>Argent<\/p>\n<p>Pour une pierre de 3 mm<\/p>\n<p>Convient \u00e0 la co-cuisson dans l&rsquo;argile argent\u00e9e<\/p>\n<p>&nbsp;<\/p>\n<p>Pointe \u00e0 souder :<\/p>\n<p><a href=\"https:\/\/www.esquell.nl\/c\/shop\/gereedschap\/solderen\"><u><strong>P\u00e2te \u00e0 braser argent\u00e9e  <\/strong><\/u><\/a><\/p>\n","protected":false},"featured_media":13360,"comment_status":"closed","ping_status":"closed","template":"","meta":{"_acf_changed":false,"_seopress_robots_primary_cat":"none","_seopress_titles_title":"","_seopress_titles_desc":"","_seopress_robots_index":""},"more":[],"product_brand":[6382],"product_cat":[10991,10990],"product_tag":[6470,6477,6476,6404,6390,11030,11032,6372,6480,6402,8057,11026,8318,6374,6481,6369,7428,6644,6483,11028,7416,7411,6984,7426,8351,10301,10190,8445,7414,6482,7604],"class_list":{"0":"post-13359","1":"product","2":"type-product","3":"status-publish","4":"has-post-thumbnail","6":"product_brand-acs","7":"product_cat-pieces-adaptees-a-la-cocuisson-avec-de-largile-metallique","8":"product_cat-reglements-et-chatons","9":"product_tag-6470","10":"product_tag-6477","11":"product_tag-6476","12":"product_tag-argile-argentee","13":"product_tag-argile-metallique-2","14":"product_tag-argile-metallique-6","15":"product_tag-artclaysilver-budget","16":"product_tag-bijoux","17":"product_tag-boites-de-composition","18":"product_tag-bon-marche","19":"product_tag-chaton","20":"product_tag-cubique","21":"product_tag-cz","22":"product_tag-faire","23":"product_tag-galets","24":"product_tag-largent","25":"product_tag-naturel","26":"product_tag-pieces","27":"product_tag-pierre-naturelle","28":"product_tag-pierres-de-taille","29":"product_tag-plateau-de-composition","30":"product_tag-plateaux-de-composition","31":"product_tag-qualite","32":"product_tag-reglage","33":"product_tag-reglage-2","34":"product_tag-requis-et","35":"product_tag-scie","36":"product_tag-strass-2","37":"product_tag-zetkast","38":"product_tag-zircone","39":"product_tag-zircone-2","40":"product_shipping_class-standard","41":"pa_afmeting-2mm","42":"pa_afmeting-3mm","43":"pa_afmeting-4mm","45":"first","46":"instock","47":"taxable","48":"shipping-taxable","49":"purchasable","50":"product-type-variable"},"acf":[],"_links":{"self":[{"href":"https:\/\/esquell.eu\/fr\/wp-json\/wp\/v2\/product\/13359","targetHints":{"allow":["GET"]}}],"collection":[{"href":"https:\/\/esquell.eu\/fr\/wp-json\/wp\/v2\/product"}],"about":[{"href":"https:\/\/esquell.eu\/fr\/wp-json\/wp\/v2\/types\/product"}],"replies":[{"embeddable":true,"href":"https:\/\/esquell.eu\/fr\/wp-json\/wp\/v2\/comments?post=13359"}],"wp:featuredmedia":[{"embeddable":true,"href":"https:\/\/esquell.eu\/fr\/wp-json\/wp\/v2\/media\/13360"}],"wp:attachment":[{"href":"https:\/\/esquell.eu\/fr\/wp-json\/wp\/v2\/media?parent=13359"}],"wp:term":[{"taxonomy":"more","embeddable":true,"href":"https:\/\/esquell.eu\/fr\/wp-json\/wp\/v2\/more?post=13359"},{"taxonomy":"product_brand","embeddable":true,"href":"https:\/\/esquell.eu\/fr\/wp-json\/wp\/v2\/product_brand?post=13359"},{"taxonomy":"product_cat","embeddable":true,"href":"https:\/\/esquell.eu\/fr\/wp-json\/wp\/v2\/product_cat?post=13359"},{"taxonomy":"product_tag","embeddable":true,"href":"https:\/\/esquell.eu\/fr\/wp-json\/wp\/v2\/product_tag?post=13359"}],"curies":[{"name":"wp","href":"https:\/\/api.w.org\/{rel}","templated":true}]}}