{"id":13357,"date":"2025-04-03T09:15:40","date_gmt":"2025-04-03T09:15:40","guid":{"rendered":"https:\/\/esquell.eu\/product\/couronne-ronde-convient-a-la-cuisson-en-argile-argentee-differentes-tailles\/"},"modified":"2025-11-08T20:12:44","modified_gmt":"2025-11-08T20:12:44","slug":"couronne-ronde-convient-a-la-cuisson-en-argile-dargent-differentes-tailles","status":"publish","type":"product","link":"https:\/\/esquell.eu\/fr\/produit\/couronne-ronde-convient-a-la-cuisson-en-argile-dargent-differentes-tailles\/","title":{"rendered":"Couronne ronde. Convient \u00e0 la cuisson en argile argent\u00e9e Diff\u00e9rentes tailles"},"content":{"rendered":"<p>Couronne ronde<\/p>\n<p>6 dents<br \/>\nArgent<\/p>\n<p>Convient \u00e0 la cuisson dans la p\u00e2te d&rsquo;argent<\/p>\n<p>Coupez le fil \u00e0 la bonne longueur.<\/p>\n<p>Convient \u00e9galement \u00e0 la cuisson dans la p\u00e2te d&rsquo;argent<\/p>\n<p>&nbsp;<\/p>\n","protected":false},"excerpt":{"rendered":"<p>&nbsp;<\/p>\n<p>Couronne ronde<\/p>\n<p>6 Pinces<\/p>\n<p>Argent<\/p>\n<p>Avec fils<\/p>\n<p>&nbsp;<\/p>\n<p>&nbsp;<\/p>\n<p>&nbsp;<\/p>\n","protected":false},"featured_media":5938,"comment_status":"closed","ping_status":"closed","template":"","meta":{"_acf_changed":false,"_seopress_robots_primary_cat":"none","_seopress_titles_title":"","_seopress_titles_desc":"","_seopress_robots_index":""},"more":[],"product_brand":[6382],"product_cat":[10991,10990],"product_tag":[6470,6645,7760,6646,6939,7523,6386,6397,7761,7016,6741,6404,6378,6405,6376,6393,6982,6372,6642,6658,7418,6480,6389,6409,8057,11029,6649,6395,6743,6647,6374,11027,6635,6401,7479,11045,11031,6381,6369,6634,6656,11024,6708,11034,6637,7313,11042,6652,6643,6636,6391,7420,7416,7411,6922,6954,6778,7426,11048,11035,6964,11033,6408,6776,7414],"class_list":{"0":"post-13357","1":"product","2":"type-product","3":"status-publish","4":"has-post-thumbnail","6":"product_brand-acs","7":"product_cat-pieces-adaptees-a-la-cocuisson-avec-de-largile-metallique","8":"product_cat-reglements-et-chatons","9":"product_tag-6470","10":"product_tag-a","11":"product_tag-achats-2","12":"product_tag-acheter","13":"product_tag-acheter-2","14":"product_tag-adapte","15":"product_tag-aida","16":"product_tag-allemagne","17":"product_tag-allemagne-2","18":"product_tag-amende-2","19":"product_tag-argile-3","20":"product_tag-argile-argentee","21":"product_tag-argile-metallique","22":"product_tag-artclay","23":"product_tag-artclaysilver","24":"product_tag-belgique","25":"product_tag-bijoutier","26":"product_tag-bijoux","27":"product_tag-bijoux-2","28":"product_tag-bijoux-en-argile","29":"product_tag-boite-de-reglage","30":"product_tag-boites-de-composition","31":"product_tag-boutique-en-ligne","32":"product_tag-bricolage","33":"product_tag-chaton","34":"product_tag-chatons","35":"product_tag-commande","36":"product_tag-deutsland","37":"product_tag-distributeur","38":"product_tag-en-ligne","39":"product_tag-faire","40":"product_tag-forgeage","41":"product_tag-fournitures","42":"product_tag-france","43":"product_tag-france-2","44":"product_tag-groodhandel","45":"product_tag-integration","46":"product_tag-japon","47":"product_tag-largent","48":"product_tag-largent-3","49":"product_tag-luxembourg-2","50":"product_tag-materiaux","51":"product_tag-mercerie","52":"product_tag-metallurgie","53":"product_tag-orfevre","54":"product_tag-orfevre-2","55":"product_tag-orfevre-5","56":"product_tag-orfevres","57":"product_tag-ou","58":"product_tag-outils","59":"product_tag-pays-bas","60":"product_tag-plateau-de-brassage","61":"product_tag-plateau-de-composition","62":"product_tag-plateaux-de-composition","63":"product_tag-pur","64":"product_tag-pur-2","65":"product_tag-reel","66":"product_tag-reglage","67":"product_tag-reglage-du-tube","68":"product_tag-reglement","69":"product_tag-sollid","70":"product_tag-tube","71":"product_tag-vous","72":"product_tag-vraiment","73":"product_tag-zetkast","74":"product_shipping_class-standard","75":"pa_afmeting-3mm","76":"pa_afmeting-4mm","78":"first","79":"instock","80":"taxable","81":"shipping-taxable","82":"purchasable","83":"product-type-variable"},"acf":[],"_links":{"self":[{"href":"https:\/\/esquell.eu\/fr\/wp-json\/wp\/v2\/product\/13357","targetHints":{"allow":["GET"]}}],"collection":[{"href":"https:\/\/esquell.eu\/fr\/wp-json\/wp\/v2\/product"}],"about":[{"href":"https:\/\/esquell.eu\/fr\/wp-json\/wp\/v2\/types\/product"}],"replies":[{"embeddable":true,"href":"https:\/\/esquell.eu\/fr\/wp-json\/wp\/v2\/comments?post=13357"}],"wp:featuredmedia":[{"embeddable":true,"href":"https:\/\/esquell.eu\/fr\/wp-json\/wp\/v2\/media\/5938"}],"wp:attachment":[{"href":"https:\/\/esquell.eu\/fr\/wp-json\/wp\/v2\/media?parent=13357"}],"wp:term":[{"taxonomy":"more","embeddable":true,"href":"https:\/\/esquell.eu\/fr\/wp-json\/wp\/v2\/more?post=13357"},{"taxonomy":"product_brand","embeddable":true,"href":"https:\/\/esquell.eu\/fr\/wp-json\/wp\/v2\/product_brand?post=13357"},{"taxonomy":"product_cat","embeddable":true,"href":"https:\/\/esquell.eu\/fr\/wp-json\/wp\/v2\/product_cat?post=13357"},{"taxonomy":"product_tag","embeddable":true,"href":"https:\/\/esquell.eu\/fr\/wp-json\/wp\/v2\/product_tag?post=13357"}],"curies":[{"name":"wp","href":"https:\/\/api.w.org\/{rel}","templated":true}]}}