{"id":13216,"date":"2025-04-03T09:15:49","date_gmt":"2025-04-03T09:15:49","guid":{"rendered":"https:\/\/esquell.eu\/product\/pepites-de-verre-de-differentes-couleurs-10x10-mm-5-pieces-acs-pour-le-fusing-du-verre\/"},"modified":"2025-11-08T20:22:15","modified_gmt":"2025-11-08T20:22:15","slug":"pepites-de-verre-de-differentes-couleurs-10x10-mm-5-pieces-acs-pour-le-fusing-du-verre","status":"publish","type":"product","link":"https:\/\/esquell.eu\/fr\/produit\/pepites-de-verre-de-differentes-couleurs-10x10-mm-5-pieces-acs-pour-le-fusing-du-verre\/","title":{"rendered":"P\u00e9pites de verre de diff\u00e9rentes couleurs 10&#215;10 mm, 5 pi\u00e8ces ACS pour le fusing du verre"},"content":{"rendered":"<p>P\u00e9pites de verre, cabochons, diff\u00e9rentes couleurs. Le verre (bulls eye) doit d&rsquo;abord \u00eatre fusionn\u00e9 en p\u00e9pite de verre\/cabochon et peut ensuite \u00eatre travaill\u00e9 dans de l&rsquo;argile pour fabriquer des bijoux. Le verre a un COE 90 (coefficient d&rsquo;expansion). 5 pi\u00e8ces par sac.   <\/p>\n","protected":false},"excerpt":{"rendered":"<p>P\u00e9pites de verre, cabochons, diff\u00e9rentes couleurs. Le verre (bulls eye) doit d&rsquo;abord \u00eatre fusionn\u00e9 en p\u00e9pite de verre\/cabochon et peut ensuite \u00eatre travaill\u00e9 dans de l&rsquo;argile pour fabriquer des bijoux. Le verre a un COE 90 (coefficient d&rsquo;expansion). 5 pi\u00e8ces par sac.   <\/p>\n","protected":false},"featured_media":7140,"comment_status":"closed","ping_status":"closed","template":"","meta":{"_acf_changed":false,"_seopress_robots_primary_cat":"none","_seopress_titles_title":"","_seopress_titles_desc":"","_seopress_robots_index":""},"more":[],"product_brand":[6382],"product_cat":[10771],"product_tag":[10922,6404,10920,7430,10907,10803,10918,10910,10849,9042,10840,10913,10916,10912,10914,10911,7055,10909],"class_list":{"0":"post-13216","1":"product","2":"type-product","3":"status-publish","4":"has-post-thumbnail","6":"product_brand-acs","7":"product_cat-verre-et-debris-de-verre","8":"product_tag-10922","9":"product_tag-argile-argentee","10":"product_tag-brosse-a-reluire","11":"product_tag-cabochon","12":"product_tag-cabochon-en-verre","13":"product_tag-coe","14":"product_tag-coefficient-de-dilatation","15":"product_tag-fusee","16":"product_tag-fusion-2","17":"product_tag-fusion-du-verre","18":"product_tag-fusion-du-verre-2","19":"product_tag-fusionne","20":"product_tag-oeil","21":"product_tag-pepite-de-verre","22":"product_tag-taureaux","23":"product_tag-unites","24":"product_tag-verre","25":"product_tag-verrefushing","26":"product_shipping_class-standard","27":"pa_kleur-blanc-brillant","28":"pa_kleur-bleu","29":"pa_kleur-vert-fonce","30":"pa_kleur-vert-vif","31":"pa_kleur-violet-clair","33":"first","34":"instock","35":"taxable","36":"shipping-taxable","37":"purchasable","38":"product-type-variable"},"acf":[],"_links":{"self":[{"href":"https:\/\/esquell.eu\/fr\/wp-json\/wp\/v2\/product\/13216","targetHints":{"allow":["GET"]}}],"collection":[{"href":"https:\/\/esquell.eu\/fr\/wp-json\/wp\/v2\/product"}],"about":[{"href":"https:\/\/esquell.eu\/fr\/wp-json\/wp\/v2\/types\/product"}],"replies":[{"embeddable":true,"href":"https:\/\/esquell.eu\/fr\/wp-json\/wp\/v2\/comments?post=13216"}],"wp:featuredmedia":[{"embeddable":true,"href":"https:\/\/esquell.eu\/fr\/wp-json\/wp\/v2\/media\/7140"}],"wp:attachment":[{"href":"https:\/\/esquell.eu\/fr\/wp-json\/wp\/v2\/media?parent=13216"}],"wp:term":[{"taxonomy":"more","embeddable":true,"href":"https:\/\/esquell.eu\/fr\/wp-json\/wp\/v2\/more?post=13216"},{"taxonomy":"product_brand","embeddable":true,"href":"https:\/\/esquell.eu\/fr\/wp-json\/wp\/v2\/product_brand?post=13216"},{"taxonomy":"product_cat","embeddable":true,"href":"https:\/\/esquell.eu\/fr\/wp-json\/wp\/v2\/product_cat?post=13216"},{"taxonomy":"product_tag","embeddable":true,"href":"https:\/\/esquell.eu\/fr\/wp-json\/wp\/v2\/product_tag?post=13216"}],"curies":[{"name":"wp","href":"https:\/\/api.w.org\/{rel}","templated":true}]}}