{"id":13205,"date":"2025-04-03T09:15:49","date_gmt":"2025-04-03T09:15:49","guid":{"rendered":"https:\/\/esquell.eu\/product\/dichro-ou-dechets-dichroiques-wissmach-coe-96\/"},"modified":"2025-04-03T09:15:49","modified_gmt":"2025-04-03T09:15:49","slug":"dichro-ou-dechets-dichroiques-wissmach-coe-96","status":"publish","type":"product","link":"https:\/\/esquell.eu\/fr\/produit\/dichro-ou-dechets-dichroiques-wissmach-coe-96\/","title":{"rendered":"Dichro ou d\u00e9chets dichro\u00efques Wissmach Coe 96"},"content":{"rendered":"<p>Verre dichro\u00efque.<\/p>\n<p>Environ 50 grammes<\/p>\n<p>Coe 96<\/p>\n<p>Ca 3 ou 4 pi\u00e8ces diff\u00e9rentes<\/p>\n<p>M\u00e9lange de verre \u00e9pais et fin<\/p>\n<p>Id\u00e9al pour la fabrication de cabochons en verre, de bijoux en verre<\/p>\n<p>* Ne m\u00e9langez pas les diff\u00e9rents CE entre eux. Ils ne se m\u00e9langent pas. <\/p>\n","protected":false},"excerpt":{"rendered":"<p>Verre dichro\u00efque.<\/p>\n<p>Environ 50 grammes<\/p>\n<p>Coe 96<\/p>\n<p>Ca 3 ou 4 pi\u00e8ces diff\u00e9rentes<\/p>\n<p>M\u00e9lange de verre \u00e9pais et fin<\/p>\n<p>Id\u00e9al pour la fabrication de cabochons en verre, de bijoux en verre<\/p>\n<p>* Ne m\u00e9langez pas les diff\u00e9rents CE entre eux. Ils ne se m\u00e9langent pas. <\/p>\n","protected":false},"featured_media":7766,"comment_status":"closed","ping_status":"closed","template":"","meta":{"_acf_changed":false,"_seopress_robots_primary_cat":"none","_seopress_titles_title":"","_seopress_titles_desc":"","_seopress_robots_index":""},"more":[],"product_brand":[10869],"product_cat":[10771],"product_tag":[6939,6372,7400,7960,10803,10806,10805,10804,6647,6374,10801,7055,10802,6776],"class_list":{"0":"post-13205","1":"product","2":"type-product","3":"status-publish","4":"has-post-thumbnail","6":"product_brand-atelier-de-verre","7":"product_cat-verre-et-debris-de-verre","8":"product_tag-acheter-2","9":"product_tag-bijoux","10":"product_tag-cabochons","11":"product_tag-caution-bricolage","12":"product_tag-coe","13":"product_tag-coe96","14":"product_tag-dichrioc","15":"product_tag-dichro","16":"product_tag-en-ligne","17":"product_tag-faire","18":"product_tag-pot-au-feu","19":"product_tag-verre","20":"product_tag-verre-2","21":"product_tag-vraiment","22":"product_shipping_class-standard","24":"first","25":"instock","26":"taxable","27":"shipping-taxable","28":"purchasable","29":"product-type-simple"},"acf":[],"_links":{"self":[{"href":"https:\/\/esquell.eu\/fr\/wp-json\/wp\/v2\/product\/13205","targetHints":{"allow":["GET"]}}],"collection":[{"href":"https:\/\/esquell.eu\/fr\/wp-json\/wp\/v2\/product"}],"about":[{"href":"https:\/\/esquell.eu\/fr\/wp-json\/wp\/v2\/types\/product"}],"replies":[{"embeddable":true,"href":"https:\/\/esquell.eu\/fr\/wp-json\/wp\/v2\/comments?post=13205"}],"wp:featuredmedia":[{"embeddable":true,"href":"https:\/\/esquell.eu\/fr\/wp-json\/wp\/v2\/media\/7766"}],"wp:attachment":[{"href":"https:\/\/esquell.eu\/fr\/wp-json\/wp\/v2\/media?parent=13205"}],"wp:term":[{"taxonomy":"more","embeddable":true,"href":"https:\/\/esquell.eu\/fr\/wp-json\/wp\/v2\/more?post=13205"},{"taxonomy":"product_brand","embeddable":true,"href":"https:\/\/esquell.eu\/fr\/wp-json\/wp\/v2\/product_brand?post=13205"},{"taxonomy":"product_cat","embeddable":true,"href":"https:\/\/esquell.eu\/fr\/wp-json\/wp\/v2\/product_cat?post=13205"},{"taxonomy":"product_tag","embeddable":true,"href":"https:\/\/esquell.eu\/fr\/wp-json\/wp\/v2\/product_tag?post=13205"}],"curies":[{"name":"wp","href":"https:\/\/api.w.org\/{rel}","templated":true}]}}