{"id":13140,"date":"2025-04-03T09:16:01","date_gmt":"2025-04-03T09:16:01","guid":{"rendered":"https:\/\/esquell.eu\/product\/pince-a-briser-le-verre-metal-leponitt-prp-1pl\/"},"modified":"2025-11-06T07:15:49","modified_gmt":"2025-11-06T07:15:49","slug":"pince-a-briser-le-verre-metal-leponitt-prp-1pl","status":"publish","type":"product","link":"https:\/\/esquell.eu\/fr\/produit\/pince-a-briser-le-verre-metal-leponitt-prp-1pl\/","title":{"rendered":"Pince \u00e0 briser le verre. M\u00e9tal Leponitt PRP 1PL"},"content":{"rendered":"<p>Pince \u00e0 briser le verre.<br \/>\nMetal<br \/>\nLeponitt PRP 1PL<\/p>\n","protected":false},"excerpt":{"rendered":"<p>Pince \u00e0 briser le verre.<br \/>\nMetal<br \/>\nLeponitt PRP 1PL<\/p>\n<p>&nbsp;<\/p>\n","protected":false},"featured_media":7756,"comment_status":"closed","ping_status":"closed","template":"","meta":{"_acf_changed":false,"_seopress_robots_primary_cat":"none","_seopress_titles_title":"","_seopress_titles_desc":"","_seopress_robots_index":""},"more":[],"product_brand":[10819],"product_cat":[7468],"product_tag":[6372,7792,10954,10955,14051,14055,14077,8457,14057,14059,10519,14053,14058,10820,10850,14072,14075,9785,10509,14054,10515,7405,14056,14073,14076,14071,7506,6749,14074,7055],"class_list":{"0":"post-13140","1":"product","2":"type-product","3":"status-publish","4":"has-post-thumbnail","6":"product_brand-div","7":"product_cat-outils-et-fournitures-pour-le-verre","8":"product_tag-bijoux","9":"product_tag-bijoux-en-verre","10":"product_tag-bijoux-en-verre-2","11":"product_tag-cabochons-en-verre","12":"product_tag-coupe-verre","13":"product_tag-coupe-verre-2","14":"product_tag-coupe-verre-3","15":"product_tag-couper","16":"product_tag-coupeur-dhuile","17":"product_tag-coupeurs-de-verre","18":"product_tag-couteau","19":"product_tag-cutter-2","20":"product_tag-cutter-manuel","21":"product_tag-de-haute-qualite","22":"product_tag-decoupe-du-verre","23":"product_tag-gruistang","24":"product_tag-gruizen","25":"product_tag-huile","26":"product_tag-lame","27":"product_tag-lame-de-coupe-2","28":"product_tag-lames","29":"product_tag-outil-2","30":"product_tag-outils-pour-le-verre","31":"product_tag-pause","32":"product_tag-pinces","33":"product_tag-pinces-a-briser","34":"product_tag-pour","35":"product_tag-professionnel","36":"product_tag-pulveriser-3","37":"product_tag-verre","38":"product_shipping_class-standard","40":"first","41":"instock","42":"taxable","43":"shipping-taxable","44":"purchasable","45":"product-type-simple"},"acf":[],"_links":{"self":[{"href":"https:\/\/esquell.eu\/fr\/wp-json\/wp\/v2\/product\/13140","targetHints":{"allow":["GET"]}}],"collection":[{"href":"https:\/\/esquell.eu\/fr\/wp-json\/wp\/v2\/product"}],"about":[{"href":"https:\/\/esquell.eu\/fr\/wp-json\/wp\/v2\/types\/product"}],"replies":[{"embeddable":true,"href":"https:\/\/esquell.eu\/fr\/wp-json\/wp\/v2\/comments?post=13140"}],"wp:featuredmedia":[{"embeddable":true,"href":"https:\/\/esquell.eu\/fr\/wp-json\/wp\/v2\/media\/7756"}],"wp:attachment":[{"href":"https:\/\/esquell.eu\/fr\/wp-json\/wp\/v2\/media?parent=13140"}],"wp:term":[{"taxonomy":"more","embeddable":true,"href":"https:\/\/esquell.eu\/fr\/wp-json\/wp\/v2\/more?post=13140"},{"taxonomy":"product_brand","embeddable":true,"href":"https:\/\/esquell.eu\/fr\/wp-json\/wp\/v2\/product_brand?post=13140"},{"taxonomy":"product_cat","embeddable":true,"href":"https:\/\/esquell.eu\/fr\/wp-json\/wp\/v2\/product_cat?post=13140"},{"taxonomy":"product_tag","embeddable":true,"href":"https:\/\/esquell.eu\/fr\/wp-json\/wp\/v2\/product_tag?post=13140"}],"curies":[{"name":"wp","href":"https:\/\/api.w.org\/{rel}","templated":true}]}}