{"id":13106,"date":"2025-04-03T09:12:37","date_gmt":"2025-04-03T09:12:37","guid":{"rendered":"https:\/\/esquell.eu\/product\/poudre-dargent-5-grammes\/"},"modified":"2026-02-14T10:42:08","modified_gmt":"2026-02-14T10:42:08","slug":"poudre-dargent-5-grammes","status":"publish","type":"product","link":"https:\/\/esquell.eu\/fr\/produit\/poudre-dargent-5-grammes\/","title":{"rendered":"Poudre d&rsquo;argent 5 grammes"},"content":{"rendered":"<p>Poudre d&rsquo;argent pur. Sachet de 5 grammes. <\/p>\n<p>Convient \u00e0 la combinaison avec le verre, l&rsquo;\u00e9mail et l&rsquo;argile m\u00e9tallique, entre autres.<\/p>\n","protected":false},"excerpt":{"rendered":"<p>Poudre d&rsquo;argent pur. Sachet de 5 grammes. <\/p>\n<p>Convient \u00e0 la combinaison avec le verre, l&rsquo;\u00e9mail et l&rsquo;argile m\u00e9tallique, entre autres.<\/p>\n<p>&nbsp;<\/p>\n","protected":false},"featured_media":13110,"comment_status":"closed","ping_status":"closed","template":"","meta":{"_acf_changed":false,"_seopress_robots_primary_cat":"none","_seopress_titles_title":"","_seopress_titles_desc":"","_seopress_robots_index":""},"more":[],"product_brand":[6521],"product_cat":[6364,6705,7468,10771],"product_tag":[6470,6476,6960,7016,10772,6404,6378,7792,7229,7233,10658,6369,6634,7224,8427,10773,7506,6922,6778,7055,6776],"class_list":{"0":"post-13106","1":"product","2":"type-product","3":"status-publish","4":"has-post-thumbnail","6":"product_brand-promethee","7":"product_cat-materiel-supplementaire","8":"product_cat-outils-et-fournitures-pour-lemaillage","9":"product_cat-outils-et-fournitures-pour-le-verre","10":"product_cat-verre-et-debris-de-verre","11":"product_tag-6470","12":"product_tag-6476","13":"product_tag-amende","14":"product_tag-amende-2","15":"product_tag-amende-3","16":"product_tag-argile-argentee","17":"product_tag-argile-metallique","18":"product_tag-bijoux-en-verre","19":"product_tag-email","20":"product_tag-emaillage","21":"product_tag-grains","22":"product_tag-largent","23":"product_tag-largent-3","24":"product_tag-poudre","25":"product_tag-poudre-dargent","26":"product_tag-poudre-dargent-2","27":"product_tag-pour","28":"product_tag-pur","29":"product_tag-reel","30":"product_tag-verre","31":"product_tag-vraiment","32":"product_shipping_class-standard","34":"first","35":"instock","36":"taxable","37":"shipping-taxable","38":"purchasable","39":"product-type-simple"},"acf":[],"_links":{"self":[{"href":"https:\/\/esquell.eu\/fr\/wp-json\/wp\/v2\/product\/13106","targetHints":{"allow":["GET"]}}],"collection":[{"href":"https:\/\/esquell.eu\/fr\/wp-json\/wp\/v2\/product"}],"about":[{"href":"https:\/\/esquell.eu\/fr\/wp-json\/wp\/v2\/types\/product"}],"replies":[{"embeddable":true,"href":"https:\/\/esquell.eu\/fr\/wp-json\/wp\/v2\/comments?post=13106"}],"wp:featuredmedia":[{"embeddable":true,"href":"https:\/\/esquell.eu\/fr\/wp-json\/wp\/v2\/media\/13110"}],"wp:attachment":[{"href":"https:\/\/esquell.eu\/fr\/wp-json\/wp\/v2\/media?parent=13106"}],"wp:term":[{"taxonomy":"more","embeddable":true,"href":"https:\/\/esquell.eu\/fr\/wp-json\/wp\/v2\/more?post=13106"},{"taxonomy":"product_brand","embeddable":true,"href":"https:\/\/esquell.eu\/fr\/wp-json\/wp\/v2\/product_brand?post=13106"},{"taxonomy":"product_cat","embeddable":true,"href":"https:\/\/esquell.eu\/fr\/wp-json\/wp\/v2\/product_cat?post=13106"},{"taxonomy":"product_tag","embeddable":true,"href":"https:\/\/esquell.eu\/fr\/wp-json\/wp\/v2\/product_tag?post=13106"}],"curies":[{"name":"wp","href":"https:\/\/api.w.org\/{rel}","templated":true}]}}