{"id":13094,"date":"2025-04-03T09:12:28","date_gmt":"2025-04-03T09:12:28","guid":{"rendered":"https:\/\/esquell.eu\/product\/feuille-dargent-livret-avec-25-feuilles-dargent-pur-mesurant-85-85-cm\/"},"modified":"2025-04-03T09:12:28","modified_gmt":"2025-04-03T09:12:28","slug":"feuille-dargent-livret-avec-25-feuilles-dargent-pur-mesurant-85-85-cm","status":"publish","type":"product","link":"https:\/\/esquell.eu\/fr\/produit\/feuille-dargent-livret-avec-25-feuilles-dargent-pur-mesurant-85-85-cm\/","title":{"rendered":"Feuille d&rsquo;argent, livret avec 25 feuilles d&rsquo;argent pur mesurant 8,5* 8,5 cm"},"content":{"rendered":"<p>La feuille d&rsquo;argent sert, entre autres, \u00e0 travailler le verre et l&rsquo;\u00e9mail ; il s&rsquo;agit d&rsquo;argent pur, suffisamment \u00e9pais pour que vous puissiez le tenir dans la main et le couper avec des ciseaux.<br \/>\nElle est vendue sous forme de livret compos\u00e9 de 25 feuilles.<br \/>\nChaque feuille mesure 8,5 cm x 8,5 cm. \u00c9paisseur : 160 microns <\/p>\n","protected":false},"excerpt":{"rendered":"<p>La feuille d&rsquo;argent est destin\u00e9e au travail du verre et \u00e0 l&rsquo;\u00e9maillage, entre autres. Il s&rsquo;agit d&rsquo;argent pur, suffisamment \u00e9pais pour que vous puissiez le tenir dans la main et le couper avec des ciseaux. Elle est vendue sous la forme d&rsquo;un livret compos\u00e9 de 25 feuilles. Chaque feuille mesure 8,5 cm x 8,5 cm. \u00c9paisseur : 160 microns   <\/p>\n<p>&nbsp;<\/p>\n<p><u> <\/u><\/p>\n<p>&nbsp;<\/p>\n<p>&nbsp;<\/p>\n<p>&nbsp;<\/p>\n<p>&nbsp;<\/p>\n","protected":false},"featured_media":7198,"comment_status":"closed","ping_status":"closed","template":"","meta":{"_acf_changed":false,"_seopress_robots_primary_cat":"none","_seopress_titles_title":"","_seopress_titles_desc":"","_seopress_robots_index":""},"more":[],"product_brand":[6521],"product_cat":[6705],"product_tag":[7475,8882,6645,6646,9048,7098,6638,6388,6473,6404,6406,6378,6390,6405,6372,6642,6402,6641,8894,6792,7360,8368,6409,8358,9045,9060,7471,6794,6962,8897,6650,7104,8867,9051,6374,6798,8890,8878,8886,8864,6801,8870,8873,6369,6472,6403,7287,8363,6759,8901,6643,6774,7092,9055,9064,8861,6805,6803,6408,6807],"class_list":{"0":"post-13094","1":"product","2":"type-product","3":"status-publish","4":"has-post-thumbnail","6":"product_brand-promethee","7":"product_cat-outils-et-fournitures-pour-lemaillage","8":"product_tag-7475","9":"product_tag-24k","10":"product_tag-a","11":"product_tag-acheter","12":"product_tag-agate","13":"product_tag-anneau","14":"product_tag-anneaux","15":"product_tag-argile","16":"product_tag-argile-2","17":"product_tag-argile-argentee","18":"product_tag-argile-aurifere","19":"product_tag-argile-metallique","20":"product_tag-argile-metallique-2","21":"product_tag-artclay","22":"product_tag-bijoux","23":"product_tag-bijoux-2","24":"product_tag-bon-marche","25":"product_tag-boucles-doreilles","26":"product_tag-boucles-doreilles-3","27":"product_tag-bracelet","28":"product_tag-bracelets","29":"product_tag-brachelet","30":"product_tag-bricolage","31":"product_tag-broche-2","32":"product_tag-broche-4","33":"product_tag-brunisseur","34":"product_tag-carat","35":"product_tag-chaine","36":"product_tag-collier","37":"product_tag-cornes-doreilles","38":"product_tag-cuivre","39":"product_tag-cuivre-2","40":"product_tag-email-2","41":"product_tag-epingle-en-agate","42":"product_tag-faire","43":"product_tag-faire-2","44":"product_tag-feuille-3","45":"product_tag-feuille-dor","46":"product_tag-feuille-de-cuivre","47":"product_tag-goujons","48":"product_tag-il","49":"product_tag-keum-boo","50":"product_tag-keumbo","51":"product_tag-largent","52":"product_tag-lart","53":"product_tag-lor","54":"product_tag-lor-3","55":"product_tag-manchette","56":"product_tag-metal","57":"product_tag-oreillettes","58":"product_tag-ou","59":"product_tag-pendentif","60":"product_tag-pendentif-2","61":"product_tag-pierre-dagate","62":"product_tag-polir","63":"product_tag-polissage","64":"product_tag-soi","65":"product_tag-votre","66":"product_tag-vous","67":"product_tag-vous-2","68":"product_shipping_class-standard","70":"first","71":"instock","72":"taxable","73":"shipping-taxable","74":"purchasable","75":"product-type-simple"},"acf":[],"_links":{"self":[{"href":"https:\/\/esquell.eu\/fr\/wp-json\/wp\/v2\/product\/13094","targetHints":{"allow":["GET"]}}],"collection":[{"href":"https:\/\/esquell.eu\/fr\/wp-json\/wp\/v2\/product"}],"about":[{"href":"https:\/\/esquell.eu\/fr\/wp-json\/wp\/v2\/types\/product"}],"replies":[{"embeddable":true,"href":"https:\/\/esquell.eu\/fr\/wp-json\/wp\/v2\/comments?post=13094"}],"wp:featuredmedia":[{"embeddable":true,"href":"https:\/\/esquell.eu\/fr\/wp-json\/wp\/v2\/media\/7198"}],"wp:attachment":[{"href":"https:\/\/esquell.eu\/fr\/wp-json\/wp\/v2\/media?parent=13094"}],"wp:term":[{"taxonomy":"more","embeddable":true,"href":"https:\/\/esquell.eu\/fr\/wp-json\/wp\/v2\/more?post=13094"},{"taxonomy":"product_brand","embeddable":true,"href":"https:\/\/esquell.eu\/fr\/wp-json\/wp\/v2\/product_brand?post=13094"},{"taxonomy":"product_cat","embeddable":true,"href":"https:\/\/esquell.eu\/fr\/wp-json\/wp\/v2\/product_cat?post=13094"},{"taxonomy":"product_tag","embeddable":true,"href":"https:\/\/esquell.eu\/fr\/wp-json\/wp\/v2\/product_tag?post=13094"}],"curies":[{"name":"wp","href":"https:\/\/api.w.org\/{rel}","templated":true}]}}