{"id":13057,"date":"2025-04-03T09:11:26","date_gmt":"2025-04-03T09:11:26","guid":{"rendered":"https:\/\/esquell.eu\/product\/protoplast-plastique-moulable-pour-sertir-les-pierres-entre-autres-50-g\/"},"modified":"2025-11-09T08:43:01","modified_gmt":"2025-11-09T08:43:01","slug":"protoplast-plastique-moulable-pour-sertir-les-pierres-entre-autres-50-g","status":"publish","type":"product","link":"https:\/\/esquell.eu\/fr\/produit\/protoplast-plastique-moulable-pour-sertir-les-pierres-entre-autres-50-g\/","title":{"rendered":"Protoplast. Plastique moulable. Pour sertir les pierres, entre autres. 50 g."},"content":{"rendered":"<p>Protoplaste 50 grammes<\/p>\n<p>Ce mat\u00e9riau est mall\u00e9able \u00e0 60 degr\u00e9s Celsius, c&rsquo;est-\u00e0-dire qu&rsquo;en le trempant dans de l&rsquo;eau chaude, par exemple, vous obtenez un plastique mall\u00e9able que vous pouvez modeler dans toutes sortes de formes. Il est parfait pour fixer un objet, en faire une poign\u00e9e ou l&rsquo;utiliser comme protection. Il est \u00e9galement utilis\u00e9 pour r\u00e9aliser des mod\u00e8les de moulage.  <\/p>\n<p>Une fois le r\u00e9glage termin\u00e9, le plastique est chauff\u00e9 \u00e0 l&rsquo;eau chaude ou \u00e0 l&rsquo;aide d&rsquo;un s\u00e8che-cheveux afin de le retirer \u00e0 nouveau.<\/p>\n<p>R\u00e9utilisable. Le protoplaste peut \u00eatre remodel\u00e9 \u00e0 l&rsquo;infini en le r\u00e9chauffant. <\/p>\n<p><iframe loading=\"lazy\" title=\"Kopie van Protoplast, 5 live hacks, fixes hervormbaar plastic\" width=\"640\" height=\"360\" src=\"https:\/\/www.youtube.com\/embed\/oMpkp8bKqXg?feature=oembed\" frameborder=\"0\" allow=\"accelerometer; autoplay; clipboard-write; encrypted-media; gyroscope; picture-in-picture; web-share\" referrerpolicy=\"strict-origin-when-cross-origin\" allowfullscreen><\/iframe><\/p>\n<p>Veuillez noter que Protoplast\u00ae pr\u00e9sente les inconv\u00e9nients suivants<\/p>\n<ul>\n<li>Protoplast peut \u00eatre form\u00e9 \u00e0 la main en toute s\u00e9curit\u00e9 et usin\u00e9 jusqu&rsquo;\u00e0 60 degr\u00e9s.<\/li>\n<li>Au-del\u00e0 de 60 degr\u00e9s, le Protoplast devient collant et ressemble \u00e0 une colle chaude. Il est conseill\u00e9 de ne pas le faire \u00e0 la main, mais d&rsquo;utiliser des outils. <\/li>\n<li>L&rsquo;utilisation d&rsquo;eau bouillante peut entra\u00eener des br\u00fblures.<\/li>\n<li>Jusqu&rsquo;\u00e0 60 degr\u00e9s, Protoplast n&rsquo;adh\u00e8re pas aux m\u00e9taux, mais il adh\u00e8re \u00e0 diverses mati\u00e8res plastiques.<\/li>\n<li>Pour adh\u00e9rer aux m\u00e9taux, ils doivent \u00eatre pr\u00e9chauff\u00e9s \u00e0 plus de 60 degr\u00e9s.<\/li>\n<li>La m\u00e9thode la plus s\u00fbre consiste \u00e0 r\u00e9chauffer le protoplaste dans de l&rsquo;eau, en v\u00e9rifiant \u00e0 l&rsquo;aide d&rsquo;un thermom\u00e8tre.<\/li>\n<li>Vous pouvez voir les granul\u00e9s se ramollir en devenant transparents.<\/li>\n<li>Lorsqu&rsquo;ils sont compl\u00e8tement transparents, le protoplaste est suffisamment mou pour \u00eatre sorti de l&rsquo;eau.<\/li>\n<li>Pour ce faire, utilisez des pinces ou une cuill\u00e8re, puis malaxez d\u00e9licatement l&rsquo;exc\u00e9dent d&rsquo;eau du plastique de la flamme avec vos mains. Le produit est pr\u00eat \u00e0 l&#8217;emploi. <\/li>\n<\/ul>\n","protected":false},"excerpt":{"rendered":"<p>Protoplaste 50 grammes<\/p>\n<p>&nbsp;<\/p>\n<p>Ce mat\u00e9riau est mall\u00e9able \u00e0 60 degr\u00e9s Celsius, c&rsquo;est-\u00e0-dire qu&rsquo;en le trempant dans de l&rsquo;eau chaude, par exemple, vous obtenez un plastique mall\u00e9able que vous pouvez modeler dans toutes sortes de formes. Il est parfait pour fixer un objet, en faire une poign\u00e9e ou l&rsquo;utiliser comme protection. Il est \u00e9galement utilis\u00e9 pour r\u00e9aliser des mod\u00e8les de moulage.  <\/p>\n<p>&nbsp;<\/p>\n<p>&nbsp;<\/p>\n<p>Une fois le r\u00e9glage effectu\u00e9, le plastique est chauff\u00e9 \u00e0 l&rsquo;eau chaude ou \u00e0 l&rsquo;aide d&rsquo;un s\u00e8che-cheveux afin de le retirer \u00e0 nouveau.<\/p>\n<p>&nbsp;<\/p>\n<p>R\u00e9utilisable. Le protoplaste peut \u00eatre remodel\u00e9 \u00e0 l&rsquo;infini en le r\u00e9chauffant. <\/p>\n<p>&nbsp;<\/p>\n<p>Veuillez noter que Protoplast\u00ae pr\u00e9sente les inconv\u00e9nients suivants<\/p>\n<ul>\n<li>Protoplast peut \u00eatre fa\u00e7onn\u00e9 \u00e0 la main en toute s\u00e9curit\u00e9 et usin\u00e9 jusqu&rsquo;\u00e0 60 degr\u00e9s.<\/li>\n<li>Au-del\u00e0 de 60 degr\u00e9s, le Protoplast devient collant et ressemble \u00e0 une colle chaude. Il est conseill\u00e9 de ne pas le faire \u00e0 la main, mais d&rsquo;utiliser des outils. <\/li>\n<li>L&rsquo;utilisation d&rsquo;eau bouillante peut entra\u00eener des br\u00fblures.<\/li>\n<li>Jusqu&rsquo;\u00e0 60 degr\u00e9s, Protoplast n&rsquo;adh\u00e8re pas aux m\u00e9taux, mais il adh\u00e8re \u00e0 diverses mati\u00e8res plastiques.<\/li>\n<li>Pour adh\u00e9rer aux m\u00e9taux, ils doivent \u00eatre pr\u00e9chauff\u00e9s \u00e0 plus de 60 degr\u00e9s.<\/li>\n<li>La m\u00e9thode la plus s\u00fbre consiste \u00e0 r\u00e9chauffer le protoplaste dans de l&rsquo;eau, en v\u00e9rifiant \u00e0 l&rsquo;aide d&rsquo;un thermom\u00e8tre.<\/li>\n<li>Vous pouvez voir les granul\u00e9s se ramollir en devenant transparents.<\/li>\n<li>Lorsqu&rsquo;ils sont compl\u00e8tement transparents, le protoplaste est suffisamment mou pour \u00eatre sorti de l&rsquo;eau.<\/li>\n<li>Pour ce faire, utilisez une pince ou une cuill\u00e8re, puis malaxez d\u00e9licatement l&rsquo;exc\u00e9dent d&rsquo;eau du plastique de la flamme avec vos mains. Le produit est pr\u00eat \u00e0 l&#8217;emploi. <\/li>\n<\/ul>\n<p>&nbsp;<\/p>\n<p>&nbsp;<\/p>\n","protected":false},"featured_media":7056,"comment_status":"closed","ping_status":"closed","template":"","meta":{"_acf_changed":false,"_seopress_robots_primary_cat":"none","_seopress_titles_title":"","_seopress_titles_desc":"","_seopress_robots_index":""},"more":[],"product_brand":[9626],"product_cat":[7504,7396],"product_tag":[6386,6404,6405,6376,6372,6642,6389,7400,10659,6706,10661,6743,7037,6374,11232,10657,10658,6381,9774,6426,7398,6416,11234,7428,6567,9776,10082,6652,10992,10663,6428,8053,8678,11235,10656,6751,11236,7426,11233,6408],"class_list":{"0":"post-13057","1":"product","2":"type-product","3":"status-publish","4":"has-post-thumbnail","6":"product_brand-hh","7":"product_cat-argile","8":"product_cat-outils-pour-anneaux","9":"product_tag-aida","10":"product_tag-argile-argentee","11":"product_tag-artclay","12":"product_tag-artclaysilver","13":"product_tag-bijoux","14":"product_tag-bijoux-2","15":"product_tag-boutique-en-ligne","16":"product_tag-cabochons","17":"product_tag-chaud","18":"product_tag-commerce-de-gros","19":"product_tag-degres","20":"product_tag-distributeur","21":"product_tag-durable","22":"product_tag-faire","23":"product_tag-fixer-2","24":"product_tag-fondre","25":"product_tag-grains","26":"product_tag-japon","27":"product_tag-leau","28":"product_tag-malleable","29":"product_tag-mettre","30":"product_tag-modelisation","31":"product_tag-moulable","32":"product_tag-naturel","33":"product_tag-offrir","34":"product_tag-offrir-3","35":"product_tag-orfevre-3","36":"product_tag-orfevres","37":"product_tag-parametres","38":"product_tag-petrissage","39":"product_tag-pierre","40":"product_tag-pierre-3","41":"product_tag-plastique-2","42":"product_tag-plastique-moulable","43":"product_tag-protoplaste","44":"product_tag-reduction","45":"product_tag-reformable","46":"product_tag-reglage","47":"product_tag-reutilisable","48":"product_tag-vous","49":"product_shipping_class-standard","51":"first","52":"instock","53":"taxable","54":"shipping-taxable","55":"purchasable","56":"product-type-simple"},"acf":[],"_links":{"self":[{"href":"https:\/\/esquell.eu\/fr\/wp-json\/wp\/v2\/product\/13057","targetHints":{"allow":["GET"]}}],"collection":[{"href":"https:\/\/esquell.eu\/fr\/wp-json\/wp\/v2\/product"}],"about":[{"href":"https:\/\/esquell.eu\/fr\/wp-json\/wp\/v2\/types\/product"}],"replies":[{"embeddable":true,"href":"https:\/\/esquell.eu\/fr\/wp-json\/wp\/v2\/comments?post=13057"}],"wp:featuredmedia":[{"embeddable":true,"href":"https:\/\/esquell.eu\/fr\/wp-json\/wp\/v2\/media\/7056"}],"wp:attachment":[{"href":"https:\/\/esquell.eu\/fr\/wp-json\/wp\/v2\/media?parent=13057"}],"wp:term":[{"taxonomy":"more","embeddable":true,"href":"https:\/\/esquell.eu\/fr\/wp-json\/wp\/v2\/more?post=13057"},{"taxonomy":"product_brand","embeddable":true,"href":"https:\/\/esquell.eu\/fr\/wp-json\/wp\/v2\/product_brand?post=13057"},{"taxonomy":"product_cat","embeddable":true,"href":"https:\/\/esquell.eu\/fr\/wp-json\/wp\/v2\/product_cat?post=13057"},{"taxonomy":"product_tag","embeddable":true,"href":"https:\/\/esquell.eu\/fr\/wp-json\/wp\/v2\/product_tag?post=13057"}],"curies":[{"name":"wp","href":"https:\/\/api.w.org\/{rel}","templated":true}]}}