{"id":13052,"date":"2025-04-03T09:11:26","date_gmt":"2025-04-03T09:11:26","guid":{"rendered":"https:\/\/esquell.eu\/product\/balances-de-precision\/"},"modified":"2025-11-09T08:50:17","modified_gmt":"2025-11-09T08:50:17","slug":"balances-de-precision","status":"publish","type":"product","link":"https:\/\/esquell.eu\/fr\/produit\/balances-de-precision\/","title":{"rendered":"Balances de pr\u00e9cision"},"content":{"rendered":"<p>Jusqu&rsquo;\u00e0 100 grammes Pr\u00e9cision de 0,01 gramme<\/p>\n<p>Balance de pr\u00e9cision \/ Balance pour bijoux<\/p>\n","protected":false},"excerpt":{"rendered":"<p>Jusqu&rsquo;\u00e0 100 grammes Pr\u00e9cision de 0,01 gramme<\/p>\n<p>Balance de pr\u00e9cision \/ Balance pour bijoux<\/p>\n","protected":false},"featured_media":7730,"comment_status":"closed","ping_status":"closed","template":"","meta":{"_acf_changed":false,"_seopress_robots_primary_cat":"none","_seopress_titles_title":"","_seopress_titles_desc":"","_seopress_robots_index":""},"more":[],"product_brand":[6398],"product_cat":[6364,10641],"product_tag":[6372,6642,10642,21590,6369,6634,7215,10644,7506,8301],"class_list":{"0":"post-13052","1":"product","2":"type-product","3":"status-publish","4":"has-post-thumbnail","6":"product_brand-l1","7":"product_cat-materiel-supplementaire","8":"product_cat-mesure","9":"product_tag-bijoux","10":"product_tag-bijoux-2","11":"product_tag-echelle","12":"product_tag-echelle-3","13":"product_tag-largent","14":"product_tag-largent-3","15":"product_tag-lor-2","16":"product_tag-les-routes","17":"product_tag-pour","18":"product_tag-precision","19":"product_shipping_class-standard","21":"first","22":"instock","23":"taxable","24":"shipping-taxable","25":"purchasable","26":"product-type-simple"},"acf":[],"_links":{"self":[{"href":"https:\/\/esquell.eu\/fr\/wp-json\/wp\/v2\/product\/13052","targetHints":{"allow":["GET"]}}],"collection":[{"href":"https:\/\/esquell.eu\/fr\/wp-json\/wp\/v2\/product"}],"about":[{"href":"https:\/\/esquell.eu\/fr\/wp-json\/wp\/v2\/types\/product"}],"replies":[{"embeddable":true,"href":"https:\/\/esquell.eu\/fr\/wp-json\/wp\/v2\/comments?post=13052"}],"wp:featuredmedia":[{"embeddable":true,"href":"https:\/\/esquell.eu\/fr\/wp-json\/wp\/v2\/media\/7730"}],"wp:attachment":[{"href":"https:\/\/esquell.eu\/fr\/wp-json\/wp\/v2\/media?parent=13052"}],"wp:term":[{"taxonomy":"more","embeddable":true,"href":"https:\/\/esquell.eu\/fr\/wp-json\/wp\/v2\/more?post=13052"},{"taxonomy":"product_brand","embeddable":true,"href":"https:\/\/esquell.eu\/fr\/wp-json\/wp\/v2\/product_brand?post=13052"},{"taxonomy":"product_cat","embeddable":true,"href":"https:\/\/esquell.eu\/fr\/wp-json\/wp\/v2\/product_cat?post=13052"},{"taxonomy":"product_tag","embeddable":true,"href":"https:\/\/esquell.eu\/fr\/wp-json\/wp\/v2\/product_tag?post=13052"}],"curies":[{"name":"wp","href":"https:\/\/api.w.org\/{rel}","templated":true}]}}