{"id":13044,"date":"2025-04-03T09:12:37","date_gmt":"2025-04-03T09:12:37","guid":{"rendered":"https:\/\/esquell.eu\/product\/denamel-poudre-pour-enlever-lemail\/"},"modified":"2025-11-09T08:50:42","modified_gmt":"2025-11-09T08:50:42","slug":"denamel-poudre-pour-enlever-lemail","status":"publish","type":"product","link":"https:\/\/esquell.eu\/fr\/produit\/denamel-poudre-pour-enlever-lemail\/","title":{"rendered":"D\u00e9namel. Poudre pour enlever l&rsquo;\u00e9mail"},"content":{"rendered":"<p>Cette poudre \u00e9limine efficacement l&rsquo;\u00e9mail de vos objets m\u00e9talliques cuits au four. M\u00e9langez une petite quantit\u00e9 d&rsquo;eau avec une cuiller\u00e9e de DeNamel\u2122 jusqu&rsquo;\u00e0 obtenir la consistance de l&rsquo;\u00e9mail d&rsquo;un g\u00e2teau et \u00e9talez-la sur l&rsquo;\u00e9mail. Si la pi\u00e8ce est \u00e9galement \u00e9maill\u00e9e au dos, traitez chaque c\u00f4t\u00e9 s\u00e9par\u00e9ment, retirez l&rsquo;\u00e9mail d&rsquo;un c\u00f4t\u00e9 et r\u00e9p\u00e9tez la proc\u00e9dure sur l&rsquo;autre c\u00f4t\u00e9. Lorsqu&rsquo;il est chauff\u00e9 au four et tremp\u00e9 dans l&rsquo;eau, l&rsquo;\u00e9mail se d\u00e9tache du m\u00e9tal avec un \u00ab\u00a0pop\u00a0\u00bb audible. Il est indispensable de se prot\u00e9ger les yeux pendant cette op\u00e9ration, car des morceaux d&rsquo;\u00e9mail s&rsquo;envolent pendant que vous travaillez. Cette formule est 100 % non toxique.    <\/p>\n<p>Contenu environ 200 grammes<\/p>\n<p>Voir la vid\u00e9o pour les instructions<\/p>\n","protected":false},"excerpt":{"rendered":"<p>Cette poudre \u00e9limine efficacement l&rsquo;\u00e9mail de vos objets m\u00e9talliques cuits au four. M\u00e9langez une petite quantit\u00e9 d&rsquo;eau avec une cuiller\u00e9e de DeNamel\u2122 jusqu&rsquo;\u00e0 obtenir la consistance de l&rsquo;\u00e9mail d&rsquo;un g\u00e2teau et \u00e9talez-la sur l&rsquo;\u00e9mail. Si la pi\u00e8ce est \u00e9galement \u00e9maill\u00e9e au dos, traitez chaque c\u00f4t\u00e9 s\u00e9par\u00e9ment, retirez l&rsquo;\u00e9mail d&rsquo;un c\u00f4t\u00e9 et r\u00e9p\u00e9tez la proc\u00e9dure sur l&rsquo;autre c\u00f4t\u00e9. Lorsqu&rsquo;il est chauff\u00e9 au four et tremp\u00e9 dans l&rsquo;eau, l&rsquo;\u00e9mail se d\u00e9tache du m\u00e9tal avec un \u00ab\u00a0pop\u00a0\u00bb audible. Il est indispensable de se prot\u00e9ger les yeux pendant cette op\u00e9ration, car des morceaux d&rsquo;\u00e9mail s&rsquo;envolent pendant que vous travaillez. Cette formule est 100 % non toxique.    <\/p>\n<p>Contenu environ 200 grammes<\/p>\n<p>Voir la vid\u00e9o pour les instructions<\/p>\n","protected":false},"featured_media":7184,"comment_status":"closed","ping_status":"closed","template":"","meta":{"_acf_changed":false,"_seopress_robots_primary_cat":"none","_seopress_titles_title":"","_seopress_titles_desc":"","_seopress_robots_index":""},"more":[],"product_brand":[6736,10590],"product_cat":[6705],"product_tag":[10601,10609,6423,10595,10597,8867,7229,10591,10593,10607,10605,10599,9741,10603,10146],"class_list":{"0":"post-13044","1":"product","2":"type-product","3":"status-publish","4":"has-post-thumbnail","6":"product_brand-des-outils-sympas","7":"product_brand-pameast","8":"product_cat-outils-et-fournitures-pour-lemaillage","9":"product_tag-a-lest","10":"product_tag-couche-demail","11":"product_tag-de","12":"product_tag-demenageur","13":"product_tag-denamel","14":"product_tag-email-2","15":"product_tag-email","16":"product_tag-emaillage-2","17":"product_tag-emal-2","18":"product_tag-four-a-email","19":"product_tag-four-demaillage","20":"product_tag-pam","21":"product_tag-poudre-demail-2","22":"product_tag-supprimer-2","23":"product_tag-supprimer","24":"product_shipping_class-standard","26":"first","27":"instock","28":"taxable","29":"shipping-taxable","30":"purchasable","31":"product-type-simple"},"acf":[],"_links":{"self":[{"href":"https:\/\/esquell.eu\/fr\/wp-json\/wp\/v2\/product\/13044","targetHints":{"allow":["GET"]}}],"collection":[{"href":"https:\/\/esquell.eu\/fr\/wp-json\/wp\/v2\/product"}],"about":[{"href":"https:\/\/esquell.eu\/fr\/wp-json\/wp\/v2\/types\/product"}],"replies":[{"embeddable":true,"href":"https:\/\/esquell.eu\/fr\/wp-json\/wp\/v2\/comments?post=13044"}],"wp:featuredmedia":[{"embeddable":true,"href":"https:\/\/esquell.eu\/fr\/wp-json\/wp\/v2\/media\/7184"}],"wp:attachment":[{"href":"https:\/\/esquell.eu\/fr\/wp-json\/wp\/v2\/media?parent=13044"}],"wp:term":[{"taxonomy":"more","embeddable":true,"href":"https:\/\/esquell.eu\/fr\/wp-json\/wp\/v2\/more?post=13044"},{"taxonomy":"product_brand","embeddable":true,"href":"https:\/\/esquell.eu\/fr\/wp-json\/wp\/v2\/product_brand?post=13044"},{"taxonomy":"product_cat","embeddable":true,"href":"https:\/\/esquell.eu\/fr\/wp-json\/wp\/v2\/product_cat?post=13044"},{"taxonomy":"product_tag","embeddable":true,"href":"https:\/\/esquell.eu\/fr\/wp-json\/wp\/v2\/product_tag?post=13044"}],"curies":[{"name":"wp","href":"https:\/\/api.w.org\/{rel}","templated":true}]}}